{"id":28218,"date":"2025-07-16T11:36:40","date_gmt":"2025-07-16T11:36:40","guid":{"rendered":"https:\/\/www.imsi.bg.ac.rs\/researchers\/nenad-nikolic\/"},"modified":"2026-02-20T20:44:31","modified_gmt":"2026-02-20T20:44:31","slug":"nenad-nikolic","status":"publish","type":"page","link":"https:\/\/www.imsi.bg.ac.rs\/en\/researchers\/nenad-nikolic\/","title":{"rendered":"Nenad Nikoli\u0107"},"content":{"rendered":"\t\t<div data-elementor-type=\"wp-page\" data-elementor-id=\"28218\" class=\"elementor elementor-28218 elementor-8054\">\n\t\t\t\t<div class=\"elementor-element elementor-element-76d59517 e-flex e-con-boxed e-con e-parent\" data-id=\"76d59517\" data-element_type=\"container\" data-e-type=\"container\" data-settings=\"{&quot;background_background&quot;:&quot;classic&quot;}\">\n\t\t\t\t\t<div class=\"e-con-inner\">\n\t\t<div class=\"elementor-element elementor-element-683bca3d e-con-full e-flex e-con e-child\" data-id=\"683bca3d\" data-element_type=\"container\" data-e-type=\"container\" data-settings=\"{&quot;background_background&quot;:&quot;classic&quot;}\">\n\t\t\t\t<\/div>\n\t\t<div class=\"elementor-element elementor-element-40be09ad e-con-full e-flex e-con e-child\" data-id=\"40be09ad\" data-element_type=\"container\" data-e-type=\"container\">\n\t\t\t\t<div class=\"elementor-element elementor-element-29a33543 elementor-widget elementor-widget-heading\" data-id=\"29a33543\" data-element_type=\"widget\" data-e-type=\"widget\" data-widget_type=\"heading.default\">\n\t\t\t\t<div class=\"elementor-widget-container\">\n\t\t\t\t\t<h4 class=\"elementor-heading-title elementor-size-default\">Principal Technical Associate<\/h4>\t\t\t\t<\/div>\n\t\t\t\t<\/div>\n\t\t\t\t<div class=\"elementor-element elementor-element-4c95bdde elementor-widget elementor-widget-heading\" data-id=\"4c95bdde\" data-element_type=\"widget\" data-e-type=\"widget\" data-widget_type=\"heading.default\">\n\t\t\t\t<div class=\"elementor-widget-container\">\n\t\t\t\t\t<h1 class=\"elementor-heading-title elementor-size-default\">Nenad Nikoli\u0107<\/h1>\t\t\t\t<\/div>\n\t\t\t\t<\/div>\n\t\t\t\t<div class=\"elementor-element elementor-element-36ca8bc4 elementor-widget elementor-widget-heading\" data-id=\"36ca8bc4\" data-element_type=\"widget\" data-e-type=\"widget\" data-widget_type=\"heading.default\">\n\t\t\t\t<div class=\"elementor-widget-container\">\n\t\t\t\t\t<h5 class=\"elementor-heading-title elementor-size-default\">Bachelor with Honours in Geology  <\/h5>\t\t\t\t<\/div>\n\t\t\t\t<\/div>\n\t\t\t\t<div class=\"elementor-element elementor-element-4b4676e0 elementor-widget elementor-widget-heading\" data-id=\"4b4676e0\" data-element_type=\"widget\" data-e-type=\"widget\" data-widget_type=\"heading.default\">\n\t\t\t\t<div class=\"elementor-widget-container\">\n\t\t\t\t\t<h4 class=\"elementor-heading-title elementor-size-default\"><a href=\"https:\/\/www.imsi.bg.ac.rs\/en\/departments\/department-of-materials-science\/\">Department of Materials Science<\/a><\/h4>\t\t\t\t<\/div>\n\t\t\t\t<\/div>\n\t\t\t\t<div class=\"elementor-element elementor-element-26107e92 elementor-widget elementor-widget-heading\" data-id=\"26107e92\" data-element_type=\"widget\" data-e-type=\"widget\" data-widget_type=\"heading.default\">\n\t\t\t\t<div class=\"elementor-widget-container\">\n\t\t\t\t\t<h4 class=\"elementor-heading-title elementor-size-default\"><a href=\"https:\/\/www.imsi.bg.ac.rs\/en\/departments\/center-for-green-technologies\/\">Center for Green Technologies<\/a><\/h4>\t\t\t\t<\/div>\n\t\t\t\t<\/div>\n\t\t\t\t<\/div>\n\t\t\t\t\t<\/div>\n\t\t\t\t<\/div>\n\t\t<div class=\"elementor-element elementor-element-b6d4c65 e-flex e-con-boxed e-con e-parent\" data-id=\"b6d4c65\" data-element_type=\"container\" data-e-type=\"container\" data-settings=\"{&quot;background_background&quot;:&quot;classic&quot;}\">\n\t\t\t\t\t<div class=\"e-con-inner\">\n\t\t<div class=\"elementor-element elementor-element-742950f e-con-full e-flex e-con e-child\" data-id=\"742950f\" data-element_type=\"container\" data-e-type=\"container\">\n\t\t<div class=\"elementor-element elementor-element-5a1cab3 e-con-full e-flex e-con e-child\" data-id=\"5a1cab3\" data-element_type=\"container\" data-e-type=\"container\" data-settings=\"{&quot;background_background&quot;:&quot;classic&quot;}\">\n\t\t\t\t<div class=\"elementor-element elementor-element-afa9cba elementor-widget elementor-widget-heading\" data-id=\"afa9cba\" data-element_type=\"widget\" data-e-type=\"widget\" data-widget_type=\"heading.default\">\n\t\t\t\t<div class=\"elementor-widget-container\">\n\t\t\t\t\t<h4 class=\"elementor-heading-title elementor-size-default\">Contact:<\/h4>\t\t\t\t<\/div>\n\t\t\t\t<\/div>\n\t\t\t\t<div class=\"elementor-element elementor-element-cc615ed elementor-widget elementor-widget-text-editor\" data-id=\"cc615ed\" data-element_type=\"widget\" data-e-type=\"widget\" data-widget_type=\"text-editor.default\">\n\t\t\t\t<div class=\"elementor-widget-container\">\n\t\t\t\t\t\t\t\t\t<p>Address:<\/p>\t\t\t\t\t\t\t\t<\/div>\n\t\t\t\t<\/div>\n\t\t\t\t<div class=\"elementor-element elementor-element-cecc69 elementor-widget elementor-widget-text-editor\" data-id=\"cecc69\" data-element_type=\"widget\" data-e-type=\"widget\" data-widget_type=\"text-editor.default\">\n\t\t\t\t<div class=\"elementor-widget-container\">\n\t\t\t\t\t\t\t\t\t<p><a href=\"https:\/\/maps.app.goo.gl\/jysXtPdMhrFQWBRV8\" target=\"_blank\" rel=\"noopener\">Volgina 15, 11000 Belgrade, Serbia<\/a><\/p>\t\t\t\t\t\t\t\t<\/div>\n\t\t\t\t<\/div>\n\t\t\t\t<div class=\"elementor-element elementor-element-ac3ab21 elementor-widget elementor-widget-text-editor\" data-id=\"ac3ab21\" data-element_type=\"widget\" data-e-type=\"widget\" data-widget_type=\"text-editor.default\">\n\t\t\t\t<div class=\"elementor-widget-container\">\n\t\t\t\t\t\t\t\t\t<p>Telephone:<\/p>\t\t\t\t\t\t\t\t<\/div>\n\t\t\t\t<\/div>\n\t\t\t\t<div class=\"elementor-element elementor-element-36ad9208 elementor-widget elementor-widget-text-editor\" data-id=\"36ad9208\" data-element_type=\"widget\" data-e-type=\"widget\" data-widget_type=\"text-editor.default\">\n\t\t\t\t<div class=\"elementor-widget-container\">\n\t\t\t\t\t\t\t\t\t<p><a href=\"tel:(+381)%2011%202085%20032\">(+381) 11 2085 032<\/a><\/p>\t\t\t\t\t\t\t\t<\/div>\n\t\t\t\t<\/div>\n\t\t\t\t<div class=\"elementor-element elementor-element-66f2f2f elementor-widget elementor-widget-text-editor\" data-id=\"66f2f2f\" data-element_type=\"widget\" data-e-type=\"widget\" data-widget_type=\"text-editor.default\">\n\t\t\t\t<div class=\"elementor-widget-container\">\n\t\t\t\t\t\t\t\t\t<p>E-Mail:<\/p>\t\t\t\t\t\t\t\t<\/div>\n\t\t\t\t<\/div>\n\t\t\t\t<div class=\"elementor-element elementor-element-cf9255e elementor-widget elementor-widget-text-editor\" data-id=\"cf9255e\" data-element_type=\"widget\" data-e-type=\"widget\" data-widget_type=\"text-editor.default\">\n\t\t\t\t<div class=\"elementor-widget-container\">\n\t\t\t\t\t\t\t\t\t<p><a href=\"mailto:nnikolic@imsi.bg.ac.rs\">nnikolic@imsi.bg.ac.rs<\/a><\/p>\t\t\t\t\t\t\t\t<\/div>\n\t\t\t\t<\/div>\n\t\t\t\t<\/div>\n\t\t\t\t<\/div>\n\t\t<div class=\"elementor-element elementor-element-56676b2 e-con-full e-flex e-con e-child\" data-id=\"56676b2\" data-element_type=\"container\" data-e-type=\"container\">\n\t\t<div class=\"elementor-element elementor-element-c666890 e-con-full e-flex e-con e-child\" data-id=\"c666890\" data-element_type=\"container\" data-e-type=\"container\" data-settings=\"{&quot;background_background&quot;:&quot;classic&quot;}\">\n\t\t\t\t<div class=\"elementor-element elementor-element-22e441b elementor-widget elementor-widget-heading\" data-id=\"22e441b\" data-element_type=\"widget\" data-e-type=\"widget\" data-widget_type=\"heading.default\">\n\t\t\t\t<div class=\"elementor-widget-container\">\n\t\t\t\t\t<h4 class=\"elementor-heading-title elementor-size-default\">Links:<\/h4>\t\t\t\t<\/div>\n\t\t\t\t<\/div>\n\t\t\t\t<div class=\"elementor-element elementor-element-6183532f elementor-widget elementor-widget-text-editor\" data-id=\"6183532f\" data-element_type=\"widget\" data-e-type=\"widget\" data-widget_type=\"text-editor.default\">\n\t\t\t\t<div class=\"elementor-widget-container\">\n\t\t\t\t\t\t\t\t\t<p>ORCID ID: <a href=\"https:\/\/orcid.org\/0000-0002-5730-7391\" target=\"_blank\" rel=\"noopener\">0000-0002-5730-7391<\/a><\/p>\t\t\t\t\t\t\t\t<\/div>\n\t\t\t\t<\/div>\n\t\t\t\t<\/div>\n\t\t\t\t<\/div>\n\t\t<div class=\"elementor-element elementor-element-368a4de e-con-full elementor-hidden-tablet elementor-hidden-mobile e-flex e-con e-child\" data-id=\"368a4de\" data-element_type=\"container\" data-e-type=\"container\">\n\t\t\t\t<\/div>\n\t\t\t\t\t<\/div>\n\t\t\t\t<\/div>\n\t\t<div class=\"elementor-element elementor-element-4a2d8811 e-flex e-con-boxed e-con e-parent\" data-id=\"4a2d8811\" data-element_type=\"container\" data-e-type=\"container\">\n\t\t\t\t\t<div class=\"e-con-inner\">\n\t\t\t\t<div class=\"elementor-element elementor-element-12b1c10e elementor-widget elementor-widget-heading\" data-id=\"12b1c10e\" data-element_type=\"widget\" data-e-type=\"widget\" data-widget_type=\"heading.default\">\n\t\t\t\t<div class=\"elementor-widget-container\">\n\t\t\t\t\t<h3 class=\"elementor-heading-title elementor-size-default\">Skills<\/h3>\t\t\t\t<\/div>\n\t\t\t\t<\/div>\n\t\t\t\t<div class=\"elementor-element elementor-element-735aabb9 elementor-widget elementor-widget-text-editor\" data-id=\"735aabb9\" data-element_type=\"widget\" data-e-type=\"widget\" data-widget_type=\"text-editor.default\">\n\t\t\t\t<div class=\"elementor-widget-container\">\n\t\t\t\t\t\t\t\t\t<ul><li>Electron microanalysis (electron microprobe\/SEM-EDS),<br><\/li><li>X-ray powder diffraction,<\/li><li>instrumental chemical analysis (ICP-MS, ICP-OES),<\/li><li>infrared specrometry (FT-IR),<\/li><li>X-ray fluorescence analysis (XRF),<\/li><li>crystal structure refinement from powder diffraction data<\/li><\/ul>\t\t\t\t\t\t\t\t<\/div>\n\t\t\t\t<\/div>\n\t\t\t\t\t<\/div>\n\t\t\t\t<\/div>\n\t\t<div class=\"elementor-element elementor-element-78289714 e-flex e-con-boxed e-con e-parent\" data-id=\"78289714\" data-element_type=\"container\" data-e-type=\"container\">\n\t\t\t\t\t<div class=\"e-con-inner\">\n\t\t<div class=\"elementor-element elementor-element-e3146f7 e-con-full e-flex e-con e-child\" data-id=\"e3146f7\" data-element_type=\"container\" data-e-type=\"container\">\n\t\t\t\t<div class=\"elementor-element elementor-element-955629b e-n-tabs-mobile elementor-widget elementor-widget-n-tabs\" data-id=\"955629b\" data-element_type=\"widget\" data-e-type=\"widget\" data-settings=\"{&quot;tabs_justify_horizontal&quot;:&quot;start&quot;,&quot;horizontal_scroll&quot;:&quot;disable&quot;}\" data-widget_type=\"nested-tabs.default\">\n\t\t\t\t<div class=\"elementor-widget-container\">\n\t\t\t\t\t\t\t<div class=\"e-n-tabs\" data-widget-number=\"156590747\" aria-label=\"Tabs. Open items with Enter or Space, close with Escape and navigate using the Arrow keys.\">\n\t\t\t<div class=\"e-n-tabs-heading\" role=\"tablist\">\n\t\t\t\t\t<button id=\"e-n-tab-title-1565907471\" data-tab-title-id=\"e-n-tab-title-1565907471\" class=\"e-n-tab-title\" aria-selected=\"true\" data-tab-index=\"1\" role=\"tab\" tabindex=\"0\" aria-controls=\"e-n-tab-content-1565907471\" style=\"--n-tabs-title-order: 1;\">\n\t\t\t\t\t\t<span class=\"e-n-tab-title-text\">\n\t\t\t\tBiography\t\t\t<\/span>\n\t\t<\/button>\n\t\t\t\t<button id=\"e-n-tab-title-1565907472\" data-tab-title-id=\"e-n-tab-title-1565907472\" class=\"e-n-tab-title\" aria-selected=\"false\" data-tab-index=\"2\" role=\"tab\" tabindex=\"-1\" aria-controls=\"e-n-tab-content-1565907472\" style=\"--n-tabs-title-order: 2;\">\n\t\t\t\t\t\t<span class=\"e-n-tab-title-text\">\n\t\t\t\tProjects\t\t\t<\/span>\n\t\t<\/button>\n\t\t\t\t<button id=\"e-n-tab-title-1565907473\" data-tab-title-id=\"e-n-tab-title-1565907473\" class=\"e-n-tab-title\" aria-selected=\"false\" data-tab-index=\"3\" role=\"tab\" tabindex=\"-1\" aria-controls=\"e-n-tab-content-1565907473\" style=\"--n-tabs-title-order: 3;\">\n\t\t\t\t\t\t<span class=\"e-n-tab-title-text\">\n\t\t\t\tSelected publications\t\t\t<\/span>\n\t\t<\/button>\n\t\t\t\t\t<\/div>\n\t\t\t<div class=\"e-n-tabs-content\">\n\t\t\t\t<div id=\"e-n-tab-content-1565907471\" role=\"tabpanel\" aria-labelledby=\"e-n-tab-title-1565907471\" data-tab-index=\"1\" style=\"--n-tabs-title-order: 1;\" class=\"e-active elementor-element elementor-element-c66c456 e-con-full e-flex e-con e-child\" data-id=\"c66c456\" data-element_type=\"container\" data-e-type=\"container\">\n\t\t<div class=\"elementor-element elementor-element-dc104b1 e-flex e-con-boxed e-con e-child\" data-id=\"dc104b1\" data-element_type=\"container\" data-e-type=\"container\">\n\t\t\t\t\t<div class=\"e-con-inner\">\n\t\t\t\t<div class=\"elementor-element elementor-element-954be11 elementor-widget elementor-widget-heading\" data-id=\"954be11\" data-element_type=\"widget\" data-e-type=\"widget\" data-widget_type=\"heading.default\">\n\t\t\t\t<div class=\"elementor-widget-container\">\n\t\t\t\t\t<h6 class=\"elementor-heading-title elementor-size-default\">Work experience:<\/h6>\t\t\t\t<\/div>\n\t\t\t\t<\/div>\n\t\t\t\t<div class=\"elementor-element elementor-element-0f74bc8 elementor-widget elementor-widget-text-editor\" data-id=\"0f74bc8\" data-element_type=\"widget\" data-e-type=\"widget\" data-widget_type=\"text-editor.default\">\n\t\t\t\t<div class=\"elementor-widget-container\">\n\t\t\t\t\t\t\t\t\t<ul>\n  <li>2016-present Senior Technical Associate, Institute for Multidisciplinary Research, University of Belgrade, Kneza Viseslava 1, Belgrade, Republic of Serbia<\/li>\n  <li>2010-2016 Research Assistant, Institute for Multidisciplinary Research, University of Belgrade, Kneza Viseslava 1, Belgrade, Republic of Serbia<\/li>\n  <li>2010-2010 Research Trainee, Institute for Multidisciplinary Research, University of Belgrade, Kneza Viseslava 1, Belgrade, Republic of Serbia<\/li>\n  <li>2003-2004 Project Geologist, \u043cineral exploration, Geozavod\u2013IMS, Karadjordjeva 48, Belgrade, Serbia and Montenegro<\/li>\n<\/ul>\n\t\t\t\t\t\t\t\t<\/div>\n\t\t\t\t<\/div>\n\t\t\t\t<div class=\"elementor-element elementor-element-ef98b4e elementor-widget elementor-widget-heading\" data-id=\"ef98b4e\" data-element_type=\"widget\" data-e-type=\"widget\" data-widget_type=\"heading.default\">\n\t\t\t\t<div class=\"elementor-widget-container\">\n\t\t\t\t\t<h6 class=\"elementor-heading-title elementor-size-default\">Education:\n\n<\/h6>\t\t\t\t<\/div>\n\t\t\t\t<\/div>\n\t\t\t\t<div class=\"elementor-element elementor-element-d2b2726 elementor-widget elementor-widget-text-editor\" data-id=\"d2b2726\" data-element_type=\"widget\" data-e-type=\"widget\" data-widget_type=\"text-editor.default\">\n\t\t\t\t<div class=\"elementor-widget-container\">\n\t\t\t\t\t\t\t\t\t<ul>\n  <li>2004- PhD study in Geology (Geochemistry and Mantle Petrology), The ARC National Key Centre for Geochemical Evolution and Metallogeny of Continents (GEMOC), Department of Earth and Planetary Sciences, Macquarie University, Sydney, Australia<\/li>\n  <li>1996-2003 Bachelor with Honours in Geology, Major in Mineralogy and Crystallography, Department of Mineralogy, Crystallography, Petrology and Geochemistry, Faculty of Mining and Geology, University of Belgrade<\/li>\n  <li>1991-1995 Secondary school of electrical engineering \u201cNikola Tesla\u201d, Belgrade, electronics technician<\/li>\n<\/ul>\n\t\t\t\t\t\t\t\t<\/div>\n\t\t\t\t<\/div>\n\t\t\t\t<div class=\"elementor-element elementor-element-dfac73c elementor-widget elementor-widget-heading\" data-id=\"dfac73c\" data-element_type=\"widget\" data-e-type=\"widget\" data-widget_type=\"heading.default\">\n\t\t\t\t<div class=\"elementor-widget-container\">\n\t\t\t\t\t<h6 class=\"elementor-heading-title elementor-size-default\">Other professional activities:<\/h6>\t\t\t\t<\/div>\n\t\t\t\t<\/div>\n\t\t\t\t<div class=\"elementor-element elementor-element-841780f elementor-widget elementor-widget-heading\" data-id=\"841780f\" data-element_type=\"widget\" data-e-type=\"widget\" data-widget_type=\"heading.default\">\n\t\t\t\t<div class=\"elementor-widget-container\">\n\t\t\t\t\t<h6 class=\"elementor-heading-title elementor-size-default\">Memberships:<\/h6>\t\t\t\t<\/div>\n\t\t\t\t<\/div>\n\t\t\t\t<div class=\"elementor-element elementor-element-74e0851 elementor-widget elementor-widget-text-editor\" data-id=\"74e0851\" data-element_type=\"widget\" data-e-type=\"widget\" data-widget_type=\"text-editor.default\">\n\t\t\t\t<div class=\"elementor-widget-container\">\n\t\t\t\t\t\t\t\t\t<ul>\n \t<li>Serbian Geological Society<\/li>\n<li>Serbian Crystallographic Society<\/li>\n<\/ul>\t\t\t\t\t\t\t\t<\/div>\n\t\t\t\t<\/div>\n\t\t\t\t\t<\/div>\n\t\t\t\t<\/div>\n\t\t\t\t<\/div>\n\t\t<div id=\"e-n-tab-content-1565907472\" role=\"tabpanel\" aria-labelledby=\"e-n-tab-title-1565907472\" data-tab-index=\"2\" style=\"--n-tabs-title-order: 2;\" class=\" elementor-element elementor-element-2d6f71b e-con-full e-flex e-con e-child\" data-id=\"2d6f71b\" data-element_type=\"container\" data-e-type=\"container\">\n\t\t<div class=\"elementor-element elementor-element-33d70ed e-flex e-con-boxed e-con e-child\" data-id=\"33d70ed\" data-element_type=\"container\" data-e-type=\"container\">\n\t\t\t\t\t<div class=\"e-con-inner\">\n\t\t\t\t<div class=\"elementor-element elementor-element-414a84b elementor-widget elementor-widget-heading\" data-id=\"414a84b\" data-element_type=\"widget\" data-e-type=\"widget\" data-widget_type=\"heading.default\">\n\t\t\t\t<div class=\"elementor-widget-container\">\n\t\t\t\t\t<h6 class=\"elementor-heading-title elementor-size-default\">Past:\n\n<\/h6>\t\t\t\t<\/div>\n\t\t\t\t<\/div>\n\t\t\t\t<div class=\"elementor-element elementor-element-0535cce elementor-widget elementor-widget-text-editor\" data-id=\"0535cce\" data-element_type=\"widget\" data-e-type=\"widget\" data-widget_type=\"text-editor.default\">\n\t\t\t\t<div class=\"elementor-widget-container\">\n\t\t\t\t\t\t\t\t\t<ul>\n  <li>2011-2019 \u201cLithium-ion batteries and fuel cells \u2013 research and development\u201d, Project No.: III45014, financed by the Ministry of Education, Science and Technological Development of the Republic of Serbia<\/li>\n  <li>2011-2019 \u201cZero- to three-dimensional nanostructures for application in electronics and renewable energy sources: synthesis, characterization and processing\u201d, Project No.: III45007, financed by the Ministry of Education, Science and Technological Development of the Republic of Serbia<\/li>\n  <li>2010-2011 \u201cThe study of interdependence in the triad \u201csynthesis-structure-properties\u201d for functional materials\u201d, Project No.: 142011G, financed by the Ministry of Education, Science and Technological Development of the Republic of Serbia<\/li>\n<\/ul>\n\t\t\t\t\t\t\t\t<\/div>\n\t\t\t\t<\/div>\n\t\t\t\t\t<\/div>\n\t\t\t\t<\/div>\n\t\t\t\t<\/div>\n\t\t<div id=\"e-n-tab-content-1565907473\" role=\"tabpanel\" aria-labelledby=\"e-n-tab-title-1565907473\" data-tab-index=\"3\" style=\"--n-tabs-title-order: 3;\" class=\" elementor-element elementor-element-d915833 e-con-full e-flex e-con e-child\" data-id=\"d915833\" data-element_type=\"container\" data-e-type=\"container\">\n\t\t<div class=\"elementor-element elementor-element-2b783be e-flex e-con-boxed e-con e-child\" data-id=\"2b783be\" data-element_type=\"container\" data-e-type=\"container\">\n\t\t\t\t\t<div class=\"e-con-inner\">\n\t\t\t\t<div class=\"elementor-element elementor-element-1734cfc elementor-widget elementor-widget-text-editor\" data-id=\"1734cfc\" data-element_type=\"widget\" data-e-type=\"widget\" data-widget_type=\"text-editor.default\">\n\t\t\t\t<div class=\"elementor-widget-container\">\n\t\t\t\t\t\t\t\t\t<ol>\n  <li>Aleksic S. O., Mitrovic N. S., Lukovic M. D., Lukovic S. G., <strong>Nikoli\u0107 N.<\/strong> T. (2020) Heat loss flowmeter for water based on thick film thermistors in power save regime, in IEEE Sensors Journal, doi: 10.1109\/JSEN.2020.3015023<\/li>\n  <li>Lukovi\u0107 M. D., Lukovi\u0107 S. G., <strong>Nikoli\u0107 N.<\/strong> T., Aleksi\u0107 S. O., Milutinov M., \u017divanov Lj. (2020) New procedure applied in industry: Realization of custom Mn-Zn ferrite cores using new technology, within the Project of Technological Development TR-32016 (Technical solution)<\/li>\n  <li><strong>Nikoli\u0107 N.<\/strong>, Kova\u010d S., Dabi\u0107 P. (2018) The occurence of opaline matter in hydrothermally altered diabase, Debelo brdo, Povlen mountain area, 25th Conference of the Serbian Crystallographic Society, Bajina Ba\u0161ta: 36-37<\/li>\n  <li>\u0106irkovi\u0107 J., Vojisavljevi\u0107 K., <strong>Nikoli\u0107 N.<\/strong>, Vuli\u0107 P., Brankovi\u0107 Z., Sre\u0107kovi\u0107 T., Brankovi\u0107 G. (2015) Dielectric and ferroelectric properties of BST ceramics obtained by hydrothermally assisted complex polymerization method. Ceramics International 41: 11306-11313. (Material Science, Ceramics; 5-Year IF: 2.540)  <\/li>\n  <li>Savi\u0107 S.M., Nikoli\u0107 M.V., Paraskevopoulos K., Zorba T., <strong>Nikoli\u0107 N.<\/strong>, Blagojevi\u0107 V., Aleksi\u0107 O., Brankovi\u0107 G. (2013) Far infrared and microstructural studies of mechanically activated nickel manganite. Ceramics International 39: 1241-1247. (Materials Science, Ceramics 3\/27; IF: 1.789)  <\/li>\n  <li>Aleksi\u0107 O.S., Nikoli\u0107 M.V., Lukovi\u0107 L.M., <strong>Nikoli\u0107 N.<\/strong>, Radojci\u0107 B.M., Radovanovi\u0107 M., \u0110uri\u0107 Z., Mitri\u0107 M.N., Nikoli\u0107 P.M. (2013) Preparation and characterization of Cu and Zn modified nickel manganite NTC powders and thick film thermistors. Materials Science and Engineering B 178 (3): 202-210. (Materials Science, Multidisciplinary; 5-Year IF: 1.862)  <\/li>\n  <li>Nikolic P.M., Paraskevopoulos K.M., Zachariadis G., Valasiadis O., Zorba T.T., Vujatovic S.S., <strong>Nikoli\u0107 N.<\/strong>, Aleksic O.S., Ivetic T., Cvetkovic O., Blagojevic V., Nikolic M.V. (2012) Far infrared study of local impurity modes of Boron doped PbTe. Journal of Materials Science 47: 2384-2389. (Materials Science, Multidisciplinary 58\/241; IF: 2.163)  <\/li>\n  <li>Obradovi\u0107 N., Djordjevi\u0107 N.G., Filipovi\u0107 S.Z., <strong>Nikoli\u0107 N.<\/strong>, Kosanovi\u0107 D., Mitri\u0107 M.N., Markovi\u0107 S., Pavlovi\u0107 V.B. (2012) Influence of mechanochemical activation on the sintering of cordierite ceramics in the presence of Bi2O3 as a functional additive. Powder Technology 218: 157-161. (Engineering, Chemical; 5-Year IF: 2.265)  <\/li>\n  <li>Nikolic P.M., Paraskevopoulos K.M., Pavlidou E., Zorba T.T., Ivetic T., Vujatovic S.S., Aleksic O.S., <strong>Nikoli\u0107 N.<\/strong>, Cvetkovic O., Blagojevic V., Nikolic M.V. (2011) Temperature dependence of In1-x\u00adGaxSb reflectivity in the far infrared. Materials Chemistry and Physics 125: 72-76. (Materials Science, Multidisciplinary 51\/232; IF: 2.234)  <\/li>\n  <li><strong>Nikoli\u0107 N.<\/strong> M.V., Paraskevopoulos K.M., Iveti\u0107 T.B., Zorba T.T., Vujatovi\u0107 S.S., Pavlidou E., Blagojevi\u0107 V.D., Bojici\u0107 A.I., Aleksi\u0107 O.S., Koenig W., Nikoli\u0107 P.M. (2010) Optical properties of PbTe doped with Nd. Journal of Materials Science 45 (21): 5910-5914. (Materials Science, Multidisciplinary; 5-Year IF: 1.723)  <\/li>\n<\/ol>\n\t\t\t\t\t\t\t\t<\/div>\n\t\t\t\t<\/div>\n\t\t\t\t\t<\/div>\n\t\t\t\t<\/div>\n\t\t\t\t<\/div>\n\t\t\t\t\t<\/div>\n\t\t<\/div>\n\t\t\t\t\t\t<\/div>\n\t\t\t\t<\/div>\n\t\t\t\t<\/div>\n\t\t\t\t\t<\/div>\n\t\t\t\t<\/div>\n\t\t\t\t<\/div>\n\t\t","protected":false},"excerpt":{"rendered":"<p>Principal Technical Associate Nenad Nikoli\u0107 Bachelor with Honours in Geology Department of Materials Science Center for Green Technologies Contact: Address: [&hellip;]<\/p>\n","protected":false},"author":1,"featured_media":0,"parent":27228,"menu_order":0,"comment_status":"closed","ping_status":"closed","template":"","meta":{"site-sidebar-layout":"no-sidebar","site-content-layout":"","ast-site-content-layout":"full-width-container","site-content-style":"default","site-sidebar-style":"default","ast-global-header-display":"","ast-banner-title-visibility":"","ast-main-header-display":"","ast-hfb-above-header-display":"","ast-hfb-below-header-display":"","ast-hfb-mobile-header-display":"","site-post-title":"disabled","ast-breadcrumbs-content":"","ast-featured-img":"disabled","footer-sml-layout":"","ast-disable-related-posts":"","theme-transparent-header-meta":"","adv-header-id-meta":"","stick-header-meta":"","header-above-stick-meta":"","header-main-stick-meta":"","header-below-stick-meta":"","astra-migrate-meta-layouts":"default","ast-page-background-enabled":"default","ast-page-background-meta":{"desktop":{"background-color":"var(--ast-global-color-5)","background-image":"","background-repeat":"repeat","background-position":"center center","background-size":"auto","background-attachment":"scroll","background-type":"","background-media":"","overlay-type":"","overlay-color":"","overlay-opacity":"","overlay-gradient":""},"tablet":{"background-color":"","background-image":"","background-repeat":"repeat","background-position":"center center","background-size":"auto","background-attachment":"scroll","background-type":"","background-media":"","overlay-type":"","overlay-color":"","overlay-opacity":"","overlay-gradient":""},"mobile":{"background-color":"","background-image":"","background-repeat":"repeat","background-position":"center center","background-size":"auto","background-attachment":"scroll","background-type":"","background-media":"","overlay-type":"","overlay-color":"","overlay-opacity":"","overlay-gradient":""}},"ast-content-background-meta":{"desktop":{"background-color":"var(--ast-global-color-4)","background-image":"","background-repeat":"repeat","background-position":"center center","background-size":"auto","background-attachment":"scroll","background-type":"","background-media":"","overlay-type":"","overlay-color":"","overlay-opacity":"","overlay-gradient":""},"tablet":{"background-color":"var(--ast-global-color-4)","background-image":"","background-repeat":"repeat","background-position":"center center","background-size":"auto","background-attachment":"scroll","background-type":"","background-media":"","overlay-type":"","overlay-color":"","overlay-opacity":"","overlay-gradient":""},"mobile":{"background-color":"var(--ast-global-color-4)","background-image":"","background-repeat":"repeat","background-position":"center center","background-size":"auto","background-attachment":"scroll","background-type":"","background-media":"","overlay-type":"","overlay-color":"","overlay-opacity":"","overlay-gradient":""}},"footnotes":""},"class_list":["post-28218","page","type-page","status-publish","hentry"],"_links":{"self":[{"href":"https:\/\/www.imsi.bg.ac.rs\/en\/wp-json\/wp\/v2\/pages\/28218","targetHints":{"allow":["GET"]}}],"collection":[{"href":"https:\/\/www.imsi.bg.ac.rs\/en\/wp-json\/wp\/v2\/pages"}],"about":[{"href":"https:\/\/www.imsi.bg.ac.rs\/en\/wp-json\/wp\/v2\/types\/page"}],"author":[{"embeddable":true,"href":"https:\/\/www.imsi.bg.ac.rs\/en\/wp-json\/wp\/v2\/users\/1"}],"replies":[{"embeddable":true,"href":"https:\/\/www.imsi.bg.ac.rs\/en\/wp-json\/wp\/v2\/comments?post=28218"}],"version-history":[{"count":1,"href":"https:\/\/www.imsi.bg.ac.rs\/en\/wp-json\/wp\/v2\/pages\/28218\/revisions"}],"predecessor-version":[{"id":28219,"href":"https:\/\/www.imsi.bg.ac.rs\/en\/wp-json\/wp\/v2\/pages\/28218\/revisions\/28219"}],"up":[{"embeddable":true,"href":"https:\/\/www.imsi.bg.ac.rs\/en\/wp-json\/wp\/v2\/pages\/27228"}],"wp:attachment":[{"href":"https:\/\/www.imsi.bg.ac.rs\/en\/wp-json\/wp\/v2\/media?parent=28218"}],"curies":[{"name":"wp","href":"https:\/\/api.w.org\/{rel}","templated":true}]}}