{"id":28060,"date":"2025-07-17T16:18:38","date_gmt":"2025-07-17T16:18:38","guid":{"rendered":"https:\/\/www.imsi.bg.ac.rs\/researchers\/jelena-korac-jacic\/"},"modified":"2026-02-20T15:42:53","modified_gmt":"2026-02-20T15:42:53","slug":"jelena-korac-jacic","status":"publish","type":"page","link":"https:\/\/www.imsi.bg.ac.rs\/en\/researchers\/jelena-korac-jacic\/","title":{"rendered":"Jelena Kora\u0107 Ja\u010di\u0107"},"content":{"rendered":"\t\t<div data-elementor-type=\"wp-page\" data-elementor-id=\"28060\" class=\"elementor elementor-28060 elementor-10545\">\n\t\t\t\t<div class=\"elementor-element elementor-element-3a2d0fca e-flex e-con-boxed e-con e-parent\" data-id=\"3a2d0fca\" data-element_type=\"container\" data-e-type=\"container\" data-settings=\"{&quot;background_background&quot;:&quot;classic&quot;}\">\n\t\t\t\t\t<div class=\"e-con-inner\">\n\t\t<div class=\"elementor-element elementor-element-76b36488 e-con-full e-flex e-con e-child\" data-id=\"76b36488\" data-element_type=\"container\" data-e-type=\"container\" data-settings=\"{&quot;background_background&quot;:&quot;classic&quot;}\">\n\t\t\t\t<\/div>\n\t\t<div class=\"elementor-element elementor-element-6d6e2aa8 e-con-full e-flex e-con e-child\" data-id=\"6d6e2aa8\" data-element_type=\"container\" data-e-type=\"container\">\n\t\t\t\t<div class=\"elementor-element elementor-element-284893eb elementor-widget elementor-widget-heading\" data-id=\"284893eb\" data-element_type=\"widget\" data-e-type=\"widget\" data-widget_type=\"heading.default\">\n\t\t\t\t<div class=\"elementor-widget-container\">\n\t\t\t\t\t<h4 class=\"elementor-heading-title elementor-size-default\">Research Associate<\/h4>\t\t\t\t<\/div>\n\t\t\t\t<\/div>\n\t\t\t\t<div class=\"elementor-element elementor-element-561c1034 elementor-widget elementor-widget-heading\" data-id=\"561c1034\" data-element_type=\"widget\" data-e-type=\"widget\" data-widget_type=\"heading.default\">\n\t\t\t\t<div class=\"elementor-widget-container\">\n\t\t\t\t\t<h1 class=\"elementor-heading-title elementor-size-default\">Jelena Kora\u0107 Ja\u010di\u0107<\/h1>\t\t\t\t<\/div>\n\t\t\t\t<\/div>\n\t\t\t\t<div class=\"elementor-element elementor-element-52d0baef elementor-widget elementor-widget-heading\" data-id=\"52d0baef\" data-element_type=\"widget\" data-e-type=\"widget\" data-widget_type=\"heading.default\">\n\t\t\t\t<div class=\"elementor-widget-container\">\n\t\t\t\t\t<h5 class=\"elementor-heading-title elementor-size-default\">Ph.D. in Chemistry<\/h5>\t\t\t\t<\/div>\n\t\t\t\t<\/div>\n\t\t\t\t<div class=\"elementor-element elementor-element-61c1037c elementor-widget elementor-widget-heading\" data-id=\"61c1037c\" data-element_type=\"widget\" data-e-type=\"widget\" data-widget_type=\"heading.default\">\n\t\t\t\t<div class=\"elementor-widget-container\">\n\t\t\t\t\t<h4 class=\"elementor-heading-title elementor-size-default\"><a href=\"https:\/\/www.imsi.bg.ac.rs\/en\/departments\/department-of-life-sciences\/\">Department of Life Sciences<\/a><\/h4>\t\t\t\t<\/div>\n\t\t\t\t<\/div>\n\t\t\t\t<\/div>\n\t\t\t\t\t<\/div>\n\t\t\t\t<\/div>\n\t\t<div class=\"elementor-element elementor-element-e96fde3 e-flex e-con-boxed e-con e-parent\" data-id=\"e96fde3\" data-element_type=\"container\" data-e-type=\"container\" data-settings=\"{&quot;background_background&quot;:&quot;classic&quot;}\">\n\t\t\t\t\t<div class=\"e-con-inner\">\n\t\t<div class=\"elementor-element elementor-element-ae12c6f e-con-full e-flex e-con e-child\" data-id=\"ae12c6f\" data-element_type=\"container\" data-e-type=\"container\">\n\t\t<div class=\"elementor-element elementor-element-acea01e e-con-full e-flex e-con e-child\" data-id=\"acea01e\" data-element_type=\"container\" data-e-type=\"container\" data-settings=\"{&quot;background_background&quot;:&quot;classic&quot;}\">\n\t\t\t\t<div class=\"elementor-element elementor-element-b1f3475 elementor-widget elementor-widget-heading\" data-id=\"b1f3475\" data-element_type=\"widget\" data-e-type=\"widget\" data-widget_type=\"heading.default\">\n\t\t\t\t<div class=\"elementor-widget-container\">\n\t\t\t\t\t<h4 class=\"elementor-heading-title elementor-size-default\">Contact:<\/h4>\t\t\t\t<\/div>\n\t\t\t\t<\/div>\n\t\t\t\t<div class=\"elementor-element elementor-element-5c8fdd1 elementor-widget elementor-widget-text-editor\" data-id=\"5c8fdd1\" data-element_type=\"widget\" data-e-type=\"widget\" data-widget_type=\"text-editor.default\">\n\t\t\t\t<div class=\"elementor-widget-container\">\n\t\t\t\t\t\t\t\t\t<p>Address:<\/p>\t\t\t\t\t\t\t\t<\/div>\n\t\t\t\t<\/div>\n\t\t\t\t<div class=\"elementor-element elementor-element-4f6a156 elementor-widget elementor-widget-text-editor\" data-id=\"4f6a156\" data-element_type=\"widget\" data-e-type=\"widget\" data-widget_type=\"text-editor.default\">\n\t\t\t\t<div class=\"elementor-widget-container\">\n\t\t\t\t\t\t\t\t\t<p><a href=\"https:\/\/maps.app.goo.gl\/XzjCdptKA8Q6aeTy7\" target=\"_blank\" rel=\"noopener\">Bulevar Despota Stefana 142, 11060 Belgrade<\/a><\/p>\t\t\t\t\t\t\t\t<\/div>\n\t\t\t\t<\/div>\n\t\t\t\t<div class=\"elementor-element elementor-element-ab7ee4f elementor-widget elementor-widget-text-editor\" data-id=\"ab7ee4f\" data-element_type=\"widget\" data-e-type=\"widget\" data-widget_type=\"text-editor.default\">\n\t\t\t\t<div class=\"elementor-widget-container\">\n\t\t\t\t\t\t\t\t\t<p>Telephone:<\/p>\t\t\t\t\t\t\t\t<\/div>\n\t\t\t\t<\/div>\n\t\t\t\t<div class=\"elementor-element elementor-element-3b74f807 elementor-widget elementor-widget-text-editor\" data-id=\"3b74f807\" data-element_type=\"widget\" data-e-type=\"widget\" data-widget_type=\"text-editor.default\">\n\t\t\t\t<div class=\"elementor-widget-container\">\n\t\t\t\t\t\t\t\t\t<p><a href=\"tel:(+381)%2011%202078%20459\">(+381) 11 2078 459<\/a><\/p>\t\t\t\t\t\t\t\t<\/div>\n\t\t\t\t<\/div>\n\t\t\t\t<div class=\"elementor-element elementor-element-b396466 elementor-widget elementor-widget-text-editor\" data-id=\"b396466\" data-element_type=\"widget\" data-e-type=\"widget\" data-widget_type=\"text-editor.default\">\n\t\t\t\t<div class=\"elementor-widget-container\">\n\t\t\t\t\t\t\t\t\t<p>E-Mail:<\/p>\t\t\t\t\t\t\t\t<\/div>\n\t\t\t\t<\/div>\n\t\t\t\t<div class=\"elementor-element elementor-element-4820632e elementor-widget elementor-widget-text-editor\" data-id=\"4820632e\" data-element_type=\"widget\" data-e-type=\"widget\" data-widget_type=\"text-editor.default\">\n\t\t\t\t<div class=\"elementor-widget-container\">\n\t\t\t\t\t\t\t\t\t<p><a href=\"mailto:jskorac@imsi.rs\">jskorac@imsi.rs<\/a><\/p>\t\t\t\t\t\t\t\t<\/div>\n\t\t\t\t<\/div>\n\t\t\t\t<\/div>\n\t\t\t\t<\/div>\n\t\t<div class=\"elementor-element elementor-element-b873f7b e-con-full e-flex e-con e-child\" data-id=\"b873f7b\" data-element_type=\"container\" data-e-type=\"container\">\n\t\t<div class=\"elementor-element elementor-element-8926e88 e-con-full e-flex e-con e-child\" data-id=\"8926e88\" data-element_type=\"container\" data-e-type=\"container\" data-settings=\"{&quot;background_background&quot;:&quot;classic&quot;}\">\n\t\t\t\t<div class=\"elementor-element elementor-element-2a24d34 elementor-widget elementor-widget-heading\" data-id=\"2a24d34\" data-element_type=\"widget\" data-e-type=\"widget\" data-widget_type=\"heading.default\">\n\t\t\t\t<div class=\"elementor-widget-container\">\n\t\t\t\t\t<h4 class=\"elementor-heading-title elementor-size-default\">Links:<\/h4>\t\t\t\t<\/div>\n\t\t\t\t<\/div>\n\t\t\t\t<div class=\"elementor-element elementor-element-710860da elementor-widget elementor-widget-text-editor\" data-id=\"710860da\" data-element_type=\"widget\" data-e-type=\"widget\" data-widget_type=\"text-editor.default\">\n\t\t\t\t<div class=\"elementor-widget-container\">\n\t\t\t\t\t\t\t\t\t<p>ORCID ID: <a href=\"https:\/\/orcid.org\/0000-0002-3802-6009\" target=\"_blank\" rel=\"noopener\">0000-0002-3802-6009<\/a><\/p>\t\t\t\t\t\t\t\t<\/div>\n\t\t\t\t<\/div>\n\t\t\t\t<\/div>\n\t\t\t\t<\/div>\n\t\t<div class=\"elementor-element elementor-element-c9a5da5 e-con-full elementor-hidden-tablet elementor-hidden-mobile e-flex e-con e-child\" data-id=\"c9a5da5\" data-element_type=\"container\" data-e-type=\"container\">\n\t\t\t\t<\/div>\n\t\t\t\t\t<\/div>\n\t\t\t\t<\/div>\n\t\t<div class=\"elementor-element elementor-element-170c23e9 e-flex e-con-boxed e-con e-parent\" data-id=\"170c23e9\" data-element_type=\"container\" data-e-type=\"container\">\n\t\t\t\t\t<div class=\"e-con-inner\">\n\t\t\t\t<div class=\"elementor-element elementor-element-6e1a9389 elementor-widget elementor-widget-heading\" data-id=\"6e1a9389\" data-element_type=\"widget\" data-e-type=\"widget\" data-widget_type=\"heading.default\">\n\t\t\t\t<div class=\"elementor-widget-container\">\n\t\t\t\t\t<h3 class=\"elementor-heading-title elementor-size-default\">Research area<\/h3>\t\t\t\t<\/div>\n\t\t\t\t<\/div>\n\t\t\t\t<div class=\"elementor-element elementor-element-283f2c3c elementor-widget elementor-widget-text-editor\" data-id=\"283f2c3c\" data-element_type=\"widget\" data-e-type=\"widget\" data-widget_type=\"text-editor.default\">\n\t\t\t\t<div class=\"elementor-widget-container\">\n\t\t\t\t\t\t\t\t\t<ul><li>Coordination chemistry- interactions of biomolecules with transition metals<\/li><li>Redox chemistry<\/li><li>EPR Spectroscopy<\/li><\/ul>\t\t\t\t\t\t\t\t<\/div>\n\t\t\t\t<\/div>\n\t\t\t\t<div class=\"elementor-element elementor-element-5f290af5 elementor-widget elementor-widget-heading\" data-id=\"5f290af5\" data-element_type=\"widget\" data-e-type=\"widget\" data-widget_type=\"heading.default\">\n\t\t\t\t<div class=\"elementor-widget-container\">\n\t\t\t\t\t<h3 class=\"elementor-heading-title elementor-size-default\">Skills<\/h3>\t\t\t\t<\/div>\n\t\t\t\t<\/div>\n\t\t\t\t<div class=\"elementor-element elementor-element-57a0c1c4 elementor-widget elementor-widget-text-editor\" data-id=\"57a0c1c4\" data-element_type=\"widget\" data-e-type=\"widget\" data-widget_type=\"text-editor.default\">\n\t\t\t\t<div class=\"elementor-widget-container\">\n\t\t\t\t\t\t\t\t\t<ul><li>UV\/vis spectroscopy<\/li><li>EPR spectroscopy<\/li><li>Biochemical methods<\/li><\/ul>\t\t\t\t\t\t\t\t<\/div>\n\t\t\t\t<\/div>\n\t\t\t\t\t<\/div>\n\t\t\t\t<\/div>\n\t\t<div class=\"elementor-element elementor-element-30d1cea2 e-flex e-con-boxed e-con e-parent\" data-id=\"30d1cea2\" data-element_type=\"container\" data-e-type=\"container\">\n\t\t\t\t\t<div class=\"e-con-inner\">\n\t\t<div class=\"elementor-element elementor-element-37706560 e-con-full e-flex e-con e-child\" data-id=\"37706560\" data-element_type=\"container\" data-e-type=\"container\">\n\t\t\t\t<div class=\"elementor-element elementor-element-6e92686b e-n-tabs-mobile elementor-widget elementor-widget-n-tabs\" data-id=\"6e92686b\" data-element_type=\"widget\" data-e-type=\"widget\" data-settings=\"{&quot;tabs_justify_horizontal&quot;:&quot;start&quot;,&quot;horizontal_scroll&quot;:&quot;disable&quot;}\" data-widget_type=\"nested-tabs.default\">\n\t\t\t\t<div class=\"elementor-widget-container\">\n\t\t\t\t\t\t\t<div class=\"e-n-tabs\" data-widget-number=\"1855088747\" aria-label=\"Tabs. Open items with Enter or Space, close with Escape and navigate using the Arrow keys.\">\n\t\t\t<div class=\"e-n-tabs-heading\" role=\"tablist\">\n\t\t\t\t\t<button id=\"e-n-tab-title-18550887471\" data-tab-title-id=\"e-n-tab-title-18550887471\" class=\"e-n-tab-title\" aria-selected=\"true\" data-tab-index=\"1\" role=\"tab\" tabindex=\"0\" aria-controls=\"e-n-tab-content-18550887471\" style=\"--n-tabs-title-order: 1;\">\n\t\t\t\t\t\t<span class=\"e-n-tab-title-text\">\n\t\t\t\tBiography\t\t\t<\/span>\n\t\t<\/button>\n\t\t\t\t<button id=\"e-n-tab-title-18550887472\" data-tab-title-id=\"e-n-tab-title-18550887472\" class=\"e-n-tab-title\" aria-selected=\"false\" data-tab-index=\"2\" role=\"tab\" tabindex=\"-1\" aria-controls=\"e-n-tab-content-18550887472\" style=\"--n-tabs-title-order: 2;\">\n\t\t\t\t\t\t<span class=\"e-n-tab-title-text\">\n\t\t\t\tProjects\t\t\t<\/span>\n\t\t<\/button>\n\t\t\t\t<button id=\"e-n-tab-title-18550887473\" data-tab-title-id=\"e-n-tab-title-18550887473\" class=\"e-n-tab-title\" aria-selected=\"false\" data-tab-index=\"3\" role=\"tab\" tabindex=\"-1\" aria-controls=\"e-n-tab-content-18550887473\" style=\"--n-tabs-title-order: 3;\">\n\t\t\t\t\t\t<span class=\"e-n-tab-title-text\">\n\t\t\t\tSelected publications\t\t\t<\/span>\n\t\t<\/button>\n\t\t\t\t\t<\/div>\n\t\t\t<div class=\"e-n-tabs-content\">\n\t\t\t\t<div id=\"e-n-tab-content-18550887471\" role=\"tabpanel\" aria-labelledby=\"e-n-tab-title-18550887471\" data-tab-index=\"1\" style=\"--n-tabs-title-order: 1;\" class=\"e-active elementor-element elementor-element-e5424ff e-con-full e-flex e-con e-child\" data-id=\"e5424ff\" data-element_type=\"container\" data-e-type=\"container\">\n\t\t<div class=\"elementor-element elementor-element-4ca26a4d e-flex e-con-boxed e-con e-child\" data-id=\"4ca26a4d\" data-element_type=\"container\" data-e-type=\"container\">\n\t\t\t\t\t<div class=\"e-con-inner\">\n\t\t\t\t<div class=\"elementor-element elementor-element-747b76ba elementor-widget elementor-widget-heading\" data-id=\"747b76ba\" data-element_type=\"widget\" data-e-type=\"widget\" data-widget_type=\"heading.default\">\n\t\t\t\t<div class=\"elementor-widget-container\">\n\t\t\t\t\t<h6 class=\"elementor-heading-title elementor-size-default\">Work experience:<\/h6>\t\t\t\t<\/div>\n\t\t\t\t<\/div>\n\t\t\t\t<div class=\"elementor-element elementor-element-6d4d4faa elementor-widget elementor-widget-text-editor\" data-id=\"6d4d4faa\" data-element_type=\"widget\" data-e-type=\"widget\" data-widget_type=\"text-editor.default\">\n\t\t\t\t<div class=\"elementor-widget-container\">\n\t\t\t\t\t\t\t\t\t<ul><li>2018 \u2013 Current: Research Assistant<br>Institute for Multidisciplinary Research, University of Belgrade, Belgrade, Serbia<\/li><li>2016 \u2013 2018: Research Trainee<br>Institute for Multidisciplinary Research, University of Belgrade, Belgrade, Serbia<\/li><\/ul>\t\t\t\t\t\t\t\t<\/div>\n\t\t\t\t<\/div>\n\t\t\t\t<div class=\"elementor-element elementor-element-1019bece elementor-widget elementor-widget-heading\" data-id=\"1019bece\" data-element_type=\"widget\" data-e-type=\"widget\" data-widget_type=\"heading.default\">\n\t\t\t\t<div class=\"elementor-widget-container\">\n\t\t\t\t\t<h6 class=\"elementor-heading-title elementor-size-default\">Education:\n\n<\/h6>\t\t\t\t<\/div>\n\t\t\t\t<\/div>\n\t\t\t\t<div class=\"elementor-element elementor-element-33b15455 elementor-widget elementor-widget-text-editor\" data-id=\"33b15455\" data-element_type=\"widget\" data-e-type=\"widget\" data-widget_type=\"text-editor.default\">\n\t\t\t\t<div class=\"elementor-widget-container\">\n\t\t\t\t\t\t\t\t\t<ul>\n  <li>2020: Ph.D. in Chemistry, University of Belgrade.<\/li>\n  <li>2014: M.Sc.: Physical Chemistry, Faculty of Physical Chemistry, University of Belgrade<\/li>\n  <li>2013: B.Sc.: Biochemistry, Faculty of Chemistry, University of Belgrade<\/li>\n<\/ul>\n\t\t\t\t\t\t\t\t<\/div>\n\t\t\t\t<\/div>\n\t\t\t\t<div class=\"elementor-element elementor-element-78c70935 elementor-widget elementor-widget-heading\" data-id=\"78c70935\" data-element_type=\"widget\" data-e-type=\"widget\" data-widget_type=\"heading.default\">\n\t\t\t\t<div class=\"elementor-widget-container\">\n\t\t\t\t\t<h6 class=\"elementor-heading-title elementor-size-default\">Awards and certificates:\n\n<\/h6>\t\t\t\t<\/div>\n\t\t\t\t<\/div>\n\t\t\t\t<div class=\"elementor-element elementor-element-779715ed elementor-widget elementor-widget-text-editor\" data-id=\"779715ed\" data-element_type=\"widget\" data-e-type=\"widget\" data-widget_type=\"text-editor.default\">\n\t\t\t\t<div class=\"elementor-widget-container\">\n\t\t\t\t\t\t\t\t\t<ul>\n  <li>2019 (27.05. \u2013 31.05.): COST Action CA15133 STSM research fellowship grant, NanoTemper company, Krakow, Poland.<\/li>\n  <li>18.11.2018 Award for best poster presentation, 8th Conference: \u201cCoordination in Biochemistry and Life\u201d , Novi Sad, Serbia.<\/li>\n  <li>2018 (04. 10. \u2013 08.10.) Participant in the International Biophysical School \u201cAcademician Radoslav K. Andjus\u201d (NERKA).<\/li>\n  <li>2017 (19.06. \u2013 23.06.): COST Action CA15133 Grant for 1st FeSBioNet Training School, Lisboa, Portugal.<\/li>\n<\/ul>\n\t\t\t\t\t\t\t\t<\/div>\n\t\t\t\t<\/div>\n\t\t\t\t<div class=\"elementor-element elementor-element-335dcb8d elementor-widget elementor-widget-heading\" data-id=\"335dcb8d\" data-element_type=\"widget\" data-e-type=\"widget\" data-widget_type=\"heading.default\">\n\t\t\t\t<div class=\"elementor-widget-container\">\n\t\t\t\t\t<h6 class=\"elementor-heading-title elementor-size-default\">Other professional activities\n<\/h6>\t\t\t\t<\/div>\n\t\t\t\t<\/div>\n\t\t\t\t<div class=\"elementor-element elementor-element-7d4119e elementor-widget elementor-widget-heading\" data-id=\"7d4119e\" data-element_type=\"widget\" data-e-type=\"widget\" data-widget_type=\"heading.default\">\n\t\t\t\t<div class=\"elementor-widget-container\">\n\t\t\t\t\t<h6 class=\"elementor-heading-title elementor-size-default\">Memberships:\n\n<\/h6>\t\t\t\t<\/div>\n\t\t\t\t<\/div>\n\t\t\t\t<div class=\"elementor-element elementor-element-52a6586f elementor-widget elementor-widget-text-editor\" data-id=\"52a6586f\" data-element_type=\"widget\" data-e-type=\"widget\" data-widget_type=\"text-editor.default\">\n\t\t\t\t<div class=\"elementor-widget-container\">\n\t\t\t\t\t\t\t\t\t<ul>\n \t<li>Serbian Biochemical Society (since 2015), Serbian Biological Society (since 2018)<\/li>\n<\/ul>\t\t\t\t\t\t\t\t<\/div>\n\t\t\t\t<\/div>\n\t\t\t\t\t<\/div>\n\t\t\t\t<\/div>\n\t\t\t\t<\/div>\n\t\t<div id=\"e-n-tab-content-18550887472\" role=\"tabpanel\" aria-labelledby=\"e-n-tab-title-18550887472\" data-tab-index=\"2\" style=\"--n-tabs-title-order: 2;\" class=\" elementor-element elementor-element-44a1d941 e-con-full e-flex e-con e-child\" data-id=\"44a1d941\" data-element_type=\"container\" data-e-type=\"container\">\n\t\t<div class=\"elementor-element elementor-element-65c1b8d4 e-flex e-con-boxed e-con e-child\" data-id=\"65c1b8d4\" data-element_type=\"container\" data-e-type=\"container\">\n\t\t\t\t\t<div class=\"e-con-inner\">\n\t\t\t\t<div class=\"elementor-element elementor-element-7e0c2215 elementor-widget elementor-widget-heading\" data-id=\"7e0c2215\" data-element_type=\"widget\" data-e-type=\"widget\" data-widget_type=\"heading.default\">\n\t\t\t\t<div class=\"elementor-widget-container\">\n\t\t\t\t\t<h6 class=\"elementor-heading-title elementor-size-default\">Past:\n\n<\/h6>\t\t\t\t<\/div>\n\t\t\t\t<\/div>\n\t\t\t\t<div class=\"elementor-element elementor-element-3b4fdb0d elementor-widget elementor-widget-text-editor\" data-id=\"3b4fdb0d\" data-element_type=\"widget\" data-e-type=\"widget\" data-widget_type=\"text-editor.default\">\n\t\t\t\t<div class=\"elementor-widget-container\">\n\t\t\t\t\t\t\t\t\t<ul>\n \t<li>2011-2019: \u201cStudy of structure-function relationships in the plant cell wall and modifications of the wall structure by enzyme engineering\u201d. Ministry of Eduction, Scienece and Technological Development of the Republic of Serbia (\u041eI173017).<\/li>\n \t<li>2016-2020: CA15133 \u201cThe Biogenesis of Iron-sulfur Proteins: from Cellular Biology to Molecular Aspects (FeSBioNet) \u201c(Member) (COST action).<\/li>\n<\/ul>\t\t\t\t\t\t\t\t<\/div>\n\t\t\t\t<\/div>\n\t\t\t\t\t<\/div>\n\t\t\t\t<\/div>\n\t\t\t\t<\/div>\n\t\t<div id=\"e-n-tab-content-18550887473\" role=\"tabpanel\" aria-labelledby=\"e-n-tab-title-18550887473\" data-tab-index=\"3\" style=\"--n-tabs-title-order: 3;\" class=\" elementor-element elementor-element-162046f2 e-con-full e-flex e-con e-child\" data-id=\"162046f2\" data-element_type=\"container\" data-e-type=\"container\">\n\t\t<div class=\"elementor-element elementor-element-22884b99 e-flex e-con-boxed e-con e-child\" data-id=\"22884b99\" data-element_type=\"container\" data-e-type=\"container\">\n\t\t\t\t\t<div class=\"e-con-inner\">\n\t\t\t\t<div class=\"elementor-element elementor-element-15809b2b elementor-widget elementor-widget-heading\" data-id=\"15809b2b\" data-element_type=\"widget\" data-e-type=\"widget\" data-widget_type=\"heading.default\">\n\t\t\t\t<div class=\"elementor-widget-container\">\n\t\t\t\t\t<h6 class=\"elementor-heading-title elementor-size-default\">Reviewed international journals:<\/h6>\t\t\t\t<\/div>\n\t\t\t\t<\/div>\n\t\t\t\t<div class=\"elementor-element elementor-element-749823bb elementor-widget elementor-widget-text-editor\" data-id=\"749823bb\" data-element_type=\"widget\" data-e-type=\"widget\" data-widget_type=\"text-editor.default\">\n\t\t\t\t<div class=\"elementor-widget-container\">\n\t\t\t\t\t\t\t\t\t<ol>\n  <li><strong>Kora\u0107 Ja\u010di\u0107 J.<\/strong>, Nikoli\u0107 Lj., Stankovi\u0107 DM., Opa\u010di\u0107 M., Dimitrijevi\u0107 M., Savi\u0107 D., Grguri\u0107-\u0160ipka S., Spasojevi\u0107 I., Bogdanovi\u0107 Pristov J. (2020) Ferrous iron binding to epinephrine promotes the oxidation of iron and impedes activation of adrenergic receptors. <em>Free Radical Biology and Medicine<\/em>, 148: 123-127. (Biochemistry &amp; Molecular Biology 16\/143, IF=6.170, M21) <\/li>\n  <li><strong>Kora\u0107 J.<\/strong>, Stankovi\u0107 DM., Stani\u0107 M., Bajuk-Bogdanovi\u0107 D., \u017di\u017ei\u0107 M., Bogdanovi\u0107 Pristov J., Grguri\u0107-\u0160ipka S., Popovi\u0107-Bijeli\u0107 A., Spasojevi\u0107 I. (2018) Coordinate and redox interactions of epinephrine with ferric and ferrous iron at physiological pH. <em>Scientific Reports<\/em>, 8: 3530. (Multidisciplinary Sciences 12\/64, IF=4.122, M21) <\/li>\n  <li><strong>Kora\u0107 J.<\/strong>, Todorovi\u0107 N., Zakrzewska J., \u017di\u017ei\u0107 M., Spasojevi\u0107 I. (2018) The conformation of epinephrine in polar solvents: an NMR study. <em>Structural Chemistry<\/em>, 29: 1533-1541. (Chemistry, Physical 85\/147, IF=2.019, M22) <\/li>\n  <li>Bozic B., <strong>Korac J.<\/strong>, Stankovic DM., Stanic M., Romanovic M., Bogdanovic-Pristov J., Spasic S., Popovic-Bijelic A., Spasojevic I., Bajcetic M. (2018) Coordination and redox interactions of beta-lactam antibiotics with Cu2+ in physiological settings and the impact on antibacterial activity. <em>Free Radical Biology and Medicine<\/em>, 129: 279-285. (Biochemistry &amp; Molecular Biology 43\/299, IF=5.657, M21) <\/li>\n  <li>Bo\u017ei\u0107 B., <strong>Kora\u0107 J.<\/strong>, Stankovi\u0107 DM., Stani\u0107 M., Popovi\u0107-Bijelic A., Bogdanovi\u0107 Pristov J., Spasojevi\u0107 I., Baj\u010deti\u0107 M. (2017) Mechanisms of redox interactions of bilirubin with copper and the effects of penicillamine. <em>Chemico-Biological Interactions<\/em>, 278: 129-134. (Pharmacology &amp; Pharmacy 75\/261, IF=3.296, M21) <\/li>\n  <li>Stevic N., <strong>Korac J.<\/strong>, Pavlovic J., Nikolic M. (2016). Binding of transition metals to monosilicic acid in aqueous and xylem (Cucumis sativus L.) solutions: A low-T electron paramagnetic resonance study. <em>BioMetals<\/em> 29: 945-951. (Biochemistry &amp; Molecular Biology 195\/290, IF 2.183, M23)  <\/li>\n  <li>Ra\u0161kovi\u0107 B., Babi\u0107 N., <strong>Kora\u0107 J.<\/strong>, Polovi\u0107 N. (2015) The evidence of \u03b2-sheet structure induced kinetic stability of papain upon thermal and sodium dodecyl sulphate denaturation. <em>Journal of the Serbian Chemical Society<\/em>, 80: 613-625. (Chemistry, Multidisciplinary 120\/163, IF = 0.970, M23) <\/li>\n<\/ol>\n\t\t\t\t\t\t\t\t<\/div>\n\t\t\t\t<\/div>\n\t\t\t\t\t<\/div>\n\t\t\t\t<\/div>\n\t\t\t\t<\/div>\n\t\t\t\t\t<\/div>\n\t\t<\/div>\n\t\t\t\t\t\t<\/div>\n\t\t\t\t<\/div>\n\t\t\t\t<\/div>\n\t\t\t\t\t<\/div>\n\t\t\t\t<\/div>\n\t\t\t\t<\/div>\n\t\t","protected":false},"excerpt":{"rendered":"<p>Research Associate Jelena Kora\u0107 Ja\u010di\u0107 Ph.D. in Chemistry Department of Life Sciences Contact: Address: Bulevar Despota Stefana 142, 11060 Belgrade [&hellip;]<\/p>\n","protected":false},"author":1,"featured_media":0,"parent":27228,"menu_order":0,"comment_status":"closed","ping_status":"closed","template":"","meta":{"site-sidebar-layout":"no-sidebar","site-content-layout":"","ast-site-content-layout":"full-width-container","site-content-style":"default","site-sidebar-style":"default","ast-global-header-display":"","ast-banner-title-visibility":"","ast-main-header-display":"","ast-hfb-above-header-display":"","ast-hfb-below-header-display":"","ast-hfb-mobile-header-display":"","site-post-title":"disabled","ast-breadcrumbs-content":"","ast-featured-img":"disabled","footer-sml-layout":"","ast-disable-related-posts":"","theme-transparent-header-meta":"","adv-header-id-meta":"","stick-header-meta":"","header-above-stick-meta":"","header-main-stick-meta":"","header-below-stick-meta":"","astra-migrate-meta-layouts":"default","ast-page-background-enabled":"default","ast-page-background-meta":{"desktop":{"background-color":"var(--ast-global-color-5)","background-image":"","background-repeat":"repeat","background-position":"center center","background-size":"auto","background-attachment":"scroll","background-type":"","background-media":"","overlay-type":"","overlay-color":"","overlay-opacity":"","overlay-gradient":""},"tablet":{"background-color":"","background-image":"","background-repeat":"repeat","background-position":"center center","background-size":"auto","background-attachment":"scroll","background-type":"","background-media":"","overlay-type":"","overlay-color":"","overlay-opacity":"","overlay-gradient":""},"mobile":{"background-color":"","background-image":"","background-repeat":"repeat","background-position":"center center","background-size":"auto","background-attachment":"scroll","background-type":"","background-media":"","overlay-type":"","overlay-color":"","overlay-opacity":"","overlay-gradient":""}},"ast-content-background-meta":{"desktop":{"background-color":"var(--ast-global-color-4)","background-image":"","background-repeat":"repeat","background-position":"center center","background-size":"auto","background-attachment":"scroll","background-type":"","background-media":"","overlay-type":"","overlay-color":"","overlay-opacity":"","overlay-gradient":""},"tablet":{"background-color":"var(--ast-global-color-4)","background-image":"","background-repeat":"repeat","background-position":"center center","background-size":"auto","background-attachment":"scroll","background-type":"","background-media":"","overlay-type":"","overlay-color":"","overlay-opacity":"","overlay-gradient":""},"mobile":{"background-color":"var(--ast-global-color-4)","background-image":"","background-repeat":"repeat","background-position":"center center","background-size":"auto","background-attachment":"scroll","background-type":"","background-media":"","overlay-type":"","overlay-color":"","overlay-opacity":"","overlay-gradient":""}},"footnotes":""},"class_list":["post-28060","page","type-page","status-publish","hentry"],"_links":{"self":[{"href":"https:\/\/www.imsi.bg.ac.rs\/en\/wp-json\/wp\/v2\/pages\/28060","targetHints":{"allow":["GET"]}}],"collection":[{"href":"https:\/\/www.imsi.bg.ac.rs\/en\/wp-json\/wp\/v2\/pages"}],"about":[{"href":"https:\/\/www.imsi.bg.ac.rs\/en\/wp-json\/wp\/v2\/types\/page"}],"author":[{"embeddable":true,"href":"https:\/\/www.imsi.bg.ac.rs\/en\/wp-json\/wp\/v2\/users\/1"}],"replies":[{"embeddable":true,"href":"https:\/\/www.imsi.bg.ac.rs\/en\/wp-json\/wp\/v2\/comments?post=28060"}],"version-history":[{"count":1,"href":"https:\/\/www.imsi.bg.ac.rs\/en\/wp-json\/wp\/v2\/pages\/28060\/revisions"}],"predecessor-version":[{"id":28061,"href":"https:\/\/www.imsi.bg.ac.rs\/en\/wp-json\/wp\/v2\/pages\/28060\/revisions\/28061"}],"up":[{"embeddable":true,"href":"https:\/\/www.imsi.bg.ac.rs\/en\/wp-json\/wp\/v2\/pages\/27228"}],"wp:attachment":[{"href":"https:\/\/www.imsi.bg.ac.rs\/en\/wp-json\/wp\/v2\/media?parent=28060"}],"curies":[{"name":"wp","href":"https:\/\/api.w.org\/{rel}","templated":true}]}}