{"id":27989,"date":"2025-07-16T08:35:17","date_gmt":"2025-07-16T08:35:17","guid":{"rendered":"https:\/\/www.imsi.bg.ac.rs\/researchers\/zorka-vasiljevic\/"},"modified":"2026-02-20T13:22:34","modified_gmt":"2026-02-20T13:22:34","slug":"zorka-vasiljevic","status":"publish","type":"page","link":"https:\/\/www.imsi.bg.ac.rs\/en\/researchers\/zorka-vasiljevic\/","title":{"rendered":"Zorka Vasiljevi\u0107"},"content":{"rendered":"\t\t<div data-elementor-type=\"wp-page\" data-elementor-id=\"27989\" class=\"elementor elementor-27989 elementor-7204\">\n\t\t\t\t<div class=\"elementor-element elementor-element-3081b633 e-flex e-con-boxed e-con e-parent\" data-id=\"3081b633\" data-element_type=\"container\" data-e-type=\"container\" data-settings=\"{&quot;background_background&quot;:&quot;classic&quot;}\">\n\t\t\t\t\t<div class=\"e-con-inner\">\n\t\t<div class=\"elementor-element elementor-element-764fb6bf e-con-full e-flex e-con e-child\" data-id=\"764fb6bf\" data-element_type=\"container\" data-e-type=\"container\" data-settings=\"{&quot;background_background&quot;:&quot;classic&quot;}\">\n\t\t\t\t<\/div>\n\t\t<div class=\"elementor-element elementor-element-f6fcd4 e-con-full e-flex e-con e-child\" data-id=\"f6fcd4\" data-element_type=\"container\" data-e-type=\"container\">\n\t\t\t\t<div class=\"elementor-element elementor-element-50474f2e elementor-widget elementor-widget-heading\" data-id=\"50474f2e\" data-element_type=\"widget\" data-e-type=\"widget\" data-widget_type=\"heading.default\">\n\t\t\t\t<div class=\"elementor-widget-container\">\n\t\t\t\t\t<h4 class=\"elementor-heading-title elementor-size-default\">\nResearch Associate Professor<\/h4>\t\t\t\t<\/div>\n\t\t\t\t<\/div>\n\t\t\t\t<div class=\"elementor-element elementor-element-5102433b elementor-widget elementor-widget-heading\" data-id=\"5102433b\" data-element_type=\"widget\" data-e-type=\"widget\" data-widget_type=\"heading.default\">\n\t\t\t\t<div class=\"elementor-widget-container\">\n\t\t\t\t\t<h1 class=\"elementor-heading-title elementor-size-default\">Zorka Vasiljevi\u0107<\/h1>\t\t\t\t<\/div>\n\t\t\t\t<\/div>\n\t\t\t\t<div class=\"elementor-element elementor-element-4da5040d elementor-widget elementor-widget-heading\" data-id=\"4da5040d\" data-element_type=\"widget\" data-e-type=\"widget\" data-widget_type=\"heading.default\">\n\t\t\t\t<div class=\"elementor-widget-container\">\n\t\t\t\t\t<h4 class=\"elementor-heading-title elementor-size-default\"><a href=\"https:\/\/www.imsi.bg.ac.rs\/en\/departments\/department-of-materials-science\/\">Department of Materials Science<\/a><\/h4>\t\t\t\t<\/div>\n\t\t\t\t<\/div>\n\t\t\t\t<div class=\"elementor-element elementor-element-36273d0 elementor-widget elementor-widget-heading\" data-id=\"36273d0\" data-element_type=\"widget\" data-e-type=\"widget\" data-widget_type=\"heading.default\">\n\t\t\t\t<div class=\"elementor-widget-container\">\n\t\t\t\t\t<h4 class=\"elementor-heading-title elementor-size-default\"><a href=\"https:\/\/www.imsi.bg.ac.rs\/en\/departments\/center-for-green-technologies\/\">Center for Green Technologies<\/a><\/h4>\t\t\t\t<\/div>\n\t\t\t\t<\/div>\n\t\t\t\t<\/div>\n\t\t\t\t\t<\/div>\n\t\t\t\t<\/div>\n\t\t<div class=\"elementor-element elementor-element-a6f89d2 e-flex e-con-boxed e-con e-parent\" data-id=\"a6f89d2\" data-element_type=\"container\" data-e-type=\"container\" data-settings=\"{&quot;background_background&quot;:&quot;classic&quot;}\">\n\t\t\t\t\t<div class=\"e-con-inner\">\n\t\t<div class=\"elementor-element elementor-element-a3c53cc e-con-full e-flex e-con e-child\" data-id=\"a3c53cc\" data-element_type=\"container\" data-e-type=\"container\">\n\t\t<div class=\"elementor-element elementor-element-33282c6 e-con-full e-flex e-con e-child\" data-id=\"33282c6\" data-element_type=\"container\" data-e-type=\"container\" data-settings=\"{&quot;background_background&quot;:&quot;classic&quot;}\">\n\t\t\t\t<div class=\"elementor-element elementor-element-b4be468 elementor-widget elementor-widget-heading\" data-id=\"b4be468\" data-element_type=\"widget\" data-e-type=\"widget\" data-widget_type=\"heading.default\">\n\t\t\t\t<div class=\"elementor-widget-container\">\n\t\t\t\t\t<h4 class=\"elementor-heading-title elementor-size-default\">Contact:<\/h4>\t\t\t\t<\/div>\n\t\t\t\t<\/div>\n\t\t\t\t<div class=\"elementor-element elementor-element-f716b4e elementor-widget elementor-widget-text-editor\" data-id=\"f716b4e\" data-element_type=\"widget\" data-e-type=\"widget\" data-widget_type=\"text-editor.default\">\n\t\t\t\t<div class=\"elementor-widget-container\">\n\t\t\t\t\t\t\t\t\t<p>Address:<\/p>\t\t\t\t\t\t\t\t<\/div>\n\t\t\t\t<\/div>\n\t\t\t\t<div class=\"elementor-element elementor-element-549827f0 elementor-widget elementor-widget-text-editor\" data-id=\"549827f0\" data-element_type=\"widget\" data-e-type=\"widget\" data-widget_type=\"text-editor.default\">\n\t\t\t\t<div class=\"elementor-widget-container\">\n\t\t\t\t\t\t\t\t\t<p><a href=\"https:\/\/maps.app.goo.gl\/t1BKJfTombJy5ARt8\" target=\"_blank\" rel=\"noopener\">Volgina 15, 11000 Belgrade, Serbia<\/a><\/p>\t\t\t\t\t\t\t\t<\/div>\n\t\t\t\t<\/div>\n\t\t\t\t<div class=\"elementor-element elementor-element-5714b47 elementor-widget elementor-widget-text-editor\" data-id=\"5714b47\" data-element_type=\"widget\" data-e-type=\"widget\" data-widget_type=\"text-editor.default\">\n\t\t\t\t<div class=\"elementor-widget-container\">\n\t\t\t\t\t\t\t\t\t<p>Telephone:<\/p>\t\t\t\t\t\t\t\t<\/div>\n\t\t\t\t<\/div>\n\t\t\t\t<div class=\"elementor-element elementor-element-73de723f elementor-widget elementor-widget-text-editor\" data-id=\"73de723f\" data-element_type=\"widget\" data-e-type=\"widget\" data-widget_type=\"text-editor.default\">\n\t\t\t\t<div class=\"elementor-widget-container\">\n\t\t\t\t\t\t\t\t\t<p><a href=\"tel:(+381)%2011%202085%20306\">(+381) 11 2085 306<\/a><\/p>\t\t\t\t\t\t\t\t<\/div>\n\t\t\t\t<\/div>\n\t\t\t\t<div class=\"elementor-element elementor-element-5b726ad elementor-widget elementor-widget-text-editor\" data-id=\"5b726ad\" data-element_type=\"widget\" data-e-type=\"widget\" data-widget_type=\"text-editor.default\">\n\t\t\t\t<div class=\"elementor-widget-container\">\n\t\t\t\t\t\t\t\t\t<p>E-Mail:<\/p>\t\t\t\t\t\t\t\t<\/div>\n\t\t\t\t<\/div>\n\t\t\t\t<div class=\"elementor-element elementor-element-6857b0a2 elementor-widget elementor-widget-text-editor\" data-id=\"6857b0a2\" data-element_type=\"widget\" data-e-type=\"widget\" data-widget_type=\"text-editor.default\">\n\t\t\t\t<div class=\"elementor-widget-container\">\n\t\t\t\t\t\t\t\t\t<p><a href=\"mailto:zorkav@imsi.bg.ac.rs\">zorkav@imsi.bg.ac.rs<\/a><\/p>\t\t\t\t\t\t\t\t<\/div>\n\t\t\t\t<\/div>\n\t\t\t\t<div class=\"elementor-element elementor-element-334c4efa elementor-widget elementor-widget-text-editor\" data-id=\"334c4efa\" data-element_type=\"widget\" data-e-type=\"widget\" data-widget_type=\"text-editor.default\">\n\t\t\t\t<div class=\"elementor-widget-container\">\n\t\t\t\t\t\t\t\t\t<p><a href=\"mailto:zorkav@imsi.rs\">zorkav@imsi.rs<\/a><\/p>\t\t\t\t\t\t\t\t<\/div>\n\t\t\t\t<\/div>\n\t\t\t\t<\/div>\n\t\t\t\t<\/div>\n\t\t<div class=\"elementor-element elementor-element-09933ed e-con-full e-flex e-con e-child\" data-id=\"09933ed\" data-element_type=\"container\" data-e-type=\"container\">\n\t\t<div class=\"elementor-element elementor-element-b2525c9 e-con-full e-flex e-con e-child\" data-id=\"b2525c9\" data-element_type=\"container\" data-e-type=\"container\" data-settings=\"{&quot;background_background&quot;:&quot;classic&quot;}\">\n\t\t\t\t<div class=\"elementor-element elementor-element-10e124e elementor-widget elementor-widget-heading\" data-id=\"10e124e\" data-element_type=\"widget\" data-e-type=\"widget\" data-widget_type=\"heading.default\">\n\t\t\t\t<div class=\"elementor-widget-container\">\n\t\t\t\t\t<h4 class=\"elementor-heading-title elementor-size-default\">Links:<\/h4>\t\t\t\t<\/div>\n\t\t\t\t<\/div>\n\t\t\t\t<div class=\"elementor-element elementor-element-483ea895 elementor-widget elementor-widget-text-editor\" data-id=\"483ea895\" data-element_type=\"widget\" data-e-type=\"widget\" data-widget_type=\"text-editor.default\">\n\t\t\t\t<div class=\"elementor-widget-container\">\n\t\t\t\t\t\t\t\t\t<p>ORCID ID: <a href=\"https:\/\/orcid.org\/0000-0002-7817-8648\" target=\"_blank\" rel=\"noopener\">0000-0002-7817-8648<\/a><\/p>\t\t\t\t\t\t\t\t<\/div>\n\t\t\t\t<\/div>\n\t\t\t\t<div class=\"elementor-element elementor-element-632cad11 elementor-widget elementor-widget-text-editor\" data-id=\"632cad11\" data-element_type=\"widget\" data-e-type=\"widget\" data-widget_type=\"text-editor.default\">\n\t\t\t\t<div class=\"elementor-widget-container\">\n\t\t\t\t\t\t\t\t\t<p>Scopus ID: 55503089300<\/p>\t\t\t\t\t\t\t\t<\/div>\n\t\t\t\t<\/div>\n\t\t\t\t<div class=\"elementor-element elementor-element-548283fc elementor-widget elementor-widget-text-editor\" data-id=\"548283fc\" data-element_type=\"widget\" data-e-type=\"widget\" data-widget_type=\"text-editor.default\">\n\t\t\t\t<div class=\"elementor-widget-container\">\n\t\t\t\t\t\t\t\t\t<p>ResearchGate: <a href=\"https:\/\/www.researchgate.net\/profile\/Zorka-Vasiljevic\" target=\"_blank\" rel=\"noopener\">Zorka_Vasiljevic<\/a><\/p>\t\t\t\t\t\t\t\t<\/div>\n\t\t\t\t<\/div>\n\t\t\t\t<\/div>\n\t\t\t\t<\/div>\n\t\t<div class=\"elementor-element elementor-element-505577b e-con-full elementor-hidden-tablet elementor-hidden-mobile e-flex e-con e-child\" data-id=\"505577b\" data-element_type=\"container\" data-e-type=\"container\">\n\t\t\t\t<\/div>\n\t\t\t\t\t<\/div>\n\t\t\t\t<\/div>\n\t\t<div class=\"elementor-element elementor-element-5ae97ec2 e-flex e-con-boxed e-con e-parent\" data-id=\"5ae97ec2\" data-element_type=\"container\" data-e-type=\"container\">\n\t\t\t\t\t<div class=\"e-con-inner\">\n\t\t\t\t<div class=\"elementor-element elementor-element-2859268c elementor-widget elementor-widget-heading\" data-id=\"2859268c\" data-element_type=\"widget\" data-e-type=\"widget\" data-widget_type=\"heading.default\">\n\t\t\t\t<div class=\"elementor-widget-container\">\n\t\t\t\t\t<h3 class=\"elementor-heading-title elementor-size-default\">Research area<\/h3>\t\t\t\t<\/div>\n\t\t\t\t<\/div>\n\t\t\t\t<div class=\"elementor-element elementor-element-2c8c9a8d elementor-widget elementor-widget-text-editor\" data-id=\"2c8c9a8d\" data-element_type=\"widget\" data-e-type=\"widget\" data-widget_type=\"text-editor.default\">\n\t\t\t\t<div class=\"elementor-widget-container\">\n\t\t\t\t\t\t\t\t\t<ul><li>Synthesis and characterization of metal oxide nanomaterials and their application in manufacturing moisture and temperature sensors<\/li><li>Sol-gel synthesis,<\/li><li>Electrospinning<\/li><li>Development of new materials based on composites metal-oxide-biopolymer for use in the food industry<\/li><\/ul>\t\t\t\t\t\t\t\t<\/div>\n\t\t\t\t<\/div>\n\t\t\t\t<div class=\"elementor-element elementor-element-bd3926a elementor-widget elementor-widget-heading\" data-id=\"bd3926a\" data-element_type=\"widget\" data-e-type=\"widget\" data-widget_type=\"heading.default\">\n\t\t\t\t<div class=\"elementor-widget-container\">\n\t\t\t\t\t<h3 class=\"elementor-heading-title elementor-size-default\">Skills<\/h3>\t\t\t\t<\/div>\n\t\t\t\t<\/div>\n\t\t\t\t<div class=\"elementor-element elementor-element-1e1abbed elementor-widget elementor-widget-text-editor\" data-id=\"1e1abbed\" data-element_type=\"widget\" data-e-type=\"widget\" data-widget_type=\"text-editor.default\">\n\t\t\t\t<div class=\"elementor-widget-container\">\n\t\t\t\t\t\t\t\t\t<ul><li>Work in chemical laboratory,<\/li><li>Deposition of thick films by screen-printing<\/li><li>FT-IR, UV-vis spectrophotometer,<\/li><li>Electrospinning<\/li><\/ul>\t\t\t\t\t\t\t\t<\/div>\n\t\t\t\t<\/div>\n\t\t\t\t\t<\/div>\n\t\t\t\t<\/div>\n\t\t<div class=\"elementor-element elementor-element-23ecb4b e-flex e-con-boxed e-con e-parent\" data-id=\"23ecb4b\" data-element_type=\"container\" data-e-type=\"container\">\n\t\t\t\t\t<div class=\"e-con-inner\">\n\t\t<div class=\"elementor-element elementor-element-cc012f8 e-con-full e-flex e-con e-child\" data-id=\"cc012f8\" data-element_type=\"container\" data-e-type=\"container\">\n\t\t\t\t<div class=\"elementor-element elementor-element-4b2c07a e-n-tabs-mobile elementor-widget elementor-widget-n-tabs\" data-id=\"4b2c07a\" data-element_type=\"widget\" data-e-type=\"widget\" data-settings=\"{&quot;tabs_justify_horizontal&quot;:&quot;start&quot;,&quot;horizontal_scroll&quot;:&quot;disable&quot;}\" data-widget_type=\"nested-tabs.default\">\n\t\t\t\t<div class=\"elementor-widget-container\">\n\t\t\t\t\t\t\t<div class=\"e-n-tabs\" data-widget-number=\"78823546\" aria-label=\"Tabs. Open items with Enter or Space, close with Escape and navigate using the Arrow keys.\">\n\t\t\t<div class=\"e-n-tabs-heading\" role=\"tablist\">\n\t\t\t\t\t<button id=\"e-n-tab-title-788235461\" data-tab-title-id=\"e-n-tab-title-788235461\" class=\"e-n-tab-title\" aria-selected=\"true\" data-tab-index=\"1\" role=\"tab\" tabindex=\"0\" aria-controls=\"e-n-tab-content-788235461\" style=\"--n-tabs-title-order: 1;\">\n\t\t\t\t\t\t<span class=\"e-n-tab-title-text\">\n\t\t\t\tBiography\t\t\t<\/span>\n\t\t<\/button>\n\t\t\t\t<button id=\"e-n-tab-title-788235462\" data-tab-title-id=\"e-n-tab-title-788235462\" class=\"e-n-tab-title\" aria-selected=\"false\" data-tab-index=\"2\" role=\"tab\" tabindex=\"-1\" aria-controls=\"e-n-tab-content-788235462\" style=\"--n-tabs-title-order: 2;\">\n\t\t\t\t\t\t<span class=\"e-n-tab-title-text\">\n\t\t\t\tProjects\t\t\t<\/span>\n\t\t<\/button>\n\t\t\t\t<button id=\"e-n-tab-title-788235463\" data-tab-title-id=\"e-n-tab-title-788235463\" class=\"e-n-tab-title\" aria-selected=\"false\" data-tab-index=\"3\" role=\"tab\" tabindex=\"-1\" aria-controls=\"e-n-tab-content-788235463\" style=\"--n-tabs-title-order: 3;\">\n\t\t\t\t\t\t<span class=\"e-n-tab-title-text\">\n\t\t\t\tSelected publications\t\t\t<\/span>\n\t\t<\/button>\n\t\t\t\t\t<\/div>\n\t\t\t<div class=\"e-n-tabs-content\">\n\t\t\t\t<div id=\"e-n-tab-content-788235461\" role=\"tabpanel\" aria-labelledby=\"e-n-tab-title-788235461\" data-tab-index=\"1\" style=\"--n-tabs-title-order: 1;\" class=\"e-active elementor-element elementor-element-5e2ccbb e-con-full e-flex e-con e-child\" data-id=\"5e2ccbb\" data-element_type=\"container\" data-e-type=\"container\">\n\t\t<div class=\"elementor-element elementor-element-38f63c5 e-flex e-con-boxed e-con e-child\" data-id=\"38f63c5\" data-element_type=\"container\" data-e-type=\"container\">\n\t\t\t\t\t<div class=\"e-con-inner\">\n\t\t\t\t<div class=\"elementor-element elementor-element-d1a97b6 elementor-widget elementor-widget-heading\" data-id=\"d1a97b6\" data-element_type=\"widget\" data-e-type=\"widget\" data-widget_type=\"heading.default\">\n\t\t\t\t<div class=\"elementor-widget-container\">\n\t\t\t\t\t<h6 class=\"elementor-heading-title elementor-size-default\">Work experience:<\/h6>\t\t\t\t<\/div>\n\t\t\t\t<\/div>\n\t\t\t\t<div class=\"elementor-element elementor-element-caeb324 elementor-widget elementor-widget-text-editor\" data-id=\"caeb324\" data-element_type=\"widget\" data-e-type=\"widget\" data-widget_type=\"text-editor.default\">\n\t\t\t\t<div class=\"elementor-widget-container\">\n\t\t\t\t\t\t\t\t\t<ul>\n  <li>01.07.2020- present: Research Fellow, Institute for Multidisciplinary Research, University of Belgrade.<\/li>\n  <li>2013-2020, Research assistant, Institute of Technical Sciences of SASA, Belgrade<\/li>\n  <li>2012-2013, Research trainee, Institute of Technical Sciences of SASA, Belgrade<\/li>\n<\/ul>\n\t\t\t\t\t\t\t\t<\/div>\n\t\t\t\t<\/div>\n\t\t\t\t<div class=\"elementor-element elementor-element-2621327 elementor-widget elementor-widget-heading\" data-id=\"2621327\" data-element_type=\"widget\" data-e-type=\"widget\" data-widget_type=\"heading.default\">\n\t\t\t\t<div class=\"elementor-widget-container\">\n\t\t\t\t\t<h6 class=\"elementor-heading-title elementor-size-default\">Education:\n\n<\/h6>\t\t\t\t<\/div>\n\t\t\t\t<\/div>\n\t\t\t\t<div class=\"elementor-element elementor-element-54f9b37 elementor-widget elementor-widget-text-editor\" data-id=\"54f9b37\" data-element_type=\"widget\" data-e-type=\"widget\" data-widget_type=\"text-editor.default\">\n\t\t\t\t<div class=\"elementor-widget-container\">\n\t\t\t\t\t\t\t\t\t<ul>\n  <li>2019-Ph.D. in Materials Science, Faculty of Technology and Metallurgy, University of Belgrade. Thesis title: Synthesis, structure, characterization and photoelectrochemical application of pseudobrookite, Fe<sub>2<\/sub>TiO<sub>5<\/sub>, thick layers <\/li>\n  <li>2011-Ms.C. in chemical engineering, Faculty of Technology and Metallurgy, University of Belgrade. Thesis title: Morphological characterization of erythrocyte membranes obtained by controlled hemolysis <\/li>\n  <li>2010-Bs.C. in chemical engineering, Faculty of Technology and Metallurgy, University of Belgrade.<\/li>\n<\/ul>\n\t\t\t\t\t\t\t\t<\/div>\n\t\t\t\t<\/div>\n\t\t\t\t\t<\/div>\n\t\t\t\t<\/div>\n\t\t\t\t<\/div>\n\t\t<div id=\"e-n-tab-content-788235462\" role=\"tabpanel\" aria-labelledby=\"e-n-tab-title-788235462\" data-tab-index=\"2\" style=\"--n-tabs-title-order: 2;\" class=\" elementor-element elementor-element-f48ca10 e-con-full e-flex e-con e-child\" data-id=\"f48ca10\" data-element_type=\"container\" data-e-type=\"container\">\n\t\t<div class=\"elementor-element elementor-element-cba414d e-flex e-con-boxed e-con e-child\" data-id=\"cba414d\" data-element_type=\"container\" data-e-type=\"container\">\n\t\t\t\t\t<div class=\"e-con-inner\">\n\t\t\t\t<div class=\"elementor-element elementor-element-139f785 elementor-widget elementor-widget-heading\" data-id=\"139f785\" data-element_type=\"widget\" data-e-type=\"widget\" data-widget_type=\"heading.default\">\n\t\t\t\t<div class=\"elementor-widget-container\">\n\t\t\t\t\t<h6 class=\"elementor-heading-title elementor-size-default\">Past:\n\n<\/h6>\t\t\t\t<\/div>\n\t\t\t\t<\/div>\n\t\t\t\t<div class=\"elementor-element elementor-element-a7300ef elementor-widget elementor-widget-text-editor\" data-id=\"a7300ef\" data-element_type=\"widget\" data-e-type=\"widget\" data-widget_type=\"text-editor.default\">\n\t\t\t\t<div class=\"elementor-widget-container\">\n\t\t\t\t\t\t\t\t\t<ul>\n \t<li>III45007 \u201cZero- to Three-Dimensional Nanostructures for Application in Electronics and Renewable Energy Sources: Synthesis, Characterization and Processing\u201d<\/li>\n<\/ul>\t\t\t\t\t\t\t\t<\/div>\n\t\t\t\t<\/div>\n\t\t\t\t\t<\/div>\n\t\t\t\t<\/div>\n\t\t\t\t<\/div>\n\t\t<div id=\"e-n-tab-content-788235463\" role=\"tabpanel\" aria-labelledby=\"e-n-tab-title-788235463\" data-tab-index=\"3\" style=\"--n-tabs-title-order: 3;\" class=\" elementor-element elementor-element-3517870 e-con-full e-flex e-con e-child\" data-id=\"3517870\" data-element_type=\"container\" data-e-type=\"container\">\n\t\t<div class=\"elementor-element elementor-element-325ded4 e-flex e-con-boxed e-con e-child\" data-id=\"325ded4\" data-element_type=\"container\" data-e-type=\"container\">\n\t\t\t\t\t<div class=\"e-con-inner\">\n\t\t\t\t<div class=\"elementor-element elementor-element-5e3428b elementor-widget elementor-widget-text-editor\" data-id=\"5e3428b\" data-element_type=\"widget\" data-e-type=\"widget\" data-widget_type=\"text-editor.default\">\n\t\t\t\t<div class=\"elementor-widget-container\">\n\t\t\t\t\t\t\t\t\t<ol>\n  <li>Milena P. Dojcinovic, <strong>Zorka Z. Vasiljevic<\/strong>, Vera P. Pavlovic, Dario Barisic, Damir Pajic, Nenad B. Tadic, Maria Vesna Nikolic, Mixed Mg\u2013Co spinel ferrites: Structure, morphology, magnetic and photocatalytic properties, <em>Journal of Alloys and Compounds<\/em>, 855 (2021) 157429, <a href=\"https:\/\/doi.org\/10.1016\/j.jallcom.2020.157429\" target=\"_blank\">https:\/\/doi.org\/10.1016\/j.jallcom.2020.157429<\/a>.<\/li>\n  \n  <li>Maria Vesna Nikolic, Vladimir Milovanovic, <strong>Zorka Z. Vasiljevic<\/strong>, Zoran Stamenkovic, Semiconductor Gas Sensors: Materials, Technology, Design, and Application, <em>Sensors<\/em> 20 (2020) 6694, <a href=\"https:\/\/doi.org\/10.3390\/s20226694\" target=\"_blank\">https:\/\/doi.org\/10.3390\/s20226694<\/a><\/li>\n  \n  <li><strong>Z. Z. Vasiljevic<\/strong>, Dojcinovic M. P., Vujancevic J. D., Jankovic-Castvan I., Ognjanovic M., Tadic N. B., Stojadinovic S., Brankovic G. O., Nikolic M. V., Photocatalytic degradation of methylene blue under natural sunlight using iron titanate nanoparticles, <em>Royal Society Open Science<\/em> (2020) 7200708, <a href=\"http:\/\/doi.org\/10.1098\/rsos.200708\" target=\"_blank\">http:\/\/doi.org\/10.1098\/rsos.200708<\/a><\/li>\n  \n  <li><strong>Zorka Z. Vasiljevic<\/strong>, Milena P. Dojcinovic, Jugoslav B. Krstic, Vesna Ribic, Nenad B. Tadic, Milos Ognjanovic, Sandrine Auger, Jasmina Vidic, Maria Vesna Nikolic, Synthesis and antibacterial activity of iron manganite (FeMnO<sub>3<\/sub>) particles, <em>RSC Advances<\/em> 10 (2020) 13879\u201313888, <a href=\"https:\/\/doi.org\/10.1039\/D0RA01809K\" target=\"_blank\">https:\/\/doi.org\/10.1039\/D0RA01809K<\/a><\/li>\n  \n  <li>Nikoli\u0107, Maria Vesna, <strong>Zorka \u017d. Vasiljevi\u0107<\/strong>, et al., Investigation of ZnFe<sub>2<\/sub>O<sub>4<\/sub> Spinel Ferrite Nanocrystalline Screen\u2010printed Thick Films, <em>Int. J. of Applied Ceramic Technology<\/em> 16 (2019) 981\u2013993, <a href=\"https:\/\/doi.org\/10.1111\/ijac.13190\" target=\"_blank\">https:\/\/doi.org\/10.1111\/ijac.13190<\/a><\/li>\n  \n  <li>V. Nikolic, <strong>Z. Z. Vasiljevic<\/strong>, et al., Humidity sensing properties of nanocrystalline pseudobrookite (Fe<sub>2<\/sub>TiO<sub>5<\/sub>) based thick films, <em>Sensors &amp; Actuators B<\/em> 277 (2018) 654\u2013664, <a href=\"http:\/\/dx.doi.org\/10.1016\/j.snb.2018.09.063\" target=\"_blank\">http:\/\/dx.doi.org\/10.1016\/j.snb.2018.09.063<\/a><\/li>\n  \n  <li>V. Nikolic, D. L. Sekulic, <strong>Z. Z. Vasiljevic<\/strong>, et al., Dielectric properties and conductivity of Fe<sub>2<\/sub>TiO<sub>5<\/sub> nanopowders, <em>Journal of Materials Science: Materials in Electronics<\/em>, 28 (2016) 4796\u20134806, <a href=\"https:\/\/doi.org\/10.1007\/s10854-016-6125-6\" target=\"_blank\">https:\/\/doi.org\/10.1007\/s10854-016-6125-6<\/a><\/li>\n  \n  <li>S. Aleksi\u0107, <strong>Z. \u017d. Vasiljevi\u0107<\/strong>, et al., Structural and electronic properties of Fe<sub>2<\/sub>O<sub>3<\/sub>\/TiO<sub>2<\/sub> thick films, <em>Journal of Materials Science<\/em> 52 (2017) 5938\u20135953, <a href=\"https:\/\/doi.org\/10.1007\/s10853-017-0830-2\" target=\"_blank\">https:\/\/doi.org\/10.1007\/s10853-017-0830-2<\/a><\/li>\n  \n  <li><strong>Zorka Z. Djuric<\/strong>, Obrad S. Aleksic, Maria V. Nikolic, et al., Structural and electrical properties of sintered Fe<sub>2<\/sub>O<sub>3<\/sub>\/TiO<sub>2<\/sub> mixtures, <em>Ceramics International<\/em> 40 (2014) 15131\u201315141, <a href=\"http:\/\/dx.doi.org\/10.1016\/j.ceramint.2014.06.126\" target=\"_blank\">http:\/\/dx.doi.org\/10.1016\/j.ceramint.2014.06.126<\/a><\/li>\n  \n  <li><strong>Zorka Z. Vasiljevic<\/strong>, Miloljub D. Lukovic, Maria V. Nikolic, et al., Nanostructured Fe<sub>2<\/sub>O<sub>3<\/sub>\/TiO<sub>2<\/sub> thick films, <em>Ceramics International<\/em> 41 (2015) 6889\u20136897, <a href=\"http:\/\/dx.doi.org\/10.1016\/j.ceramint.2015.01.141\" target=\"_blank\">http:\/\/dx.doi.org\/10.1016\/j.ceramint.2015.01.141<\/a><\/li>\n<\/ol>\n\t\t\t\t\t\t\t\t<\/div>\n\t\t\t\t<\/div>\n\t\t\t\t\t<\/div>\n\t\t\t\t<\/div>\n\t\t\t\t<\/div>\n\t\t\t\t\t<\/div>\n\t\t<\/div>\n\t\t\t\t\t\t<\/div>\n\t\t\t\t<\/div>\n\t\t\t\t<\/div>\n\t\t\t\t\t<\/div>\n\t\t\t\t<\/div>\n\t\t\t\t<\/div>\n\t\t","protected":false},"excerpt":{"rendered":"<p>Research Associate Professor Zorka Vasiljevi\u0107 Department of Materials Science Center for Green Technologies Contact: Address: Volgina 15, 11000 Belgrade, Serbia [&hellip;]<\/p>\n","protected":false},"author":1,"featured_media":0,"parent":27228,"menu_order":0,"comment_status":"closed","ping_status":"closed","template":"","meta":{"site-sidebar-layout":"no-sidebar","site-content-layout":"","ast-site-content-layout":"full-width-container","site-content-style":"default","site-sidebar-style":"default","ast-global-header-display":"","ast-banner-title-visibility":"","ast-main-header-display":"","ast-hfb-above-header-display":"","ast-hfb-below-header-display":"","ast-hfb-mobile-header-display":"","site-post-title":"disabled","ast-breadcrumbs-content":"","ast-featured-img":"disabled","footer-sml-layout":"","ast-disable-related-posts":"","theme-transparent-header-meta":"","adv-header-id-meta":"","stick-header-meta":"","header-above-stick-meta":"","header-main-stick-meta":"","header-below-stick-meta":"","astra-migrate-meta-layouts":"default","ast-page-background-enabled":"default","ast-page-background-meta":{"desktop":{"background-color":"var(--ast-global-color-5)","background-image":"","background-repeat":"repeat","background-position":"center center","background-size":"auto","background-attachment":"scroll","background-type":"","background-media":"","overlay-type":"","overlay-color":"","overlay-opacity":"","overlay-gradient":""},"tablet":{"background-color":"","background-image":"","background-repeat":"repeat","background-position":"center center","background-size":"auto","background-attachment":"scroll","background-type":"","background-media":"","overlay-type":"","overlay-color":"","overlay-opacity":"","overlay-gradient":""},"mobile":{"background-color":"","background-image":"","background-repeat":"repeat","background-position":"center center","background-size":"auto","background-attachment":"scroll","background-type":"","background-media":"","overlay-type":"","overlay-color":"","overlay-opacity":"","overlay-gradient":""}},"ast-content-background-meta":{"desktop":{"background-color":"var(--ast-global-color-4)","background-image":"","background-repeat":"repeat","background-position":"center center","background-size":"auto","background-attachment":"scroll","background-type":"","background-media":"","overlay-type":"","overlay-color":"","overlay-opacity":"","overlay-gradient":""},"tablet":{"background-color":"var(--ast-global-color-4)","background-image":"","background-repeat":"repeat","background-position":"center center","background-size":"auto","background-attachment":"scroll","background-type":"","background-media":"","overlay-type":"","overlay-color":"","overlay-opacity":"","overlay-gradient":""},"mobile":{"background-color":"var(--ast-global-color-4)","background-image":"","background-repeat":"repeat","background-position":"center center","background-size":"auto","background-attachment":"scroll","background-type":"","background-media":"","overlay-type":"","overlay-color":"","overlay-opacity":"","overlay-gradient":""}},"footnotes":""},"class_list":["post-27989","page","type-page","status-publish","hentry"],"_links":{"self":[{"href":"https:\/\/www.imsi.bg.ac.rs\/en\/wp-json\/wp\/v2\/pages\/27989","targetHints":{"allow":["GET"]}}],"collection":[{"href":"https:\/\/www.imsi.bg.ac.rs\/en\/wp-json\/wp\/v2\/pages"}],"about":[{"href":"https:\/\/www.imsi.bg.ac.rs\/en\/wp-json\/wp\/v2\/types\/page"}],"author":[{"embeddable":true,"href":"https:\/\/www.imsi.bg.ac.rs\/en\/wp-json\/wp\/v2\/users\/1"}],"replies":[{"embeddable":true,"href":"https:\/\/www.imsi.bg.ac.rs\/en\/wp-json\/wp\/v2\/comments?post=27989"}],"version-history":[{"count":1,"href":"https:\/\/www.imsi.bg.ac.rs\/en\/wp-json\/wp\/v2\/pages\/27989\/revisions"}],"predecessor-version":[{"id":27990,"href":"https:\/\/www.imsi.bg.ac.rs\/en\/wp-json\/wp\/v2\/pages\/27989\/revisions\/27990"}],"up":[{"embeddable":true,"href":"https:\/\/www.imsi.bg.ac.rs\/en\/wp-json\/wp\/v2\/pages\/27228"}],"wp:attachment":[{"href":"https:\/\/www.imsi.bg.ac.rs\/en\/wp-json\/wp\/v2\/media?parent=27989"}],"curies":[{"name":"wp","href":"https:\/\/api.w.org\/{rel}","templated":true}]}}