{"id":27863,"date":"2025-07-16T13:01:46","date_gmt":"2025-07-16T13:01:46","guid":{"rendered":"https:\/\/www.imsi.bg.ac.rs\/researchers\/viktor-cerovski\/"},"modified":"2026-02-19T23:17:56","modified_gmt":"2026-02-19T23:17:56","slug":"viktor-cerovski","status":"publish","type":"page","link":"https:\/\/www.imsi.bg.ac.rs\/en\/researchers\/viktor-cerovski\/","title":{"rendered":"Viktor Cerovski"},"content":{"rendered":"\t\t<div data-elementor-type=\"wp-page\" data-elementor-id=\"27863\" class=\"elementor elementor-27863 elementor-8544\">\n\t\t\t\t<div class=\"elementor-element elementor-element-2bffb401 e-flex e-con-boxed e-con e-parent\" data-id=\"2bffb401\" data-element_type=\"container\" data-e-type=\"container\" data-settings=\"{&quot;background_background&quot;:&quot;classic&quot;}\">\n\t\t\t\t\t<div class=\"e-con-inner\">\n\t\t<div class=\"elementor-element elementor-element-3be48f45 e-con-full e-flex e-con e-child\" data-id=\"3be48f45\" data-element_type=\"container\" data-e-type=\"container\" data-settings=\"{&quot;background_background&quot;:&quot;classic&quot;}\">\n\t\t\t\t<\/div>\n\t\t<div class=\"elementor-element elementor-element-144ba0b6 e-con-full e-flex e-con e-child\" data-id=\"144ba0b6\" data-element_type=\"container\" data-e-type=\"container\">\n\t\t\t\t<div class=\"elementor-element elementor-element-47eddc8a elementor-widget elementor-widget-heading\" data-id=\"47eddc8a\" data-element_type=\"widget\" data-e-type=\"widget\" data-widget_type=\"heading.default\">\n\t\t\t\t<div class=\"elementor-widget-container\">\n\t\t\t\t\t<h4 class=\"elementor-heading-title elementor-size-default\">Principal Technical Associate<\/h4>\t\t\t\t<\/div>\n\t\t\t\t<\/div>\n\t\t\t\t<div class=\"elementor-element elementor-element-5ad7e3f6 elementor-widget elementor-widget-heading\" data-id=\"5ad7e3f6\" data-element_type=\"widget\" data-e-type=\"widget\" data-widget_type=\"heading.default\">\n\t\t\t\t<div class=\"elementor-widget-container\">\n\t\t\t\t\t<h1 class=\"elementor-heading-title elementor-size-default\">Viktor Cerovski<\/h1>\t\t\t\t<\/div>\n\t\t\t\t<\/div>\n\t\t\t\t<div class=\"elementor-element elementor-element-7c3298ce elementor-widget elementor-widget-heading\" data-id=\"7c3298ce\" data-element_type=\"widget\" data-e-type=\"widget\" data-widget_type=\"heading.default\">\n\t\t\t\t<div class=\"elementor-widget-container\">\n\t\t\t\t\t<h5 class=\"elementor-heading-title elementor-size-default\">PhD in Physics<\/h5>\t\t\t\t<\/div>\n\t\t\t\t<\/div>\n\t\t\t\t<div class=\"elementor-element elementor-element-63d2db5f elementor-widget elementor-widget-heading\" data-id=\"63d2db5f\" data-element_type=\"widget\" data-e-type=\"widget\" data-widget_type=\"heading.default\">\n\t\t\t\t<div class=\"elementor-widget-container\">\n\t\t\t\t\t<h4 class=\"elementor-heading-title elementor-size-default\"><a href=\"https:\/\/www.imsi.bg.ac.rs\/en\/departments\/department-of-plant-soil-and-nano-systems\/\">Department of Plant, Soil and Nano Systems<\/a><\/h4>\t\t\t\t<\/div>\n\t\t\t\t<\/div>\n\t\t\t\t<\/div>\n\t\t\t\t\t<\/div>\n\t\t\t\t<\/div>\n\t\t<div class=\"elementor-element elementor-element-416f0f7 e-flex e-con-boxed e-con e-parent\" data-id=\"416f0f7\" data-element_type=\"container\" data-e-type=\"container\" data-settings=\"{&quot;background_background&quot;:&quot;classic&quot;}\">\n\t\t\t\t\t<div class=\"e-con-inner\">\n\t\t<div class=\"elementor-element elementor-element-9ea53bc e-con-full e-flex e-con e-child\" data-id=\"9ea53bc\" data-element_type=\"container\" data-e-type=\"container\">\n\t\t<div class=\"elementor-element elementor-element-cf01d0a e-con-full e-flex e-con e-child\" data-id=\"cf01d0a\" data-element_type=\"container\" data-e-type=\"container\" data-settings=\"{&quot;background_background&quot;:&quot;classic&quot;}\">\n\t\t\t\t<div class=\"elementor-element elementor-element-1d18140 elementor-widget elementor-widget-heading\" data-id=\"1d18140\" data-element_type=\"widget\" data-e-type=\"widget\" data-widget_type=\"heading.default\">\n\t\t\t\t<div class=\"elementor-widget-container\">\n\t\t\t\t\t<h4 class=\"elementor-heading-title elementor-size-default\">Contact:<\/h4>\t\t\t\t<\/div>\n\t\t\t\t<\/div>\n\t\t\t\t<div class=\"elementor-element elementor-element-60302fc elementor-widget elementor-widget-text-editor\" data-id=\"60302fc\" data-element_type=\"widget\" data-e-type=\"widget\" data-widget_type=\"text-editor.default\">\n\t\t\t\t<div class=\"elementor-widget-container\">\n\t\t\t\t\t\t\t\t\t<p>Address:<\/p>\t\t\t\t\t\t\t\t<\/div>\n\t\t\t\t<\/div>\n\t\t\t\t<div class=\"elementor-element elementor-element-75134de0 elementor-widget elementor-widget-text-editor\" data-id=\"75134de0\" data-element_type=\"widget\" data-e-type=\"widget\" data-widget_type=\"text-editor.default\">\n\t\t\t\t<div class=\"elementor-widget-container\">\n\t\t\t\t\t\t\t\t\t<p><a href=\"https:\/\/maps.app.goo.gl\/MiU5crdrdnUkzHSM8\" target=\"_blank\" rel=\"noopener\">Bulevar Zorana \u0110in\u0111i\u0107a 123<\/a><\/p>\t\t\t\t\t\t\t\t<\/div>\n\t\t\t\t<\/div>\n\t\t\t\t<div class=\"elementor-element elementor-element-fef9f7b elementor-widget elementor-widget-text-editor\" data-id=\"fef9f7b\" data-element_type=\"widget\" data-e-type=\"widget\" data-widget_type=\"text-editor.default\">\n\t\t\t\t<div class=\"elementor-widget-container\">\n\t\t\t\t\t\t\t\t\t<p>E-Mail:<\/p>\t\t\t\t\t\t\t\t<\/div>\n\t\t\t\t<\/div>\n\t\t\t\t<div class=\"elementor-element elementor-element-36b93d01 elementor-widget elementor-widget-text-editor\" data-id=\"36b93d01\" data-element_type=\"widget\" data-e-type=\"widget\" data-widget_type=\"text-editor.default\">\n\t\t\t\t<div class=\"elementor-widget-container\">\n\t\t\t\t\t\t\t\t\t<p><a href=\"tel:(+381)%2011%202691%20773\">(+381) 11 2691 773<\/a><\/p>\t\t\t\t\t\t\t\t<\/div>\n\t\t\t\t<\/div>\n\t\t\t\t<\/div>\n\t\t\t\t<\/div>\n\t\t<div class=\"elementor-element elementor-element-10dfe21 e-con-full e-flex e-con e-child\" data-id=\"10dfe21\" data-element_type=\"container\" data-e-type=\"container\">\n\t\t<div class=\"elementor-element elementor-element-2c7dc1c e-con-full e-flex e-con e-child\" data-id=\"2c7dc1c\" data-element_type=\"container\" data-e-type=\"container\" data-settings=\"{&quot;background_background&quot;:&quot;classic&quot;}\">\n\t\t\t\t<div class=\"elementor-element elementor-element-e3496f8 elementor-widget elementor-widget-heading\" data-id=\"e3496f8\" data-element_type=\"widget\" data-e-type=\"widget\" data-widget_type=\"heading.default\">\n\t\t\t\t<div class=\"elementor-widget-container\">\n\t\t\t\t\t<h4 class=\"elementor-heading-title elementor-size-default\">Links:<\/h4>\t\t\t\t<\/div>\n\t\t\t\t<\/div>\n\t\t\t\t<div class=\"elementor-element elementor-element-66e3a7fd elementor-widget elementor-widget-text-editor\" data-id=\"66e3a7fd\" data-element_type=\"widget\" data-e-type=\"widget\" data-widget_type=\"text-editor.default\">\n\t\t\t\t<div class=\"elementor-widget-container\">\n\t\t\t\t\t\t\t\t\t<p><a href=\"mailto:viktor.cerovski@gmail.com\">viktor.cerovski@gmail.com<\/a><\/p>\t\t\t\t\t\t\t\t<\/div>\n\t\t\t\t<\/div>\n\t\t\t\t<\/div>\n\t\t\t\t<\/div>\n\t\t<div class=\"elementor-element elementor-element-2ffe0be e-con-full elementor-hidden-tablet elementor-hidden-mobile e-flex e-con e-child\" data-id=\"2ffe0be\" data-element_type=\"container\" data-e-type=\"container\">\n\t\t\t\t<\/div>\n\t\t\t\t\t<\/div>\n\t\t\t\t<\/div>\n\t\t<div class=\"elementor-element elementor-element-9eb7e4b e-flex e-con-boxed e-con e-parent\" data-id=\"9eb7e4b\" data-element_type=\"container\" data-e-type=\"container\">\n\t\t\t\t\t<div class=\"e-con-inner\">\n\t\t\t\t<div class=\"elementor-element elementor-element-3572b900 elementor-widget elementor-widget-heading\" data-id=\"3572b900\" data-element_type=\"widget\" data-e-type=\"widget\" data-widget_type=\"heading.default\">\n\t\t\t\t<div class=\"elementor-widget-container\">\n\t\t\t\t\t<h3 class=\"elementor-heading-title elementor-size-default\">Research area<\/h3>\t\t\t\t<\/div>\n\t\t\t\t<\/div>\n\t\t\t\t<div class=\"elementor-element elementor-element-25fb4a5f elementor-widget elementor-widget-text-editor\" data-id=\"25fb4a5f\" data-element_type=\"widget\" data-e-type=\"widget\" data-widget_type=\"text-editor.default\">\n\t\t\t\t<div class=\"elementor-widget-container\">\n\t\t\t\t\t\t\t\t\t<ul><li>Quantum mechanical disordered, chaotic and quasiperiodic systems; <br><\/li><li>Mesoscopic Physics;<\/li><li>Atomic clusters;<\/li><li>Atomic and electronic structure of biomnolecules;<\/li><li>Nanoscale electronic transport.<\/li><\/ul>\t\t\t\t\t\t\t\t<\/div>\n\t\t\t\t<\/div>\n\t\t\t\t<div class=\"elementor-element elementor-element-5ca35903 elementor-widget elementor-widget-heading\" data-id=\"5ca35903\" data-element_type=\"widget\" data-e-type=\"widget\" data-widget_type=\"heading.default\">\n\t\t\t\t<div class=\"elementor-widget-container\">\n\t\t\t\t\t<h3 class=\"elementor-heading-title elementor-size-default\">Skills<\/h3>\t\t\t\t<\/div>\n\t\t\t\t<\/div>\n\t\t\t\t<div class=\"elementor-element elementor-element-3ad90a00 elementor-widget elementor-widget-text-editor\" data-id=\"3ad90a00\" data-element_type=\"widget\" data-e-type=\"widget\" data-widget_type=\"text-editor.default\">\n\t\t\t\t<div class=\"elementor-widget-container\">\n\t\t\t\t\t\t\t\t\t<ul><li>Work with DFT packages;<\/li><li>Administration of small size HPC clusters.<\/li><\/ul>\t\t\t\t\t\t\t\t<\/div>\n\t\t\t\t<\/div>\n\t\t\t\t\t<\/div>\n\t\t\t\t<\/div>\n\t\t<div class=\"elementor-element elementor-element-abcb5ce e-flex e-con-boxed e-con e-parent\" data-id=\"abcb5ce\" data-element_type=\"container\" data-e-type=\"container\">\n\t\t\t\t\t<div class=\"e-con-inner\">\n\t\t<div class=\"elementor-element elementor-element-b88df93 e-con-full e-flex e-con e-child\" data-id=\"b88df93\" data-element_type=\"container\" data-e-type=\"container\">\n\t\t\t\t<div class=\"elementor-element elementor-element-4b5b794 e-n-tabs-mobile elementor-widget elementor-widget-n-tabs\" data-id=\"4b5b794\" data-element_type=\"widget\" data-e-type=\"widget\" data-settings=\"{&quot;tabs_justify_horizontal&quot;:&quot;start&quot;,&quot;horizontal_scroll&quot;:&quot;disable&quot;}\" data-widget_type=\"nested-tabs.default\">\n\t\t\t\t<div class=\"elementor-widget-container\">\n\t\t\t\t\t\t\t<div class=\"e-n-tabs\" data-widget-number=\"79017876\" aria-label=\"Tabs. Open items with Enter or Space, close with Escape and navigate using the Arrow keys.\">\n\t\t\t<div class=\"e-n-tabs-heading\" role=\"tablist\">\n\t\t\t\t\t<button id=\"e-n-tab-title-790178761\" data-tab-title-id=\"e-n-tab-title-790178761\" class=\"e-n-tab-title\" aria-selected=\"true\" data-tab-index=\"1\" role=\"tab\" tabindex=\"0\" aria-controls=\"e-n-tab-content-790178761\" style=\"--n-tabs-title-order: 1;\">\n\t\t\t\t\t\t<span class=\"e-n-tab-title-text\">\n\t\t\t\tBiography\t\t\t<\/span>\n\t\t<\/button>\n\t\t\t\t<button id=\"e-n-tab-title-790178762\" data-tab-title-id=\"e-n-tab-title-790178762\" class=\"e-n-tab-title\" aria-selected=\"false\" data-tab-index=\"2\" role=\"tab\" tabindex=\"-1\" aria-controls=\"e-n-tab-content-790178762\" style=\"--n-tabs-title-order: 2;\">\n\t\t\t\t\t\t<span class=\"e-n-tab-title-text\">\n\t\t\t\tProjects\t\t\t<\/span>\n\t\t<\/button>\n\t\t\t\t<button id=\"e-n-tab-title-790178763\" data-tab-title-id=\"e-n-tab-title-790178763\" class=\"e-n-tab-title\" aria-selected=\"false\" data-tab-index=\"3\" role=\"tab\" tabindex=\"-1\" aria-controls=\"e-n-tab-content-790178763\" style=\"--n-tabs-title-order: 3;\">\n\t\t\t\t\t\t<span class=\"e-n-tab-title-text\">\n\t\t\t\tSelected publications\t\t\t<\/span>\n\t\t<\/button>\n\t\t\t\t\t<\/div>\n\t\t\t<div class=\"e-n-tabs-content\">\n\t\t\t\t<div id=\"e-n-tab-content-790178761\" role=\"tabpanel\" aria-labelledby=\"e-n-tab-title-790178761\" data-tab-index=\"1\" style=\"--n-tabs-title-order: 1;\" class=\"e-active elementor-element elementor-element-ff6ae01 e-con-full e-flex e-con e-child\" data-id=\"ff6ae01\" data-element_type=\"container\" data-e-type=\"container\">\n\t\t<div class=\"elementor-element elementor-element-f63d908 e-flex e-con-boxed e-con e-child\" data-id=\"f63d908\" data-element_type=\"container\" data-e-type=\"container\">\n\t\t\t\t\t<div class=\"e-con-inner\">\n\t\t\t\t<div class=\"elementor-element elementor-element-5c674ea elementor-widget elementor-widget-heading\" data-id=\"5c674ea\" data-element_type=\"widget\" data-e-type=\"widget\" data-widget_type=\"heading.default\">\n\t\t\t\t<div class=\"elementor-widget-container\">\n\t\t\t\t\t<h6 class=\"elementor-heading-title elementor-size-default\">Work experience:<\/h6>\t\t\t\t<\/div>\n\t\t\t\t<\/div>\n\t\t\t\t<div class=\"elementor-element elementor-element-e1c5ce9 elementor-widget elementor-widget-text-editor\" data-id=\"e1c5ce9\" data-element_type=\"widget\" data-e-type=\"widget\" data-widget_type=\"text-editor.default\">\n\t\t\t\t<div class=\"elementor-widget-container\">\n\t\t\t\t\t\t\t\t\t<ul>\n  <li>Institute for Interdisciplinary Research (IMSI), University of Belgrade<\/li>\n  <li>Institut for Physics Belgrade, University of Belgrade<\/li>\n  <li>Elementary School \u201cBo\u0161ko Palkovljevi\u0107 Pinki\u201c, Stara Pazova, Serbia.  <\/li>\n  <li>Technical University Chemitz, Germany, EU<\/li>\n  <li>Virginia Commonwealth University, Richmond VA, US.<\/li>\n  <li>Michigan State University, East Lansing MI, US<\/li>\n<\/ul>\n\t\t\t\t\t\t\t\t<\/div>\n\t\t\t\t<\/div>\n\t\t\t\t<div class=\"elementor-element elementor-element-27fa6d3 elementor-widget elementor-widget-heading\" data-id=\"27fa6d3\" data-element_type=\"widget\" data-e-type=\"widget\" data-widget_type=\"heading.default\">\n\t\t\t\t<div class=\"elementor-widget-container\">\n\t\t\t\t\t<h6 class=\"elementor-heading-title elementor-size-default\">Education:\n\n<\/h6>\t\t\t\t<\/div>\n\t\t\t\t<\/div>\n\t\t\t\t<div class=\"elementor-element elementor-element-cc6c161 elementor-widget elementor-widget-text-editor\" data-id=\"cc6c161\" data-element_type=\"widget\" data-e-type=\"widget\" data-widget_type=\"text-editor.default\">\n\t\t\t\t<div class=\"elementor-widget-container\">\n\t\t\t\t\t\t\t\t\t<ul>\n  <li>PhD Physics, Michigan State University, East Lansing MI, US<\/li>\n  <li>BcS Physics, Faculty of Physics, University of Belgrade, Serbia.<\/li>\n  <li>Programmer, Mathematical Grammar School, Belgrade, Serbia.<\/li>\n<\/ul>\n\t\t\t\t\t\t\t\t<\/div>\n\t\t\t\t<\/div>\n\t\t\t\t<div class=\"elementor-element elementor-element-476edf5 elementor-widget elementor-widget-heading\" data-id=\"476edf5\" data-element_type=\"widget\" data-e-type=\"widget\" data-widget_type=\"heading.default\">\n\t\t\t\t<div class=\"elementor-widget-container\">\n\t\t\t\t\t<h6 class=\"elementor-heading-title elementor-size-default\">Other professional activities\n<\/h6>\t\t\t\t<\/div>\n\t\t\t\t<\/div>\n\t\t\t\t<div class=\"elementor-element elementor-element-3964676 elementor-widget elementor-widget-text-editor\" data-id=\"3964676\" data-element_type=\"widget\" data-e-type=\"widget\" data-widget_type=\"text-editor.default\">\n\t\t\t\t<div class=\"elementor-widget-container\">\n\t\t\t\t\t\t\t\t\t<ul>\n \t<li>Mentor in the preparation of a doctoral dissertation in the scientific field of Physics, Faculty of Physics, University of Belgrade.<\/li>\n<li>Commentator in the preparation of several diploma and master&#8217;s theses in the scientific field of Physics, Faculty of Physics, University of Belgrade.<\/li>\n<\/ul>\t\t\t\t\t\t\t\t<\/div>\n\t\t\t\t<\/div>\n\t\t\t\t<div class=\"elementor-element elementor-element-4bf57c6 elementor-widget elementor-widget-heading\" data-id=\"4bf57c6\" data-element_type=\"widget\" data-e-type=\"widget\" data-widget_type=\"heading.default\">\n\t\t\t\t<div class=\"elementor-widget-container\">\n\t\t\t\t\t<h6 class=\"elementor-heading-title elementor-size-default\">Courses taught:<\/h6>\t\t\t\t<\/div>\n\t\t\t\t<\/div>\n\t\t\t\t<div class=\"elementor-element elementor-element-4724c86 elementor-widget elementor-widget-text-editor\" data-id=\"4724c86\" data-element_type=\"widget\" data-e-type=\"widget\" data-widget_type=\"text-editor.default\">\n\t\t\t\t<div class=\"elementor-widget-container\">\n\t\t\t\t\t\t\t\t\t<ul>\n \t<li>Teaching Assistant (Introductory Physics, Electronics Lab, Quantum Mechanics Homework grader; Michigan State University).<\/li>\n<\/ul>\t\t\t\t\t\t\t\t<\/div>\n\t\t\t\t<\/div>\n\t\t\t\t\t<\/div>\n\t\t\t\t<\/div>\n\t\t\t\t<\/div>\n\t\t<div id=\"e-n-tab-content-790178762\" role=\"tabpanel\" aria-labelledby=\"e-n-tab-title-790178762\" data-tab-index=\"2\" style=\"--n-tabs-title-order: 2;\" class=\" elementor-element elementor-element-37d6e47 e-con-full e-flex e-con e-child\" data-id=\"37d6e47\" data-element_type=\"container\" data-e-type=\"container\">\n\t\t<div class=\"elementor-element elementor-element-28deaeb e-flex e-con-boxed e-con e-child\" data-id=\"28deaeb\" data-element_type=\"container\" data-e-type=\"container\">\n\t\t\t\t\t<div class=\"e-con-inner\">\n\t\t\t\t<div class=\"elementor-element elementor-element-3352ee5 elementor-widget elementor-widget-heading\" data-id=\"3352ee5\" data-element_type=\"widget\" data-e-type=\"widget\" data-widget_type=\"heading.default\">\n\t\t\t\t<div class=\"elementor-widget-container\">\n\t\t\t\t\t<h6 class=\"elementor-heading-title elementor-size-default\">Current:<\/h6>\t\t\t\t<\/div>\n\t\t\t\t<\/div>\n\t\t\t\t<div class=\"elementor-element elementor-element-c85309a elementor-widget elementor-widget-text-editor\" data-id=\"c85309a\" data-element_type=\"widget\" data-e-type=\"widget\" data-widget_type=\"text-editor.default\">\n\t\t\t\t<div class=\"elementor-widget-container\">\n\t\t\t\t\t\t\t\t\t<ul>\n \t<li>Ministry of Education, Science and Technological Development of Republic of Serbia Project No. 171033. <\/li>\n<\/ul>\t\t\t\t\t\t\t\t<\/div>\n\t\t\t\t<\/div>\n\t\t\t\t<div class=\"elementor-element elementor-element-377f879 elementor-widget elementor-widget-heading\" data-id=\"377f879\" data-element_type=\"widget\" data-e-type=\"widget\" data-widget_type=\"heading.default\">\n\t\t\t\t<div class=\"elementor-widget-container\">\n\t\t\t\t\t<h6 class=\"elementor-heading-title elementor-size-default\">Past:\n\n<\/h6>\t\t\t\t<\/div>\n\t\t\t\t<\/div>\n\t\t\t\t<div class=\"elementor-element elementor-element-6026b13 elementor-widget elementor-widget-text-editor\" data-id=\"6026b13\" data-element_type=\"widget\" data-e-type=\"widget\" data-widget_type=\"text-editor.default\">\n\t\t\t\t<div class=\"elementor-widget-container\">\n\t\t\t\t\t\t\t\t\t<ul><li><em>EU project Nanotube-Junction for High Throughput DNA Sequencing (nanoDNAsequencing)<\/em> within framework <em>FP7-NMP-2007-SMALL-1 Nano-scale mechanism of bio-non-bio interaction<\/em>.<\/li><li>Ministry of Education, Science and Technological Development of Republic of Serbia Project No. 41028 <\/li><li>SOLEIL Synchotron Project No. 2012874, France, EU <\/li><li>SOLEIL Synchotron Project No. 20130388, France, EU <\/li><li>COST Action CM1204, XLIC \u2013 XUV\/X-ray Light and fast Ions for ultrafast Chemistry<\/li><li>SCOPES Project No. 152406 <\/li><\/ul>\t\t\t\t\t\t\t\t<\/div>\n\t\t\t\t<\/div>\n\t\t\t\t\t<\/div>\n\t\t\t\t<\/div>\n\t\t\t\t<\/div>\n\t\t<div id=\"e-n-tab-content-790178763\" role=\"tabpanel\" aria-labelledby=\"e-n-tab-title-790178763\" data-tab-index=\"3\" style=\"--n-tabs-title-order: 3;\" class=\" elementor-element elementor-element-2793d2e e-con-full e-flex e-con e-child\" data-id=\"2793d2e\" data-element_type=\"container\" data-e-type=\"container\">\n\t\t<div class=\"elementor-element elementor-element-43f6f60 e-flex e-con-boxed e-con e-child\" data-id=\"43f6f60\" data-element_type=\"container\" data-e-type=\"container\">\n\t\t\t\t\t<div class=\"e-con-inner\">\n\t\t\t\t<div class=\"elementor-element elementor-element-f606432 elementor-widget elementor-widget-text-editor\" data-id=\"f606432\" data-element_type=\"widget\" data-e-type=\"widget\" data-widget_type=\"text-editor.default\">\n\t\t\t\t<div class=\"elementor-widget-container\">\n\t\t\t\t\t\t\t\t\t<ol>\n  <li><strong>V. Cerovski,<\/strong> S. Dra\u017ei\u0107, R. \u017diki\u0107, Theory of time-dependent nonequilibrium transport through a single molecule in a nonorthogonal basis set, INTERNATIONAL JOURNAL OF QUANTUM CHEMISTRY 117, 57-73 (2017)<\/li>\n  <li><strong>Viktor Z. Cerovski,<\/strong> Aleksandar R. Milosavljevi\u0107, Francis Canon, Milo\u0161 Lj. Rankovi\u0107, Nikola \u0160koro, Laurent Nahon, Alexandre Giuliani, Energy-Dependent UV Photo\u00addissociation of Gas-Phase Adenosine Monophosphate Nucleotide Ions: The Role of a Single Solvent Molecule, JOURNAL OF PHYSICAL CHEMISTRY LETTERS 5, 1994 (2014) <\/li>\n  <li><strong>Viktor Z. Cerovski,<\/strong> Aleksandar R. Milosavljevi\u0107, Francis Canon, Laurent Nahon, Alexandre Giuliani, Nanosolvation-Induced Stabilization of a Protonated Peptide Dimer Isolated in the Gas Phase, ANGEWANDTE CHEMIE INTERNATIONAL EDITION 52, 7286 (2013)<\/li>\n  <li>Ja\u0107imovi\u0107, C. Vaju, A. Magrez, H. Berger, L. Forr\u00f3, R. Ga\u00e1l, <strong>V. Cerovski<\/strong> and R. \u017diki\u0107, Pressure dependence of the large-polaron transport in anatase TiO2 single crystals, Europhys. Lett.  99, 57005 (2012)<\/li>\n  <li><strong>Viktor Cerovski,<\/strong> Boundary hopping and the mobility edge in the Anderson model in three dimensions, PHYSICAL REVIEW B, 75, 113101 (2007)<\/li>\n  <li><strong>Z. Cerovski,<\/strong> M. Schreiber, U. Grimm, Spectral and diffusive properties of silver-mean quasicrystals in one, two, and three dimensions, PHYSICAL REVIEW B 72, 054203 (2005)<\/li>\n  <li>Cerowski, B. K. Rao, S. N. Khanna, P. Jena, S. Ishii, K. Ohno, Kawazoe, Evolution of the electronic structure of Be clusters, JOURNAL OF CHEMICAL PHYSICS 123, 074329 (2005)<\/li>\n  <li>K. Nikoli\u0107, <strong>V. Z. Cerovski,<\/strong> Structure of quantum disordered wave functions: weak localization, far tails, and mesoscopic transport, EUROPEAN PHYSICAL JOURNAL B 30, 227-238 (2002)<\/li>\n  <li><strong>Viktor Cerovski,<\/strong> Critical exponent of the random flux model on an infinite two-dimensional square lattice and anomalous critical states, PHYSICAL REVIEW B 64, 161101 (2001)<\/li>\n  <li><strong>Z. Cerovski,<\/strong> S. D. Mahanti, S. N. Khanna, Magnetization of Gd13 cluster: anomalous thermal behavior, EUROPEAN PHYSICAL JOURNAL D 10, 119 (2000)<\/li>\n<\/ol>\n\t\t\t\t\t\t\t\t<\/div>\n\t\t\t\t<\/div>\n\t\t\t\t\t<\/div>\n\t\t\t\t<\/div>\n\t\t\t\t<\/div>\n\t\t\t\t\t<\/div>\n\t\t<\/div>\n\t\t\t\t\t\t<\/div>\n\t\t\t\t<\/div>\n\t\t\t\t<\/div>\n\t\t\t\t\t<\/div>\n\t\t\t\t<\/div>\n\t\t\t\t<\/div>\n\t\t","protected":false},"excerpt":{"rendered":"<p>Principal Technical Associate Viktor Cerovski PhD in Physics Department of Plant, Soil and Nano Systems Contact: Address: Bulevar Zorana \u0110in\u0111i\u0107a [&hellip;]<\/p>\n","protected":false},"author":1,"featured_media":0,"parent":27228,"menu_order":0,"comment_status":"closed","ping_status":"closed","template":"","meta":{"site-sidebar-layout":"no-sidebar","site-content-layout":"","ast-site-content-layout":"full-width-container","site-content-style":"default","site-sidebar-style":"default","ast-global-header-display":"","ast-banner-title-visibility":"","ast-main-header-display":"","ast-hfb-above-header-display":"","ast-hfb-below-header-display":"","ast-hfb-mobile-header-display":"","site-post-title":"disabled","ast-breadcrumbs-content":"","ast-featured-img":"disabled","footer-sml-layout":"","ast-disable-related-posts":"","theme-transparent-header-meta":"","adv-header-id-meta":"","stick-header-meta":"","header-above-stick-meta":"","header-main-stick-meta":"","header-below-stick-meta":"","astra-migrate-meta-layouts":"default","ast-page-background-enabled":"default","ast-page-background-meta":{"desktop":{"background-color":"var(--ast-global-color-5)","background-image":"","background-repeat":"repeat","background-position":"center center","background-size":"auto","background-attachment":"scroll","background-type":"","background-media":"","overlay-type":"","overlay-color":"","overlay-opacity":"","overlay-gradient":""},"tablet":{"background-color":"","background-image":"","background-repeat":"repeat","background-position":"center center","background-size":"auto","background-attachment":"scroll","background-type":"","background-media":"","overlay-type":"","overlay-color":"","overlay-opacity":"","overlay-gradient":""},"mobile":{"background-color":"","background-image":"","background-repeat":"repeat","background-position":"center center","background-size":"auto","background-attachment":"scroll","background-type":"","background-media":"","overlay-type":"","overlay-color":"","overlay-opacity":"","overlay-gradient":""}},"ast-content-background-meta":{"desktop":{"background-color":"var(--ast-global-color-4)","background-image":"","background-repeat":"repeat","background-position":"center center","background-size":"auto","background-attachment":"scroll","background-type":"","background-media":"","overlay-type":"","overlay-color":"","overlay-opacity":"","overlay-gradient":""},"tablet":{"background-color":"var(--ast-global-color-4)","background-image":"","background-repeat":"repeat","background-position":"center center","background-size":"auto","background-attachment":"scroll","background-type":"","background-media":"","overlay-type":"","overlay-color":"","overlay-opacity":"","overlay-gradient":""},"mobile":{"background-color":"var(--ast-global-color-4)","background-image":"","background-repeat":"repeat","background-position":"center center","background-size":"auto","background-attachment":"scroll","background-type":"","background-media":"","overlay-type":"","overlay-color":"","overlay-opacity":"","overlay-gradient":""}},"footnotes":""},"class_list":["post-27863","page","type-page","status-publish","hentry"],"_links":{"self":[{"href":"https:\/\/www.imsi.bg.ac.rs\/en\/wp-json\/wp\/v2\/pages\/27863","targetHints":{"allow":["GET"]}}],"collection":[{"href":"https:\/\/www.imsi.bg.ac.rs\/en\/wp-json\/wp\/v2\/pages"}],"about":[{"href":"https:\/\/www.imsi.bg.ac.rs\/en\/wp-json\/wp\/v2\/types\/page"}],"author":[{"embeddable":true,"href":"https:\/\/www.imsi.bg.ac.rs\/en\/wp-json\/wp\/v2\/users\/1"}],"replies":[{"embeddable":true,"href":"https:\/\/www.imsi.bg.ac.rs\/en\/wp-json\/wp\/v2\/comments?post=27863"}],"version-history":[{"count":1,"href":"https:\/\/www.imsi.bg.ac.rs\/en\/wp-json\/wp\/v2\/pages\/27863\/revisions"}],"predecessor-version":[{"id":27864,"href":"https:\/\/www.imsi.bg.ac.rs\/en\/wp-json\/wp\/v2\/pages\/27863\/revisions\/27864"}],"up":[{"embeddable":true,"href":"https:\/\/www.imsi.bg.ac.rs\/en\/wp-json\/wp\/v2\/pages\/27228"}],"wp:attachment":[{"href":"https:\/\/www.imsi.bg.ac.rs\/en\/wp-json\/wp\/v2\/media?parent=27863"}],"curies":[{"name":"wp","href":"https:\/\/api.w.org\/{rel}","templated":true}]}}