{"id":27836,"date":"2025-07-16T12:42:42","date_gmt":"2025-07-16T12:42:42","guid":{"rendered":"https:\/\/www.imsi.bg.ac.rs\/researchers\/aleksandar-tomovic\/"},"modified":"2026-02-19T22:04:10","modified_gmt":"2026-02-19T22:04:10","slug":"aleksandar-tomovic","status":"publish","type":"page","link":"https:\/\/www.imsi.bg.ac.rs\/en\/researchers\/aleksandar-tomovic\/","title":{"rendered":"Aleksandar Tomovi\u0107"},"content":{"rendered":"\t\t<div data-elementor-type=\"wp-page\" data-elementor-id=\"27836\" class=\"elementor elementor-27836 elementor-8416\">\n\t\t\t\t<div class=\"elementor-element elementor-element-148ab8a0 e-flex e-con-boxed e-con e-parent\" data-id=\"148ab8a0\" data-element_type=\"container\" data-e-type=\"container\" data-settings=\"{&quot;background_background&quot;:&quot;classic&quot;}\">\n\t\t\t\t\t<div class=\"e-con-inner\">\n\t\t<div class=\"elementor-element elementor-element-7fc04d3e e-con-full e-flex e-con e-child\" data-id=\"7fc04d3e\" data-element_type=\"container\" data-e-type=\"container\" data-settings=\"{&quot;background_background&quot;:&quot;classic&quot;}\">\n\t\t\t\t<\/div>\n\t\t<div class=\"elementor-element elementor-element-2715d400 e-con-full e-flex e-con e-child\" data-id=\"2715d400\" data-element_type=\"container\" data-e-type=\"container\">\n\t\t\t\t<div class=\"elementor-element elementor-element-50f3d8c7 elementor-widget elementor-widget-heading\" data-id=\"50f3d8c7\" data-element_type=\"widget\" data-e-type=\"widget\" data-widget_type=\"heading.default\">\n\t\t\t\t<div class=\"elementor-widget-container\">\n\t\t\t\t\t<h4 class=\"elementor-heading-title elementor-size-default\">Research Associate<\/h4>\t\t\t\t<\/div>\n\t\t\t\t<\/div>\n\t\t\t\t<div class=\"elementor-element elementor-element-8c0b80b elementor-widget elementor-widget-heading\" data-id=\"8c0b80b\" data-element_type=\"widget\" data-e-type=\"widget\" data-widget_type=\"heading.default\">\n\t\t\t\t<div class=\"elementor-widget-container\">\n\t\t\t\t\t<h1 class=\"elementor-heading-title elementor-size-default\">Aleksandar Tomovi\u0107<\/h1>\t\t\t\t<\/div>\n\t\t\t\t<\/div>\n\t\t\t\t<div class=\"elementor-element elementor-element-10e22994 elementor-widget elementor-widget-heading\" data-id=\"10e22994\" data-element_type=\"widget\" data-e-type=\"widget\" data-widget_type=\"heading.default\">\n\t\t\t\t<div class=\"elementor-widget-container\">\n\t\t\t\t\t<h5 class=\"elementor-heading-title elementor-size-default\">PhD in physical sciences<\/h5>\t\t\t\t<\/div>\n\t\t\t\t<\/div>\n\t\t\t\t<div class=\"elementor-element elementor-element-758d3a35 elementor-widget elementor-widget-heading\" data-id=\"758d3a35\" data-element_type=\"widget\" data-e-type=\"widget\" data-widget_type=\"heading.default\">\n\t\t\t\t<div class=\"elementor-widget-container\">\n\t\t\t\t\t<h4 class=\"elementor-heading-title elementor-size-default\"><a href=\"https:\/\/www.imsi.bg.ac.rs\/en\/departments\/department-of-plant-soil-and-nano-systems\/\">Department of Plant, Soil and Nano Systems<\/a><\/h4>\t\t\t\t<\/div>\n\t\t\t\t<\/div>\n\t\t\t\t<\/div>\n\t\t\t\t\t<\/div>\n\t\t\t\t<\/div>\n\t\t<div class=\"elementor-element elementor-element-8780485 e-flex e-con-boxed e-con e-parent\" data-id=\"8780485\" data-element_type=\"container\" data-e-type=\"container\" data-settings=\"{&quot;background_background&quot;:&quot;classic&quot;}\">\n\t\t\t\t\t<div class=\"e-con-inner\">\n\t\t<div class=\"elementor-element elementor-element-de2ccb6 e-con-full e-flex e-con e-child\" data-id=\"de2ccb6\" data-element_type=\"container\" data-e-type=\"container\">\n\t\t<div class=\"elementor-element elementor-element-66319e5 e-con-full e-flex e-con e-child\" data-id=\"66319e5\" data-element_type=\"container\" data-e-type=\"container\" data-settings=\"{&quot;background_background&quot;:&quot;classic&quot;}\">\n\t\t\t\t<div class=\"elementor-element elementor-element-a9a5e43 elementor-widget elementor-widget-heading\" data-id=\"a9a5e43\" data-element_type=\"widget\" data-e-type=\"widget\" data-widget_type=\"heading.default\">\n\t\t\t\t<div class=\"elementor-widget-container\">\n\t\t\t\t\t<h4 class=\"elementor-heading-title elementor-size-default\">Contact:<\/h4>\t\t\t\t<\/div>\n\t\t\t\t<\/div>\n\t\t\t\t<div class=\"elementor-element elementor-element-725b682 elementor-widget elementor-widget-text-editor\" data-id=\"725b682\" data-element_type=\"widget\" data-e-type=\"widget\" data-widget_type=\"text-editor.default\">\n\t\t\t\t<div class=\"elementor-widget-container\">\n\t\t\t\t\t\t\t\t\t<p>Address:<\/p>\t\t\t\t\t\t\t\t<\/div>\n\t\t\t\t<\/div>\n\t\t\t\t<div class=\"elementor-element elementor-element-6ae3dd11 elementor-widget elementor-widget-text-editor\" data-id=\"6ae3dd11\" data-element_type=\"widget\" data-e-type=\"widget\" data-widget_type=\"text-editor.default\">\n\t\t\t\t<div class=\"elementor-widget-container\">\n\t\t\t\t\t\t\t\t\t<p><a href=\"https:\/\/maps.app.goo.gl\/MiU5crdrdnUkzHSM8\" target=\"_blank\" rel=\"noopener\">Bulevar Zorana \u0110in\u0111i\u0107a 123, lokal 4<\/a><\/p>\t\t\t\t\t\t\t\t<\/div>\n\t\t\t\t<\/div>\n\t\t\t\t<div class=\"elementor-element elementor-element-2a04141 elementor-widget elementor-widget-text-editor\" data-id=\"2a04141\" data-element_type=\"widget\" data-e-type=\"widget\" data-widget_type=\"text-editor.default\">\n\t\t\t\t<div class=\"elementor-widget-container\">\n\t\t\t\t\t\t\t\t\t<p>Telephone:<\/p>\t\t\t\t\t\t\t\t<\/div>\n\t\t\t\t<\/div>\n\t\t\t\t<div class=\"elementor-element elementor-element-43f99b9a elementor-widget elementor-widget-text-editor\" data-id=\"43f99b9a\" data-element_type=\"widget\" data-e-type=\"widget\" data-widget_type=\"text-editor.default\">\n\t\t\t\t<div class=\"elementor-widget-container\">\n\t\t\t\t\t\t\t\t\t<p><a href=\"tel:(+381)%2011%202691%20773\">(+381) 11 2691 773<\/a><\/p>\t\t\t\t\t\t\t\t<\/div>\n\t\t\t\t<\/div>\n\t\t\t\t<div class=\"elementor-element elementor-element-d53c484 elementor-widget elementor-widget-text-editor\" data-id=\"d53c484\" data-element_type=\"widget\" data-e-type=\"widget\" data-widget_type=\"text-editor.default\">\n\t\t\t\t<div class=\"elementor-widget-container\">\n\t\t\t\t\t\t\t\t\t<p>E-Mail:<\/p>\t\t\t\t\t\t\t\t<\/div>\n\t\t\t\t<\/div>\n\t\t\t\t<div class=\"elementor-element elementor-element-debcf23 elementor-widget elementor-widget-text-editor\" data-id=\"debcf23\" data-element_type=\"widget\" data-e-type=\"widget\" data-widget_type=\"text-editor.default\">\n\t\t\t\t<div class=\"elementor-widget-container\">\n\t\t\t\t\t\t\t\t\t<p><a href=\"mailto:aleksandar.tomovic@imsi.bg.ac.rs\">aleksandar.tomovic@imsi.bg.ac.rs<\/a><\/p>\t\t\t\t\t\t\t\t<\/div>\n\t\t\t\t<\/div>\n\t\t\t\t<\/div>\n\t\t\t\t<\/div>\n\t\t<div class=\"elementor-element elementor-element-727568e e-con-full e-flex e-con e-child\" data-id=\"727568e\" data-element_type=\"container\" data-e-type=\"container\">\n\t\t<div class=\"elementor-element elementor-element-bb0d4b6 e-con-full e-flex e-con e-child\" data-id=\"bb0d4b6\" data-element_type=\"container\" data-e-type=\"container\" data-settings=\"{&quot;background_background&quot;:&quot;classic&quot;}\">\n\t\t\t\t<div class=\"elementor-element elementor-element-0dc32b0 elementor-widget elementor-widget-heading\" data-id=\"0dc32b0\" data-element_type=\"widget\" data-e-type=\"widget\" data-widget_type=\"heading.default\">\n\t\t\t\t<div class=\"elementor-widget-container\">\n\t\t\t\t\t<h4 class=\"elementor-heading-title elementor-size-default\">Links:<\/h4>\t\t\t\t<\/div>\n\t\t\t\t<\/div>\n\t\t\t\t<div class=\"elementor-element elementor-element-10c1c71e elementor-widget elementor-widget-text-editor\" data-id=\"10c1c71e\" data-element_type=\"widget\" data-e-type=\"widget\" data-widget_type=\"text-editor.default\">\n\t\t\t\t<div class=\"elementor-widget-container\">\n\t\t\t\t\t\t\t\t\t<p>ORCID ID: <a href=\"https:\/\/orcid.org\/0000-0001-5972-6760\" target=\"_blank\" rel=\"noopener\">0000-0001-5972-6760<\/a><\/p>\t\t\t\t\t\t\t\t<\/div>\n\t\t\t\t<\/div>\n\t\t\t\t<div class=\"elementor-element elementor-element-78f1a5b elementor-widget elementor-widget-text-editor\" data-id=\"78f1a5b\" data-element_type=\"widget\" data-e-type=\"widget\" data-widget_type=\"text-editor.default\">\n\t\t\t\t<div class=\"elementor-widget-container\">\n\t\t\t\t\t\t\t\t\t<p>ResearchGate: <a href=\"https:\/\/www.researchgate.net\/profile\/Aleksandar-Tomovic\" target=\"_blank\" rel=\"noopener\">Aleksandar_Tomovic<\/a><\/p>\t\t\t\t\t\t\t\t<\/div>\n\t\t\t\t<\/div>\n\t\t\t\t<div class=\"elementor-element elementor-element-75de194 elementor-widget elementor-widget-text-editor\" data-id=\"75de194\" data-element_type=\"widget\" data-e-type=\"widget\" data-widget_type=\"text-editor.default\">\n\t\t\t\t<div class=\"elementor-widget-container\">\n\t\t\t\t\t\t\t\t\t<p><a href=\"https:\/\/www.nanodnasequencing.org\/lmp\/\" target=\"_blank\" rel=\"noopener\">http:\/\/www.nanodnasequencing.org\/lmp\/<\/a><\/p>\t\t\t\t\t\t\t\t<\/div>\n\t\t\t\t<\/div>\n\t\t\t\t<\/div>\n\t\t\t\t<\/div>\n\t\t<div class=\"elementor-element elementor-element-6bc884b e-con-full elementor-hidden-tablet elementor-hidden-mobile e-flex e-con e-child\" data-id=\"6bc884b\" data-element_type=\"container\" data-e-type=\"container\">\n\t\t\t\t<\/div>\n\t\t\t\t\t<\/div>\n\t\t\t\t<\/div>\n\t\t<div class=\"elementor-element elementor-element-72ef718 e-flex e-con-boxed e-con e-parent\" data-id=\"72ef718\" data-element_type=\"container\" data-e-type=\"container\">\n\t\t\t\t\t<div class=\"e-con-inner\">\n\t\t\t\t<div class=\"elementor-element elementor-element-79d94d12 elementor-widget elementor-widget-heading\" data-id=\"79d94d12\" data-element_type=\"widget\" data-e-type=\"widget\" data-widget_type=\"heading.default\">\n\t\t\t\t<div class=\"elementor-widget-container\">\n\t\t\t\t\t<h3 class=\"elementor-heading-title elementor-size-default\">Research area<\/h3>\t\t\t\t<\/div>\n\t\t\t\t<\/div>\n\t\t\t\t<div class=\"elementor-element elementor-element-3bad765a elementor-widget elementor-widget-text-editor\" data-id=\"3bad765a\" data-element_type=\"widget\" data-e-type=\"widget\" data-widget_type=\"text-editor.default\">\n\t\t\t\t<div class=\"elementor-widget-container\">\n\t\t\t\t\t\t\t\t\tTransport properties of nano-systems and small molecules.\t\t\t\t\t\t\t\t<\/div>\n\t\t\t\t<\/div>\n\t\t\t\t<div class=\"elementor-element elementor-element-a6c3036 elementor-widget elementor-widget-heading\" data-id=\"a6c3036\" data-element_type=\"widget\" data-e-type=\"widget\" data-widget_type=\"heading.default\">\n\t\t\t\t<div class=\"elementor-widget-container\">\n\t\t\t\t\t<h3 class=\"elementor-heading-title elementor-size-default\">Skills<\/h3>\t\t\t\t<\/div>\n\t\t\t\t<\/div>\n\t\t\t\t<div class=\"elementor-element elementor-element-353e2e06 elementor-widget elementor-widget-text-editor\" data-id=\"353e2e06\" data-element_type=\"widget\" data-e-type=\"widget\" data-widget_type=\"text-editor.default\">\n\t\t\t\t<div class=\"elementor-widget-container\">\n\t\t\t\t\t\t\t\t\t<ul><li>Raman, UV-Vis,<\/li><li>Absorbance and<\/li><li>Photoluminescence spectroscopy.<\/li><li>Physical Vapor Deposition (PVD).<\/li><li>Atomic force microscopy (AFM).<\/li><li>Density Functional Theory (Siesta, TranSiesta, TBTrans).<\/li><li>Python and Ruby programing languages.<\/li><\/ul>\t\t\t\t\t\t\t\t<\/div>\n\t\t\t\t<\/div>\n\t\t\t\t\t<\/div>\n\t\t\t\t<\/div>\n\t\t<div class=\"elementor-element elementor-element-67eb099d e-flex e-con-boxed e-con e-parent\" data-id=\"67eb099d\" data-element_type=\"container\" data-e-type=\"container\">\n\t\t\t\t\t<div class=\"e-con-inner\">\n\t\t<div class=\"elementor-element elementor-element-4704dfc e-con-full e-flex e-con e-child\" data-id=\"4704dfc\" data-element_type=\"container\" data-e-type=\"container\">\n\t\t\t\t<div class=\"elementor-element elementor-element-1e285fd e-n-tabs-mobile elementor-widget elementor-widget-n-tabs\" data-id=\"1e285fd\" data-element_type=\"widget\" data-e-type=\"widget\" data-settings=\"{&quot;tabs_justify_horizontal&quot;:&quot;start&quot;,&quot;horizontal_scroll&quot;:&quot;disable&quot;}\" data-widget_type=\"nested-tabs.default\">\n\t\t\t\t<div class=\"elementor-widget-container\">\n\t\t\t\t\t\t\t<div class=\"e-n-tabs\" data-widget-number=\"31622653\" aria-label=\"Tabs. Open items with Enter or Space, close with Escape and navigate using the Arrow keys.\">\n\t\t\t<div class=\"e-n-tabs-heading\" role=\"tablist\">\n\t\t\t\t\t<button id=\"e-n-tab-title-316226531\" data-tab-title-id=\"e-n-tab-title-316226531\" class=\"e-n-tab-title\" aria-selected=\"true\" data-tab-index=\"1\" role=\"tab\" tabindex=\"0\" aria-controls=\"e-n-tab-content-316226531\" style=\"--n-tabs-title-order: 1;\">\n\t\t\t\t\t\t<span class=\"e-n-tab-title-text\">\n\t\t\t\tBiography\t\t\t<\/span>\n\t\t<\/button>\n\t\t\t\t<button id=\"e-n-tab-title-316226532\" data-tab-title-id=\"e-n-tab-title-316226532\" class=\"e-n-tab-title\" aria-selected=\"false\" data-tab-index=\"2\" role=\"tab\" tabindex=\"-1\" aria-controls=\"e-n-tab-content-316226532\" style=\"--n-tabs-title-order: 2;\">\n\t\t\t\t\t\t<span class=\"e-n-tab-title-text\">\n\t\t\t\tProjects\t\t\t<\/span>\n\t\t<\/button>\n\t\t\t\t<button id=\"e-n-tab-title-316226533\" data-tab-title-id=\"e-n-tab-title-316226533\" class=\"e-n-tab-title\" aria-selected=\"false\" data-tab-index=\"3\" role=\"tab\" tabindex=\"-1\" aria-controls=\"e-n-tab-content-316226533\" style=\"--n-tabs-title-order: 3;\">\n\t\t\t\t\t\t<span class=\"e-n-tab-title-text\">\n\t\t\t\tSelected publications\t\t\t<\/span>\n\t\t<\/button>\n\t\t\t\t\t<\/div>\n\t\t\t<div class=\"e-n-tabs-content\">\n\t\t\t\t<div id=\"e-n-tab-content-316226531\" role=\"tabpanel\" aria-labelledby=\"e-n-tab-title-316226531\" data-tab-index=\"1\" style=\"--n-tabs-title-order: 1;\" class=\"e-active elementor-element elementor-element-388c3ac e-con-full e-flex e-con e-child\" data-id=\"388c3ac\" data-element_type=\"container\" data-e-type=\"container\">\n\t\t<div class=\"elementor-element elementor-element-9504136 e-flex e-con-boxed e-con e-child\" data-id=\"9504136\" data-element_type=\"container\" data-e-type=\"container\">\n\t\t\t\t\t<div class=\"e-con-inner\">\n\t\t\t\t<div class=\"elementor-element elementor-element-22521f1 elementor-widget elementor-widget-heading\" data-id=\"22521f1\" data-element_type=\"widget\" data-e-type=\"widget\" data-widget_type=\"heading.default\">\n\t\t\t\t<div class=\"elementor-widget-container\">\n\t\t\t\t\t<h6 class=\"elementor-heading-title elementor-size-default\">Work experience:<\/h6>\t\t\t\t<\/div>\n\t\t\t\t<\/div>\n\t\t\t\t<div class=\"elementor-element elementor-element-7e95e79 elementor-widget elementor-widget-text-editor\" data-id=\"7e95e79\" data-element_type=\"widget\" data-e-type=\"widget\" data-widget_type=\"text-editor.default\">\n\t\t\t\t<div class=\"elementor-widget-container\">\n\t\t\t\t\t\t\t\t\t<ul>\n  <li>2020-present: Research Assistant Professor, Institute of Multidisciplinary research, University of Belgrade.<\/li>\n  <li>2016-2020: Research Assistant Professor, Institute of Physics, University of Belgrade.<\/li>\n  <li>2014-2016: Research assistant, Institute of Physics, University of Belgrade.<\/li>\n  <li>2009-2014: Research trainee, Institute of Physics, University of Belgrade.<\/li>\n<\/ul>\n\t\t\t\t\t\t\t\t<\/div>\n\t\t\t\t<\/div>\n\t\t\t\t<div class=\"elementor-element elementor-element-5b76860 elementor-widget elementor-widget-heading\" data-id=\"5b76860\" data-element_type=\"widget\" data-e-type=\"widget\" data-widget_type=\"heading.default\">\n\t\t\t\t<div class=\"elementor-widget-container\">\n\t\t\t\t\t<h6 class=\"elementor-heading-title elementor-size-default\">Education:\n\n<\/h6>\t\t\t\t<\/div>\n\t\t\t\t<\/div>\n\t\t\t\t<div class=\"elementor-element elementor-element-d3079de elementor-widget elementor-widget-text-editor\" data-id=\"d3079de\" data-element_type=\"widget\" data-e-type=\"widget\" data-widget_type=\"text-editor.default\">\n\t\t\t\t<div class=\"elementor-widget-container\">\n\t\t\t\t\t\t\t\t\t<ul>\n  <li>2015: PhD, Condensed matter physics, Faculty of physics, University of Belgrade, Serbia<\/li>\n  <li>2008: Sc. in Physics, Faculty of Physics, University of Belgrade, Belgrade<\/li>\n<\/ul>\n\t\t\t\t\t\t\t\t<\/div>\n\t\t\t\t<\/div>\n\t\t\t\t\t<\/div>\n\t\t\t\t<\/div>\n\t\t\t\t<\/div>\n\t\t<div id=\"e-n-tab-content-316226532\" role=\"tabpanel\" aria-labelledby=\"e-n-tab-title-316226532\" data-tab-index=\"2\" style=\"--n-tabs-title-order: 2;\" class=\" elementor-element elementor-element-4dc9698 e-con-full e-flex e-con e-child\" data-id=\"4dc9698\" data-element_type=\"container\" data-e-type=\"container\">\n\t\t<div class=\"elementor-element elementor-element-a4004a7 e-flex e-con-boxed e-con e-child\" data-id=\"a4004a7\" data-element_type=\"container\" data-e-type=\"container\">\n\t\t\t\t\t<div class=\"e-con-inner\">\n\t\t\t\t<div class=\"elementor-element elementor-element-3eac55a elementor-widget elementor-widget-heading\" data-id=\"3eac55a\" data-element_type=\"widget\" data-e-type=\"widget\" data-widget_type=\"heading.default\">\n\t\t\t\t<div class=\"elementor-widget-container\">\n\t\t\t\t\t<h6 class=\"elementor-heading-title elementor-size-default\">Past:\n\n<\/h6>\t\t\t\t<\/div>\n\t\t\t\t<\/div>\n\t\t\t\t<div class=\"elementor-element elementor-element-26df8b7 elementor-widget elementor-widget-text-editor\" data-id=\"26df8b7\" data-element_type=\"widget\" data-e-type=\"widget\" data-widget_type=\"text-editor.default\">\n\t\t\t\t<div class=\"elementor-widget-container\">\n\t\t\t\t\t\t\t\t\t<ul>\n  <li>OI 171033 \u201cElectronics, transport and optical properties of nano-phase materials\u201d<\/li>\n  <li>III 41028 \u201cAn integral study to identify the regional genetic and environmental risk factors for the common noncommunicable diseases in the human population of Serbia\u201d<\/li>\n  <li>FP7 \u201cNano Tools for Ultra Fast Dna Sequencing\u201d<\/li>\n<\/ul>\n\t\t\t\t\t\t\t\t<\/div>\n\t\t\t\t<\/div>\n\t\t\t\t\t<\/div>\n\t\t\t\t<\/div>\n\t\t\t\t<\/div>\n\t\t<div id=\"e-n-tab-content-316226533\" role=\"tabpanel\" aria-labelledby=\"e-n-tab-title-316226533\" data-tab-index=\"3\" style=\"--n-tabs-title-order: 3;\" class=\" elementor-element elementor-element-a17fc17 e-con-full e-flex e-con e-child\" data-id=\"a17fc17\" data-element_type=\"container\" data-e-type=\"container\">\n\t\t<div class=\"elementor-element elementor-element-0a6cc71 e-flex e-con-boxed e-con e-child\" data-id=\"0a6cc71\" data-element_type=\"container\" data-e-type=\"container\">\n\t\t\t\t\t<div class=\"e-con-inner\">\n\t\t\t\t<div class=\"elementor-element elementor-element-c3372ed elementor-widget elementor-widget-text-editor\" data-id=\"c3372ed\" data-element_type=\"widget\" data-e-type=\"widget\" data-widget_type=\"text-editor.default\">\n\t\t\t\t<div class=\"elementor-widget-container\">\n\t\t\t\t\t\t\t\t\t<ol><li>Djuri\u0161i\u0107, M., S. Dra\u017ei\u0107, A. \u017d. Tomovi\u0107, M. Spasenovi\u0107, \u017d. \u0160ljivan\u010danin, V. P. Jovanovi\u0107, and R. Zikic, (2020), Field Effect and Local Gating in Nitrogen-Terminated Nanopores (NtNP) and Nanogaps (NtNG) in Graphene, <em>ChemPhysChem<\/em>, DOI: <a href=\"https:\/\/doi.org\/10.1002\/cphc.202000771\" target=\"_blank\" rel=\"noopener\">10.1002\/cphc.202000771<\/a> (IF(2019)=3.144, M21, Physics, Atomic, Molecular &amp; Chemical 10\/37)  <\/li><li>Djuri\u0161i\u0107, M., S. Dra\u017ei\u0107, A. \u017d. Tomovi\u0107, M. Spasenovi\u0107, \u017d. \u0160ljivan\u010danin, V. P. Jovanovi\u0107, and R. Zikic, (2020), DNA Sequencing with Single-Stranded DNA Rectification in a Nanogap Gated by N-Terminated Carbon Nanotube Electrodes, <em>ACS Applied Nano Materials<\/em>, DOI: <a href=\"https:\/\/doi.org\/10.1021\/acsanm.0c00385\" target=\"_blank\" rel=\"noopener\">10.1021\/acsanm.0c00385<\/a>  <\/li><li>Aleksandar \u017d. Tomovi\u0107, Ivana \u0110uri\u0161i\u0107, Radomir \u017diki\u0107, Milan Peji\u0107, Vladimir P. Jovanovi\u0107, (2017) Interaction of UV Irradiation with Thin Films of Organic Molecules, <em>Proceedings of the IV Advanced Ceramics and Applications Conference<\/em>, Atlantis Press, Paris, DOI: <a href=\"https:\/\/doi.org\/10.2991\/978-94-6239-213-7\" target=\"_blank\" rel=\"noopener\">10.2991\/978-94-6239-213-7<\/a> (M14) <\/li><li>\u017d. Tomovic, J. J. Savi\u0107, N. Lj. Baki\u0107, G. Bortel, G. Faigel, R. Zikic, and V. P. Jovanovi\u0107, (2017), Oxidized pentacene micro-rods obtained by thermal annealing of pentacene thin films in air, <em>Vacuum<\/em> 144, 36\u201342, DOI: <a href=\"https:\/\/doi.org\/10.1016\/j.vacuum.2017.07.012\" target=\"_blank\" rel=\"noopener\">10.1016\/j.vacuum.2017.07.012<\/a> (IF(2017)=2.067, \u041c22, Materials Science, Multidisciplinary 140\/285; Physics, Applied 61\/146)  <\/li><li>\u017d. Tomovi\u0107, V. P. Jovanovi\u0107, I. \u0110uri\u0161i\u0107, V. Z. Cerovski, B. Nastasijevi\u0107, S. R. Veli\u010dkovi\u0107, K. Radulovi\u0107, and R. \u017diki\u0107, (2015), Fast photoluminescence quenching in thin films of 4,4\u2032-bis(2,2-diphenylvinyl)-1,1\u2032-biphenyl exposed to air, <em>Journal of Luminescence<\/em> 167, 204\u2013210, DOI: <a href=\"https:\/\/doi.org\/10.1016\/j.jlumin.2015.06.036\" target=\"_blank\" rel=\"noopener\">10.1016\/j.jlumin.2015.06.036<\/a> (IF(2014)=2.719, \u041c21, Optics 17\/86) <\/li><li>\u017d. Tomovi\u0107, N. Marke\u0161evi\u0107, M. Scarpellini, S. Bovio, E. Lucenti, P. Milani, R. \u017diki\u0107, V. P. Jovanovi\u0107, and V. I. Srdanov, (2014), Stabilization of N,N\u2019-bis(3-methylphenyl)-N,N\u2019-bis(phenyl)benzidine thin film morphology with UV light, <em>Thin Solid Films<\/em> 562, 99\u2013103, DOI: <a href=\"https:\/\/doi.org\/10.1016\/j.tsf.2014.03.081\" target=\"_blank\" rel=\"noopener\">10.1016\/j.tsf.2014.03.081<\/a> (IF(2012)=1.604, \u041c21, Materials Science, Coatings and Films 5\/17) <\/li><\/ol>\t\t\t\t\t\t\t\t<\/div>\n\t\t\t\t<\/div>\n\t\t\t\t\t<\/div>\n\t\t\t\t<\/div>\n\t\t\t\t<\/div>\n\t\t\t\t\t<\/div>\n\t\t<\/div>\n\t\t\t\t\t\t<\/div>\n\t\t\t\t<\/div>\n\t\t\t\t<\/div>\n\t\t\t\t\t<\/div>\n\t\t\t\t<\/div>\n\t\t\t\t<\/div>\n\t\t","protected":false},"excerpt":{"rendered":"<p>Research Associate Aleksandar Tomovi\u0107 PhD in physical sciences Department of Plant, Soil and Nano Systems Contact: Address: Bulevar Zorana \u0110in\u0111i\u0107a [&hellip;]<\/p>\n","protected":false},"author":1,"featured_media":0,"parent":27228,"menu_order":0,"comment_status":"closed","ping_status":"closed","template":"","meta":{"site-sidebar-layout":"no-sidebar","site-content-layout":"","ast-site-content-layout":"full-width-container","site-content-style":"default","site-sidebar-style":"default","ast-global-header-display":"","ast-banner-title-visibility":"","ast-main-header-display":"","ast-hfb-above-header-display":"","ast-hfb-below-header-display":"","ast-hfb-mobile-header-display":"","site-post-title":"disabled","ast-breadcrumbs-content":"","ast-featured-img":"disabled","footer-sml-layout":"","ast-disable-related-posts":"","theme-transparent-header-meta":"","adv-header-id-meta":"","stick-header-meta":"","header-above-stick-meta":"","header-main-stick-meta":"","header-below-stick-meta":"","astra-migrate-meta-layouts":"default","ast-page-background-enabled":"default","ast-page-background-meta":{"desktop":{"background-color":"var(--ast-global-color-5)","background-image":"","background-repeat":"repeat","background-position":"center center","background-size":"auto","background-attachment":"scroll","background-type":"","background-media":"","overlay-type":"","overlay-color":"","overlay-opacity":"","overlay-gradient":""},"tablet":{"background-color":"","background-image":"","background-repeat":"repeat","background-position":"center center","background-size":"auto","background-attachment":"scroll","background-type":"","background-media":"","overlay-type":"","overlay-color":"","overlay-opacity":"","overlay-gradient":""},"mobile":{"background-color":"","background-image":"","background-repeat":"repeat","background-position":"center center","background-size":"auto","background-attachment":"scroll","background-type":"","background-media":"","overlay-type":"","overlay-color":"","overlay-opacity":"","overlay-gradient":""}},"ast-content-background-meta":{"desktop":{"background-color":"var(--ast-global-color-4)","background-image":"","background-repeat":"repeat","background-position":"center center","background-size":"auto","background-attachment":"scroll","background-type":"","background-media":"","overlay-type":"","overlay-color":"","overlay-opacity":"","overlay-gradient":""},"tablet":{"background-color":"var(--ast-global-color-4)","background-image":"","background-repeat":"repeat","background-position":"center center","background-size":"auto","background-attachment":"scroll","background-type":"","background-media":"","overlay-type":"","overlay-color":"","overlay-opacity":"","overlay-gradient":""},"mobile":{"background-color":"var(--ast-global-color-4)","background-image":"","background-repeat":"repeat","background-position":"center center","background-size":"auto","background-attachment":"scroll","background-type":"","background-media":"","overlay-type":"","overlay-color":"","overlay-opacity":"","overlay-gradient":""}},"footnotes":""},"class_list":["post-27836","page","type-page","status-publish","hentry"],"_links":{"self":[{"href":"https:\/\/www.imsi.bg.ac.rs\/en\/wp-json\/wp\/v2\/pages\/27836","targetHints":{"allow":["GET"]}}],"collection":[{"href":"https:\/\/www.imsi.bg.ac.rs\/en\/wp-json\/wp\/v2\/pages"}],"about":[{"href":"https:\/\/www.imsi.bg.ac.rs\/en\/wp-json\/wp\/v2\/types\/page"}],"author":[{"embeddable":true,"href":"https:\/\/www.imsi.bg.ac.rs\/en\/wp-json\/wp\/v2\/users\/1"}],"replies":[{"embeddable":true,"href":"https:\/\/www.imsi.bg.ac.rs\/en\/wp-json\/wp\/v2\/comments?post=27836"}],"version-history":[{"count":1,"href":"https:\/\/www.imsi.bg.ac.rs\/en\/wp-json\/wp\/v2\/pages\/27836\/revisions"}],"predecessor-version":[{"id":27837,"href":"https:\/\/www.imsi.bg.ac.rs\/en\/wp-json\/wp\/v2\/pages\/27836\/revisions\/27837"}],"up":[{"embeddable":true,"href":"https:\/\/www.imsi.bg.ac.rs\/en\/wp-json\/wp\/v2\/pages\/27228"}],"wp:attachment":[{"href":"https:\/\/www.imsi.bg.ac.rs\/en\/wp-json\/wp\/v2\/media?parent=27836"}],"curies":[{"name":"wp","href":"https:\/\/api.w.org\/{rel}","templated":true}]}}