{"id":27794,"date":"2025-07-16T17:11:43","date_gmt":"2025-07-16T17:11:43","guid":{"rendered":"https:\/\/www.imsi.bg.ac.rs\/researchers\/goran-trivan\/"},"modified":"2026-02-18T02:51:35","modified_gmt":"2026-02-18T02:51:35","slug":"goran-trivan","status":"publish","type":"page","link":"https:\/\/www.imsi.bg.ac.rs\/en\/researchers\/goran-trivan\/","title":{"rendered":"Goran Trivan"},"content":{"rendered":"\t\t<div data-elementor-type=\"wp-page\" data-elementor-id=\"27794\" class=\"elementor elementor-27794 elementor-8804\">\n\t\t\t\t<div class=\"elementor-element elementor-element-506d94d e-flex e-con-boxed e-con e-parent\" data-id=\"506d94d\" data-element_type=\"container\" data-e-type=\"container\" data-settings=\"{&quot;background_background&quot;:&quot;classic&quot;}\">\n\t\t\t\t\t<div class=\"e-con-inner\">\n\t\t<div class=\"elementor-element elementor-element-6512a5ab e-con-full e-flex e-con e-child\" data-id=\"6512a5ab\" data-element_type=\"container\" data-e-type=\"container\" data-settings=\"{&quot;background_background&quot;:&quot;classic&quot;}\">\n\t\t\t\t<\/div>\n\t\t<div class=\"elementor-element elementor-element-48b6cbf8 e-con-full e-flex e-con e-child\" data-id=\"48b6cbf8\" data-element_type=\"container\" data-e-type=\"container\">\n\t\t\t\t<div class=\"elementor-element elementor-element-7ed7d297 elementor-widget elementor-widget-heading\" data-id=\"7ed7d297\" data-element_type=\"widget\" data-e-type=\"widget\" data-widget_type=\"heading.default\">\n\t\t\t\t<div class=\"elementor-widget-container\">\n\t\t\t\t\t<h4 class=\"elementor-heading-title elementor-size-default\">Research Associate Professor<\/h4>\t\t\t\t<\/div>\n\t\t\t\t<\/div>\n\t\t\t\t<div class=\"elementor-element elementor-element-689458f9 elementor-widget elementor-widget-heading\" data-id=\"689458f9\" data-element_type=\"widget\" data-e-type=\"widget\" data-widget_type=\"heading.default\">\n\t\t\t\t<div class=\"elementor-widget-container\">\n\t\t\t\t\t<h1 class=\"elementor-heading-title elementor-size-default\">Goran Trivan<\/h1>\t\t\t\t<\/div>\n\t\t\t\t<\/div>\n\t\t\t\t<div class=\"elementor-element elementor-element-1f2e7b0 elementor-widget elementor-widget-heading\" data-id=\"1f2e7b0\" data-element_type=\"widget\" data-e-type=\"widget\" data-widget_type=\"heading.default\">\n\t\t\t\t<div class=\"elementor-widget-container\">\n\t\t\t\t\t<h5 class=\"elementor-heading-title elementor-size-default\">PhD in Biotechnical Sciences<\/h5>\t\t\t\t<\/div>\n\t\t\t\t<\/div>\n\t\t\t\t<div class=\"elementor-element elementor-element-56e1dabc elementor-widget elementor-widget-heading\" data-id=\"56e1dabc\" data-element_type=\"widget\" data-e-type=\"widget\" data-widget_type=\"heading.default\">\n\t\t\t\t<div class=\"elementor-widget-container\">\n\t\t\t\t\t<h4 class=\"elementor-heading-title elementor-size-default\"><a href=\"https:\/\/www.imsi.bg.ac.rs\/en\/departments\/department-of-life-sciences\/\">Department of Life Sciences<\/a><\/h4>\t\t\t\t<\/div>\n\t\t\t\t<\/div>\n\t\t\t\t<\/div>\n\t\t\t\t\t<\/div>\n\t\t\t\t<\/div>\n\t\t<div class=\"elementor-element elementor-element-659c75a e-flex e-con-boxed e-con e-parent\" data-id=\"659c75a\" data-element_type=\"container\" data-e-type=\"container\" data-settings=\"{&quot;background_background&quot;:&quot;classic&quot;}\">\n\t\t\t\t\t<div class=\"e-con-inner\">\n\t\t<div class=\"elementor-element elementor-element-c3ef091 e-con-full e-flex e-con e-child\" data-id=\"c3ef091\" data-element_type=\"container\" data-e-type=\"container\">\n\t\t<div class=\"elementor-element elementor-element-9c77e09 e-con-full e-flex e-con e-child\" data-id=\"9c77e09\" data-element_type=\"container\" data-e-type=\"container\" data-settings=\"{&quot;background_background&quot;:&quot;classic&quot;}\">\n\t\t\t\t<div class=\"elementor-element elementor-element-73fef63 elementor-widget elementor-widget-heading\" data-id=\"73fef63\" data-element_type=\"widget\" data-e-type=\"widget\" data-widget_type=\"heading.default\">\n\t\t\t\t<div class=\"elementor-widget-container\">\n\t\t\t\t\t<h4 class=\"elementor-heading-title elementor-size-default\">Contact:<\/h4>\t\t\t\t<\/div>\n\t\t\t\t<\/div>\n\t\t\t\t<div class=\"elementor-element elementor-element-a152e64 elementor-widget elementor-widget-text-editor\" data-id=\"a152e64\" data-element_type=\"widget\" data-e-type=\"widget\" data-widget_type=\"text-editor.default\">\n\t\t\t\t<div class=\"elementor-widget-container\">\n\t\t\t\t\t\t\t\t\t<p>Telephone:<\/p>\t\t\t\t\t\t\t\t<\/div>\n\t\t\t\t<\/div>\n\t\t\t\t<div class=\"elementor-element elementor-element-7fcb1cc2 elementor-widget elementor-widget-text-editor\" data-id=\"7fcb1cc2\" data-element_type=\"widget\" data-e-type=\"widget\" data-widget_type=\"text-editor.default\">\n\t\t\t\t<div class=\"elementor-widget-container\">\n\t\t\t\t\t\t\t\t\t<p><a href=\"tel:(+381)%2011%203555-258\">(+381) 11 3555-258<\/a><\/p>\t\t\t\t\t\t\t\t<\/div>\n\t\t\t\t<\/div>\n\t\t\t\t<div class=\"elementor-element elementor-element-861c66e elementor-widget elementor-widget-text-editor\" data-id=\"861c66e\" data-element_type=\"widget\" data-e-type=\"widget\" data-widget_type=\"text-editor.default\">\n\t\t\t\t<div class=\"elementor-widget-container\">\n\t\t\t\t\t\t\t\t\t<p>E-Mail:<\/p>\t\t\t\t\t\t\t\t<\/div>\n\t\t\t\t<\/div>\n\t\t\t\t<div class=\"elementor-element elementor-element-59c2786a elementor-widget elementor-widget-text-editor\" data-id=\"59c2786a\" data-element_type=\"widget\" data-e-type=\"widget\" data-widget_type=\"text-editor.default\">\n\t\t\t\t<div class=\"elementor-widget-container\">\n\t\t\t\t\t\t\t\t\t<p><a href=\"mailto:goran.trivan@imsi.bg.ac.rs\">goran.trivan@imsi.bg.ac.rs<\/a><\/p>\t\t\t\t\t\t\t\t<\/div>\n\t\t\t\t<\/div>\n\t\t\t\t<\/div>\n\t\t\t\t<\/div>\n\t\t<div class=\"elementor-element elementor-element-0ff8601 e-con-full elementor-hidden-desktop elementor-hidden-laptop elementor-hidden-tablet_extra elementor-hidden-tablet elementor-hidden-mobile e-flex e-con e-child\" data-id=\"0ff8601\" data-element_type=\"container\" data-e-type=\"container\">\n\t\t<div class=\"elementor-element elementor-element-282f688 e-con-full e-flex e-con e-child\" data-id=\"282f688\" data-element_type=\"container\" data-e-type=\"container\" data-settings=\"{&quot;background_background&quot;:&quot;classic&quot;}\">\n\t\t\t\t<div class=\"elementor-element elementor-element-fba7a7b elementor-widget elementor-widget-heading\" data-id=\"fba7a7b\" data-element_type=\"widget\" data-e-type=\"widget\" data-widget_type=\"heading.default\">\n\t\t\t\t<div class=\"elementor-widget-container\">\n\t\t\t\t\t<h4 class=\"elementor-heading-title elementor-size-default\">Links:<\/h4>\t\t\t\t<\/div>\n\t\t\t\t<\/div>\n\t\t\t\t<\/div>\n\t\t\t\t<\/div>\n\t\t<div class=\"elementor-element elementor-element-e31fd0e e-con-full elementor-hidden-tablet elementor-hidden-mobile e-flex e-con e-child\" data-id=\"e31fd0e\" data-element_type=\"container\" data-e-type=\"container\">\n\t\t\t\t<\/div>\n\t\t\t\t\t<\/div>\n\t\t\t\t<\/div>\n\t\t<div class=\"elementor-element elementor-element-565a2ec6 e-flex e-con-boxed e-con e-parent\" data-id=\"565a2ec6\" data-element_type=\"container\" data-e-type=\"container\">\n\t\t\t\t\t<div class=\"e-con-inner\">\n\t\t\t\t<div class=\"elementor-element elementor-element-68f111fe elementor-widget elementor-widget-heading\" data-id=\"68f111fe\" data-element_type=\"widget\" data-e-type=\"widget\" data-widget_type=\"heading.default\">\n\t\t\t\t<div class=\"elementor-widget-container\">\n\t\t\t\t\t<h3 class=\"elementor-heading-title elementor-size-default\">Research area<\/h3>\t\t\t\t<\/div>\n\t\t\t\t<\/div>\n\t\t\t\t<div class=\"elementor-element elementor-element-89def25 elementor-widget elementor-widget-text-editor\" data-id=\"89def25\" data-element_type=\"widget\" data-e-type=\"widget\" data-widget_type=\"text-editor.default\">\n\t\t\t\t<div class=\"elementor-widget-container\">\n\t\t\t\t\t\t\t\t\t<ul><li>Research in the field of biotechnology \u2013 forestry<\/li><li>with focus on ecological engineering in the protection of land and water resources,<\/li><li>environmental protection and prevention of natural disasters.<\/li><\/ul>\t\t\t\t\t\t\t\t<\/div>\n\t\t\t\t<\/div>\n\t\t\t\t\t<\/div>\n\t\t\t\t<\/div>\n\t\t<div class=\"elementor-element elementor-element-42e15c8 e-flex e-con-boxed e-con e-parent\" data-id=\"42e15c8\" data-element_type=\"container\" data-e-type=\"container\">\n\t\t\t\t\t<div class=\"e-con-inner\">\n\t\t<div class=\"elementor-element elementor-element-fa6f1bf e-con-full e-flex e-con e-child\" data-id=\"fa6f1bf\" data-element_type=\"container\" data-e-type=\"container\">\n\t\t\t\t<div class=\"elementor-element elementor-element-bb3f85e e-n-tabs-mobile elementor-widget elementor-widget-n-tabs\" data-id=\"bb3f85e\" data-element_type=\"widget\" data-e-type=\"widget\" data-settings=\"{&quot;tabs_justify_horizontal&quot;:&quot;start&quot;,&quot;horizontal_scroll&quot;:&quot;disable&quot;}\" data-widget_type=\"nested-tabs.default\">\n\t\t\t\t<div class=\"elementor-widget-container\">\n\t\t\t\t\t\t\t<div class=\"e-n-tabs\" data-widget-number=\"196343902\" aria-label=\"Tabs. Open items with Enter or Space, close with Escape and navigate using the Arrow keys.\">\n\t\t\t<div class=\"e-n-tabs-heading\" role=\"tablist\">\n\t\t\t\t\t<button id=\"e-n-tab-title-1963439021\" data-tab-title-id=\"e-n-tab-title-1963439021\" class=\"e-n-tab-title\" aria-selected=\"true\" data-tab-index=\"1\" role=\"tab\" tabindex=\"0\" aria-controls=\"e-n-tab-content-1963439021\" style=\"--n-tabs-title-order: 1;\">\n\t\t\t\t\t\t<span class=\"e-n-tab-title-text\">\n\t\t\t\tBiography\t\t\t<\/span>\n\t\t<\/button>\n\t\t\t\t<button id=\"e-n-tab-title-1963439022\" data-tab-title-id=\"e-n-tab-title-1963439022\" class=\"e-n-tab-title\" aria-selected=\"false\" data-tab-index=\"2\" role=\"tab\" tabindex=\"-1\" aria-controls=\"e-n-tab-content-1963439022\" style=\"--n-tabs-title-order: 2;\">\n\t\t\t\t\t\t<span class=\"e-n-tab-title-text\">\n\t\t\t\tProjects\t\t\t<\/span>\n\t\t<\/button>\n\t\t\t\t<button id=\"e-n-tab-title-1963439023\" data-tab-title-id=\"e-n-tab-title-1963439023\" class=\"e-n-tab-title\" aria-selected=\"false\" data-tab-index=\"3\" role=\"tab\" tabindex=\"-1\" aria-controls=\"e-n-tab-content-1963439023\" style=\"--n-tabs-title-order: 3;\">\n\t\t\t\t\t\t<span class=\"e-n-tab-title-text\">\n\t\t\t\tSelected publications\t\t\t<\/span>\n\t\t<\/button>\n\t\t\t\t\t<\/div>\n\t\t\t<div class=\"e-n-tabs-content\">\n\t\t\t\t<div id=\"e-n-tab-content-1963439021\" role=\"tabpanel\" aria-labelledby=\"e-n-tab-title-1963439021\" data-tab-index=\"1\" style=\"--n-tabs-title-order: 1;\" class=\"e-active elementor-element elementor-element-777cdc6 e-con-full e-flex e-con e-child\" data-id=\"777cdc6\" data-element_type=\"container\" data-e-type=\"container\">\n\t\t<div class=\"elementor-element elementor-element-c09e301 e-flex e-con-boxed e-con e-child\" data-id=\"c09e301\" data-element_type=\"container\" data-e-type=\"container\">\n\t\t\t\t\t<div class=\"e-con-inner\">\n\t\t\t\t<div class=\"elementor-element elementor-element-54edb1c elementor-widget elementor-widget-heading\" data-id=\"54edb1c\" data-element_type=\"widget\" data-e-type=\"widget\" data-widget_type=\"heading.default\">\n\t\t\t\t<div class=\"elementor-widget-container\">\n\t\t\t\t\t<h6 class=\"elementor-heading-title elementor-size-default\">Work experience:<\/h6>\t\t\t\t<\/div>\n\t\t\t\t<\/div>\n\t\t\t\t<div class=\"elementor-element elementor-element-f07a08c elementor-widget elementor-widget-text-editor\" data-id=\"f07a08c\" data-element_type=\"widget\" data-e-type=\"widget\" data-widget_type=\"text-editor.default\">\n\t\t\t\t<div class=\"elementor-widget-container\">\n\t\t\t\t\t\t\t\t\t<ul>\n  <li>ongoing: Research associate \u2013 Assistant director for Human Resources, University of Belgrade \u2013 Institute for Multidisciplinary Research<\/li>\n  <li>2020.: Minister of Environmental Protection, Government of the Republic of Serbia<\/li>\n  <li>2017.: Secretary of the Secretariat for Environmental Protection of the Assembly of the City of Belgrade<\/li>\n  <li>2007.-2008.: Assistant Secretary at the private faculty<\/li>\n  <li>2004.- 2007.: production of organic food and medicinal herbs<\/li>\n  <li>1993.- 2004.: Director of the Bureau for Planning and Design in Forestry, PE \u201cSrbijasume\u201d<\/li>\n  <li>1993.: Executive Director of PE \u201cSrbijasume\u201d<\/li>\n  <li>1991.: Minister of Youth and Sports, Government of the Republic of Serbia<\/li>\n<\/ul>\n\t\t\t\t\t\t\t\t<\/div>\n\t\t\t\t<\/div>\n\t\t\t\t<div class=\"elementor-element elementor-element-0cc7f15 elementor-widget elementor-widget-heading\" data-id=\"0cc7f15\" data-element_type=\"widget\" data-e-type=\"widget\" data-widget_type=\"heading.default\">\n\t\t\t\t<div class=\"elementor-widget-container\">\n\t\t\t\t\t<h6 class=\"elementor-heading-title elementor-size-default\">Education:\n\n<\/h6>\t\t\t\t<\/div>\n\t\t\t\t<\/div>\n\t\t\t\t<div class=\"elementor-element elementor-element-2a3511a elementor-widget elementor-widget-text-editor\" data-id=\"2a3511a\" data-element_type=\"widget\" data-e-type=\"widget\" data-widget_type=\"text-editor.default\">\n\t\t\t\t<div class=\"elementor-widget-container\">\n\t\t\t\t\t\t\t\t\t<ul>\n  <li>2018: PhD in Biotechnical Sciences in the field of Ecological Engineering in the Protection of Land and Water Resources, University of Belgrade, Faculty of Forestry<\/li>\n  <li>1987: Graduate degree in forestry, engineer for landscape architecture, University of Belgrade, Faculty of Forestry.<\/li>\n<\/ul>\n\t\t\t\t\t\t\t\t<\/div>\n\t\t\t\t<\/div>\n\t\t\t\t<div class=\"elementor-element elementor-element-13397e6 elementor-widget elementor-widget-heading\" data-id=\"13397e6\" data-element_type=\"widget\" data-e-type=\"widget\" data-widget_type=\"heading.default\">\n\t\t\t\t<div class=\"elementor-widget-container\">\n\t\t\t\t\t<h6 class=\"elementor-heading-title elementor-size-default\">Other professional activities:\n\n<\/h6>\t\t\t\t<\/div>\n\t\t\t\t<\/div>\n\t\t\t\t<div class=\"elementor-element elementor-element-3575961 elementor-widget elementor-widget-text-editor\" data-id=\"3575961\" data-element_type=\"widget\" data-e-type=\"widget\" data-widget_type=\"text-editor.default\">\n\t\t\t\t<div class=\"elementor-widget-container\">\n\t\t\t\t\t\t\t\t\tHe has been dealing with environmental issues since 1988, when he participated in the formation of the first environmental movement in Belgrade, and was one of the initiators and participants in the formation of the Ministries of Environmental Protection of the Republic of Serbia and the Federal Republic of Yugoslavia. \t\t\t\t\t\t\t\t<\/div>\n\t\t\t\t<\/div>\n\t\t\t\t\t<\/div>\n\t\t\t\t<\/div>\n\t\t\t\t<\/div>\n\t\t<div id=\"e-n-tab-content-1963439022\" role=\"tabpanel\" aria-labelledby=\"e-n-tab-title-1963439022\" data-tab-index=\"2\" style=\"--n-tabs-title-order: 2;\" class=\" elementor-element elementor-element-bfcab73 e-con-full e-flex e-con e-child\" data-id=\"bfcab73\" data-element_type=\"container\" data-e-type=\"container\">\n\t\t<div class=\"elementor-element elementor-element-f6dae58 e-flex e-con-boxed e-con e-child\" data-id=\"f6dae58\" data-element_type=\"container\" data-e-type=\"container\">\n\t\t\t\t\t<div class=\"e-con-inner\">\n\t\t\t\t\t<\/div>\n\t\t\t\t<\/div>\n\t\t\t\t<\/div>\n\t\t<div id=\"e-n-tab-content-1963439023\" role=\"tabpanel\" aria-labelledby=\"e-n-tab-title-1963439023\" data-tab-index=\"3\" style=\"--n-tabs-title-order: 3;\" class=\" elementor-element elementor-element-de7a964 e-con-full e-flex e-con e-child\" data-id=\"de7a964\" data-element_type=\"container\" data-e-type=\"container\">\n\t\t<div class=\"elementor-element elementor-element-19dc286 e-flex e-con-boxed e-con e-child\" data-id=\"19dc286\" data-element_type=\"container\" data-e-type=\"container\">\n\t\t\t\t\t<div class=\"e-con-inner\">\n\t\t\t\t<div class=\"elementor-element elementor-element-c8098c1 elementor-widget elementor-widget-text-editor\" data-id=\"c8098c1\" data-element_type=\"widget\" data-e-type=\"widget\" data-widget_type=\"text-editor.default\">\n\t\t\t\t<div class=\"elementor-widget-container\">\n\t\t\t\t\t\t\t\t\t<ol>\n  <li>Risti\u0107, R.; Kostadinov, S.; Abolmasov, B.; Dragi\u0107evi\u0107, S.; <strong>Trivan, G.<\/strong>; Radi\u0107, B.; Trifunovi\u0107, M.; Radosavljevi\u0107, Z. (2012): Torrential floods and town and country planning in Serbia. <em>Natural Hazards and Earth System Sciences<\/em>, Vol. 12, No.1, pp. 23\u201335. (ISSN: 1561-8633), <a href=\"https:\/\/doi.org\/10.5194\/nhess-12-23-2012\">DOI: 10.5194\/nhess-12-23-2012<\/a>.  <\/li>\n\n  <li>\u010cakmak, D.; Perovi\u0107, V.; Kresovi\u0107, M.; Jaramaz, D.; Mrvi\u0107, V.; Belanovi\u0107-Simi\u0107, S.; Saljnikov, E.; <strong>Trivan, G.<\/strong> (2018): Spatial distribution of soil pollutants in urban green areas (a case study in Belgrade). <em>Journal of Geochemical Exploration<\/em>, Vol. 188, pp. 308\u2013317. (ISSN: 0375-6742).  <\/li>\n\n  <li>Stankovi\u0107, D.; Krsti\u0107, B.; Igi\u0107, R.; <strong>Trivan, G.<\/strong>; Petrovi\u0107, N.; Jovi\u0107, \u0110. (2011): Concentration of pollutants in the Air, Soil and Plants in the Area of National Park \u201eFru\u0161ka gora\u201c \u2013 Serbia. <em>Fresenius Environmental Bulletin<\/em>, Vol. 20, No. 1. (ISSN: 1018-4619).  <\/li>\n\n  <li>Stankovi\u0107, D.; Krsti\u0107, B.; Orlovi\u0107, S.; <strong>Trivan, G.<\/strong>; Pajnik Poljak, L.; \u0160ija\u010di\u0107 Nikoli\u0107, M. (2011): Woody plants and herbs as bioindicators of the current condition of the natural environment in Serbia. <em>Journal of Medicinal Plants Research<\/em>, Vol. 5, No. 15, pp. 3507\u20133512. <\/li>\n\n  <li>Stankovi\u0107, D.; Jovani\u0107, P.; Krsti\u0107, B.; \u0160ija\u010di\u0107-Nikoli\u0107, M.; <strong>Trivan, G.<\/strong>; Ivanovi\u0107, S.; Vu\u010dini\u0107, A. (2013): Concentration of PAHs in forest ecosystems of the protected natural resource \u201eAvala\u201c. <em>Fresenius Environmental Bulletin<\/em>, Vol. 22, No. 1, pp. 136\u2013141. (ISSN: 1018-4619).  <\/li>\n\n  <li>Risti\u0107, R.; Radi\u0107, B.; Niki\u0107, Z.; <strong>Trivan, G.<\/strong>; Vasiljevi\u0107, N.; Dragi\u0107evi\u0107, S.; \u017divkovi\u0107, N.; Radosavljevi\u0107, Z. (2011): Erosion Control and Protection from Torrential Floods \u2013 Spatial Aspects. <em>SPATIUM-International Review<\/em>, No. 25, pp. 1\u20136. (ISSN: 1450-569X), <a href=\"https:\/\/doi.org\/10.2298\/SPAT1125001R\">DOI: 10.2298\/SPAT1125001R<\/a>. <\/li>\n\n  <li>Risti\u0107, R.; Radi\u0107, B.; Miljanovi\u0107, V.; <strong>Trivan, G.<\/strong>; Ljuji\u0107, M.; Leti\u0107, Lj.; Savi\u0107, R. (2013): \u201cBlue-green\u201d corridors as a tool for mitigation of natural hazards and restoration of urbanized areas: a case study of Belgrade city. <em>SPATIUM-International Review<\/em>, No. 30, pp. 18\u201322. <a href=\"https:\/\/doi.org\/10.2298\/SPAT1330018R\">DOI: 10.2298\/SPAT1330018R<\/a>.<\/li>\n\n  <li>Risti\u0107, R.; Kostadinov, S.; Radi\u0107, B.; <strong>Trivan, G.<\/strong>; Niki\u0107, Z. (2012): Torrential Floods in Serbia \u2013 Man Made and Natural Hazards. In: <em>12th Congress INTERPRAEVENT 2012, Proceedings<\/em>, pg. 771\u2013779. Grenoble, France. (ISBN: 978-3-901164-19-4).    <\/li>\n\n  <li><strong>Trivan, G.<\/strong>; Stankovi\u0107, D.; Jovi\u0107, \u0110.; \u0106irkovi\u0107-Mitrovi\u0107, T. (2010): Per sustainable and unsustainable development from Stockholm to Copenhagen. In: <em>International Scientific Conference \u201cForest Ecosystems and Climate Changes\u201d<\/em>, Proceedings, Volume 1, pp. 207\u2013213. Institute of Forestry, 9\u201310 March 2010, Belgrade. (ISBN: 978-86-80439-22-8).  <\/li>\n\n  <li>Stankovi\u0107, D.; <strong>Trivan, G.<\/strong> (2009): Sustainable development within the concept of multidisciplinary approach of ecology and environmental protection. <em>Topola<\/em>, No. 183\/184, pp. 129\u2013136.<\/li>\n<\/ol>\n\t\t\t\t\t\t\t\t<\/div>\n\t\t\t\t<\/div>\n\t\t\t\t\t<\/div>\n\t\t\t\t<\/div>\n\t\t\t\t<\/div>\n\t\t\t\t\t<\/div>\n\t\t<\/div>\n\t\t\t\t\t\t<\/div>\n\t\t\t\t<\/div>\n\t\t\t\t<\/div>\n\t\t\t\t\t<\/div>\n\t\t\t\t<\/div>\n\t\t\t\t<\/div>\n\t\t","protected":false},"excerpt":{"rendered":"<p>Research Associate Professor Goran Trivan PhD in Biotechnical Sciences Department of Life Sciences Contact: Telephone: (+381) 11 3555-258 E-Mail: goran.trivan@imsi.bg.ac.rs [&hellip;]<\/p>\n","protected":false},"author":1,"featured_media":0,"parent":27228,"menu_order":0,"comment_status":"closed","ping_status":"closed","template":"","meta":{"site-sidebar-layout":"no-sidebar","site-content-layout":"","ast-site-content-layout":"full-width-container","site-content-style":"default","site-sidebar-style":"default","ast-global-header-display":"","ast-banner-title-visibility":"","ast-main-header-display":"","ast-hfb-above-header-display":"","ast-hfb-below-header-display":"","ast-hfb-mobile-header-display":"","site-post-title":"disabled","ast-breadcrumbs-content":"","ast-featured-img":"disabled","footer-sml-layout":"","ast-disable-related-posts":"","theme-transparent-header-meta":"","adv-header-id-meta":"","stick-header-meta":"","header-above-stick-meta":"","header-main-stick-meta":"","header-below-stick-meta":"","astra-migrate-meta-layouts":"default","ast-page-background-enabled":"default","ast-page-background-meta":{"desktop":{"background-color":"var(--ast-global-color-5)","background-image":"","background-repeat":"repeat","background-position":"center center","background-size":"auto","background-attachment":"scroll","background-type":"","background-media":"","overlay-type":"","overlay-color":"","overlay-opacity":"","overlay-gradient":""},"tablet":{"background-color":"","background-image":"","background-repeat":"repeat","background-position":"center center","background-size":"auto","background-attachment":"scroll","background-type":"","background-media":"","overlay-type":"","overlay-color":"","overlay-opacity":"","overlay-gradient":""},"mobile":{"background-color":"","background-image":"","background-repeat":"repeat","background-position":"center center","background-size":"auto","background-attachment":"scroll","background-type":"","background-media":"","overlay-type":"","overlay-color":"","overlay-opacity":"","overlay-gradient":""}},"ast-content-background-meta":{"desktop":{"background-color":"var(--ast-global-color-4)","background-image":"","background-repeat":"repeat","background-position":"center center","background-size":"auto","background-attachment":"scroll","background-type":"","background-media":"","overlay-type":"","overlay-color":"","overlay-opacity":"","overlay-gradient":""},"tablet":{"background-color":"var(--ast-global-color-4)","background-image":"","background-repeat":"repeat","background-position":"center center","background-size":"auto","background-attachment":"scroll","background-type":"","background-media":"","overlay-type":"","overlay-color":"","overlay-opacity":"","overlay-gradient":""},"mobile":{"background-color":"var(--ast-global-color-4)","background-image":"","background-repeat":"repeat","background-position":"center center","background-size":"auto","background-attachment":"scroll","background-type":"","background-media":"","overlay-type":"","overlay-color":"","overlay-opacity":"","overlay-gradient":""}},"footnotes":""},"class_list":["post-27794","page","type-page","status-publish","hentry"],"_links":{"self":[{"href":"https:\/\/www.imsi.bg.ac.rs\/en\/wp-json\/wp\/v2\/pages\/27794","targetHints":{"allow":["GET"]}}],"collection":[{"href":"https:\/\/www.imsi.bg.ac.rs\/en\/wp-json\/wp\/v2\/pages"}],"about":[{"href":"https:\/\/www.imsi.bg.ac.rs\/en\/wp-json\/wp\/v2\/types\/page"}],"author":[{"embeddable":true,"href":"https:\/\/www.imsi.bg.ac.rs\/en\/wp-json\/wp\/v2\/users\/1"}],"replies":[{"embeddable":true,"href":"https:\/\/www.imsi.bg.ac.rs\/en\/wp-json\/wp\/v2\/comments?post=27794"}],"version-history":[{"count":1,"href":"https:\/\/www.imsi.bg.ac.rs\/en\/wp-json\/wp\/v2\/pages\/27794\/revisions"}],"predecessor-version":[{"id":27795,"href":"https:\/\/www.imsi.bg.ac.rs\/en\/wp-json\/wp\/v2\/pages\/27794\/revisions\/27795"}],"up":[{"embeddable":true,"href":"https:\/\/www.imsi.bg.ac.rs\/en\/wp-json\/wp\/v2\/pages\/27228"}],"wp:attachment":[{"href":"https:\/\/www.imsi.bg.ac.rs\/en\/wp-json\/wp\/v2\/media?parent=27794"}],"curies":[{"name":"wp","href":"https:\/\/api.w.org\/{rel}","templated":true}]}}