{"id":25743,"date":"2025-07-26T10:24:43","date_gmt":"2025-07-26T10:24:43","guid":{"rendered":"https:\/\/www.imsi.bg.ac.rs\/joint-affairs-service\/"},"modified":"2026-02-21T23:52:47","modified_gmt":"2026-02-21T23:52:47","slug":"joint-affairs","status":"publish","type":"page","link":"https:\/\/www.imsi.bg.ac.rs\/en\/joint-affairs\/","title":{"rendered":"Joint Affairs"},"content":{"rendered":"\t\t<div data-elementor-type=\"wp-page\" data-elementor-id=\"25743\" class=\"elementor elementor-25743 elementor-17208\">\n\t\t\t\t<div class=\"elementor-element elementor-element-44beeaa e-flex e-con-boxed e-con e-parent\" data-id=\"44beeaa\" data-element_type=\"container\" data-e-type=\"container\" data-settings=\"{&quot;background_background&quot;:&quot;classic&quot;}\">\n\t\t\t\t\t<div class=\"e-con-inner\">\n\t\t\t\t<div class=\"elementor-element elementor-element-6961c04 elementor-widget elementor-widget-heading\" data-id=\"6961c04\" data-element_type=\"widget\" data-e-type=\"widget\" data-widget_type=\"heading.default\">\n\t\t\t\t<div class=\"elementor-widget-container\">\n\t\t\t\t\t<h3 class=\"elementor-heading-title elementor-size-default\">Joint Affairs\n<\/h3>\t\t\t\t<\/div>\n\t\t\t\t<\/div>\n\t\t\t\t<div class=\"elementor-element elementor-element-7411702 elementor-widget elementor-widget-text-editor\" data-id=\"7411702\" data-element_type=\"widget\" data-e-type=\"widget\" data-widget_type=\"text-editor.default\">\n\t\t\t\t<div class=\"elementor-widget-container\">\n\t\t\t\t\t\t\t\t\t<ul><li>Assistant Director for Joint Affairs<br><strong>Mr. Radmila Jovkovi\u0107<\/strong><br><a href=\"mailto:rjovkovic@imsi.rs\">rjovkovic@imsi.rs<\/a><br><a href=\"tel:011\/3058-955\">011\/3058-955<\/a><\/li><\/ul>\t\t\t\t\t\t\t\t<\/div>\n\t\t\t\t<\/div>\n\t\t\t\t<div class=\"elementor-element elementor-element-84a51ad elementor-widget elementor-widget-heading\" data-id=\"84a51ad\" data-element_type=\"widget\" data-e-type=\"widget\" data-widget_type=\"heading.default\">\n\t\t\t\t<div class=\"elementor-widget-container\">\n\t\t\t\t\t<h3 class=\"elementor-heading-title elementor-size-default\">1. Group for Legal, Administrative and Other General Affairs <\/h3>\t\t\t\t<\/div>\n\t\t\t\t<\/div>\n\t\t\t\t<div class=\"elementor-element elementor-element-bad49a8 no-extra-list-space elementor-widget elementor-widget-text-editor\" data-id=\"bad49a8\" data-element_type=\"widget\" data-e-type=\"widget\" data-widget_type=\"text-editor.default\">\n\t\t\t\t<div class=\"elementor-widget-container\">\n\t\t\t\t\t\t\t\t\t<ul><li>Secretary of the Institute<br><strong>Darinka Milovanovi\u0107<\/strong><br><a href=\"mailto:darinka.milovanovic@imsi.bg.ac.rs\">darinka.milovanovic@imsi.bg.ac.rs<\/a><br><a href=\"tel:011\/3056-811\">011\/3056-811<\/a><\/li><\/ul>\t\t\t\t\t\t\t\t<\/div>\n\t\t\t\t<\/div>\n\t\t\t\t<div class=\"elementor-element elementor-element-6243618 no-extra-list-space elementor-widget elementor-widget-text-editor\" data-id=\"6243618\" data-element_type=\"widget\" data-e-type=\"widget\" data-widget_type=\"text-editor.default\">\n\t\t\t\t<div class=\"elementor-widget-container\">\n\t\t\t\t\t\t\t\t\t<ul>\n \t<li>Public procurement officer<br><strong>Ivan An\u0111elkovi\u0107<\/strong><br><a href=\"mailto:ivanandjelkovic@imsi.bg.ac.rs\">ivanandjelkovic@imsi.bg.ac.rs<\/a><br><a href=\"tel:011\/3056-810\">011\/3056-810<\/a><\/li>\n<\/ul>\t\t\t\t\t\t\t\t<\/div>\n\t\t\t\t<\/div>\n\t\t\t\t<div class=\"elementor-element elementor-element-60f0ad9 no-extra-list-space elementor-widget elementor-widget-text-editor\" data-id=\"60f0ad9\" data-element_type=\"widget\" data-e-type=\"widget\" data-widget_type=\"text-editor.default\">\n\t\t\t\t<div class=\"elementor-widget-container\">\n\t\t\t\t\t\t\t\t\t<ul>\n \t<li>Officer for International Projects<br><strong>Ana Jovi\u0107<\/strong><br><a href=\"mailto:ana.jovic@imsi.bg.ac.rs\">ana.jovic@imsi.bg.ac.rs<\/a><br><a href=\"tel:011\/3058-955\">011\/3058-955<\/a><\/li>\n<\/ul>\t\t\t\t\t\t\t\t<\/div>\n\t\t\t\t<\/div>\n\t\t\t\t<div class=\"elementor-element elementor-element-95ffdb2 no-extra-list-space elementor-widget elementor-widget-text-editor\" data-id=\"95ffdb2\" data-element_type=\"widget\" data-e-type=\"widget\" data-widget_type=\"text-editor.default\">\n\t\t\t\t<div class=\"elementor-widget-container\">\n\t\t\t\t\t\t\t\t\t<ul>\n \t<li>Officer for International Cooperation<br><strong>Nikola Lazi\u0107<\/strong><br><a href=\"mailto:nikola.lazic@imsi.bg.ac.rs\">nikola.lazic@imsi.bg.ac.rs<\/a><br><a href=\"tel:011\/3056-811\">011\/3056-811<\/a><\/li>\n<\/ul>\t\t\t\t\t\t\t\t<\/div>\n\t\t\t\t<\/div>\n\t\t\t\t<div class=\"elementor-element elementor-element-ce71105 no-extra-list-space elementor-widget elementor-widget-text-editor\" data-id=\"ce71105\" data-element_type=\"widget\" data-e-type=\"widget\" data-widget_type=\"text-editor.default\">\n\t\t\t\t<div class=\"elementor-widget-container\">\n\t\t\t\t\t\t\t\t\t<ul>\n \t<li>Officer for scientific and educational activities<br><strong>Aleksandra Pe\u0161i\u0107<\/strong><br><a href=\"mailto:apesic@imsi.rs\">apesic@imsi.rs<\/a><br><a href=\"tel:011\/3058-953\">011\/3058-953<\/a><\/li>\n<\/ul>\t\t\t\t\t\t\t\t<\/div>\n\t\t\t\t<\/div>\n\t\t\t\t<div class=\"elementor-element elementor-element-c4ba439 no-extra-list-space elementor-widget elementor-widget-text-editor\" data-id=\"c4ba439\" data-element_type=\"widget\" data-e-type=\"widget\" data-widget_type=\"text-editor.default\">\n\t\t\t\t<div class=\"elementor-widget-container\">\n\t\t\t\t\t\t\t\t\t<ul>\n \t<li>Officer for legal, personnel, administrative\/general and library affairs<br><strong>Aleksandar Velickovi\u0107<\/strong><br><a href=\"mailto:avelickovic@imsi.bg.ac.rs\">avelickovic@imsi.bg.ac.rs<\/a><br><a href=\"tel:011\/3056-811\">011\/3056-811<\/a><\/li>\n<\/ul>\t\t\t\t\t\t\t\t<\/div>\n\t\t\t\t<\/div>\n\t\t\t\t<div class=\"elementor-element elementor-element-9d1c58f no-extra-list-space elementor-widget elementor-widget-text-editor\" data-id=\"9d1c58f\" data-element_type=\"widget\" data-e-type=\"widget\" data-widget_type=\"text-editor.default\">\n\t\t\t\t<div class=\"elementor-widget-container\">\n\t\t\t\t\t\t\t\t\t<ul>\n \t<li>System engineer<br><strong>Sini\u0161a Veli\u010dkovi\u0107<\/strong><br><a href=\"mailto:sinisa@imsi.rs\">sinisa@imsi.rs<\/a><br><a href=\"tel:011\/2078-458\">011\/2078-458<\/a><\/li>\n<\/ul>\t\t\t\t\t\t\t\t<\/div>\n\t\t\t\t<\/div>\n\t\t\t\t<div class=\"elementor-element elementor-element-d0cf658 no-extra-list-space elementor-widget elementor-widget-text-editor\" data-id=\"d0cf658\" data-element_type=\"widget\" data-e-type=\"widget\" data-widget_type=\"text-editor.default\">\n\t\t\t\t<div class=\"elementor-widget-container\">\n\t\t\t\t\t\t\t\t\t<ul>\n \t<li>System engineer<br><strong>Aleksandar \u0160o\u0161ki\u0107<\/strong><br><a href=\"mailto:asoskic@imsi.bg.ac.rs\">asoskic@imsi.bg.ac.rs<\/a><br><a href=\"tel:011\/2078-458\">011\/2078-458<\/a><\/li>\n<\/ul>\t\t\t\t\t\t\t\t<\/div>\n\t\t\t\t<\/div>\n\t\t\t\t<div class=\"elementor-element elementor-element-e762007 no-extra-list-space elementor-widget elementor-widget-text-editor\" data-id=\"e762007\" data-element_type=\"widget\" data-e-type=\"widget\" data-widget_type=\"text-editor.default\">\n\t\t\t\t<div class=\"elementor-widget-container\">\n\t\t\t\t\t\t\t\t\t<ul>\n \t<li>Technical secretary<br><strong>Tatjana Biorac<\/strong><br><a href=\"mailto:tatjana_biorac@imsi.bg.ac.rs\">tatjana_biorac@imsi.bg.ac.rs<\/a><br><a href=\"tel:011\/3555-258\">011\/3555-258<\/a><\/li>\n<\/ul>\t\t\t\t\t\t\t\t<\/div>\n\t\t\t\t<\/div>\n\t\t\t\t<div class=\"elementor-element elementor-element-8aa94b2 no-extra-list-space elementor-widget elementor-widget-text-editor\" data-id=\"8aa94b2\" data-element_type=\"widget\" data-e-type=\"widget\" data-widget_type=\"text-editor.default\">\n\t\t\t\t<div class=\"elementor-widget-container\">\n\t\t\t\t\t\t\t\t\t<ul>\n \t<li>Technician<br><strong>Dragan Tasi\u0107<\/strong><br><a href=\"mailto:tasa@imsi.rs\">tasa@imsi.rs<\/a><br><a href=\"mailto:tasa@imsi.bg.ac.rs\">tasa@imsi.bg.ac.rs<\/a><br><a href=\"tel:011\/2085-041\">011\/2085-041<\/a><\/li>\n<\/ul>\t\t\t\t\t\t\t\t<\/div>\n\t\t\t\t<\/div>\n\t\t\t\t<div class=\"elementor-element elementor-element-a410424 elementor-widget elementor-widget-heading\" data-id=\"a410424\" data-element_type=\"widget\" data-e-type=\"widget\" data-widget_type=\"heading.default\">\n\t\t\t\t<div class=\"elementor-widget-container\">\n\t\t\t\t\t<h3 class=\"elementor-heading-title elementor-size-default\">2. Group for Financial and Accounting Affairs<\/h3>\t\t\t\t<\/div>\n\t\t\t\t<\/div>\n\t\t\t\t<div class=\"elementor-element elementor-element-363de6b no-extra-list-space elementor-widget elementor-widget-text-editor\" data-id=\"363de6b\" data-element_type=\"widget\" data-e-type=\"widget\" data-widget_type=\"text-editor.default\">\n\t\t\t\t<div class=\"elementor-widget-container\">\n\t\t\t\t\t\t\t\t\t<ul>\n \t<li>Head of Accounting<br><strong>Maja Desnica<\/strong><br><a href=\"mailto:maja.desnica@imsi.bg.ac.rs\">maja.desnica@imsi.bg.ac.rs<\/a><br><a href=\"tel:011\/3058-954\">011\/3058-954<\/a><\/li>\n<\/ul>\t\t\t\t\t\t\t\t<\/div>\n\t\t\t\t<\/div>\n\t\t\t\t<div class=\"elementor-element elementor-element-64d119f no-extra-list-space elementor-widget elementor-widget-text-editor\" data-id=\"64d119f\" data-element_type=\"widget\" data-e-type=\"widget\" data-widget_type=\"text-editor.default\">\n\t\t\t\t<div class=\"elementor-widget-container\">\n\t\t\t\t\t\t\t\t\t<ul><li>Officer for financial and accounting affairs<br><b>Vesna Dra\u0161kovi\u0107<\/b><br><a href=\"mailto:vesna.draskovic@imsi.bg.ac.rs\">vesna.draskovic@imsi.bg.ac.rs<\/a><br><a href=\"tel:011\/3058-954\">011\/3058-954<\/a><\/li><\/ul>\t\t\t\t\t\t\t\t<\/div>\n\t\t\t\t<\/div>\n\t\t\t\t<div class=\"elementor-element elementor-element-399aac1 no-extra-list-space elementor-widget elementor-widget-text-editor\" data-id=\"399aac1\" data-element_type=\"widget\" data-e-type=\"widget\" data-widget_type=\"text-editor.default\">\n\t\t\t\t<div class=\"elementor-widget-container\">\n\t\t\t\t\t\t\t\t\t<ul><li>Liquidator<br><strong>Sara Radovanovi\u0107<\/strong><br><a href=\"mailto:sara@imsi.bg.ac.rs\">sara@imsi.bg.ac.rs<\/a><br><a href=\"tel:011\/3058-954\">011\/3058-954<\/a><\/li><\/ul>\t\t\t\t\t\t\t\t<\/div>\n\t\t\t\t<\/div>\n\t\t\t\t<div class=\"elementor-element elementor-element-91ebbdb no-extra-list-space elementor-widget elementor-widget-text-editor\" data-id=\"91ebbdb\" data-element_type=\"widget\" data-e-type=\"widget\" data-widget_type=\"text-editor.default\">\n\t\t\t\t<div class=\"elementor-widget-container\">\n\t\t\t\t\t\t\t\t\t<ul><li>Technician<br><strong>Radmila Kalaj\u017ei\u0107<\/strong><br><a href=\"mailto:kalajzic@imsi.bg.ac.rs\">kalajzic@imsi.bg.ac.rs<\/a><br><a href=\"tel:011\/3058-954\">011\/3058-954<\/a><\/li><\/ul>\t\t\t\t\t\t\t\t<\/div>\n\t\t\t\t<\/div>\n\t\t\t\t<div class=\"elementor-element elementor-element-7c8a9bf elementor-widget elementor-widget-heading\" data-id=\"7c8a9bf\" data-element_type=\"widget\" data-e-type=\"widget\" data-widget_type=\"heading.default\">\n\t\t\t\t<div class=\"elementor-widget-container\">\n\t\t\t\t\t<h3 class=\"elementor-heading-title elementor-size-default\">3. Cleaner\/Courier<\/h3>\t\t\t\t<\/div>\n\t\t\t\t<\/div>\n\t\t\t\t<div class=\"elementor-element elementor-element-cc5b29f no-extra-list-space elementor-widget elementor-widget-text-editor\" data-id=\"cc5b29f\" data-element_type=\"widget\" data-e-type=\"widget\" data-widget_type=\"text-editor.default\">\n\t\t\t\t<div class=\"elementor-widget-container\">\n\t\t\t\t\t\t\t\t\t<ul>\n \t<li><strong>Danijela Mari\u0107<\/strong><br><a href=\"mailto:danijela.maric@imsi.rs\">danijela.maric@imsi.rs<\/a><\/li>\n<\/ul>\t\t\t\t\t\t\t\t<\/div>\n\t\t\t\t<\/div>\n\t\t\t\t\t<\/div>\n\t\t\t\t<\/div>\n\t\t\t\t<\/div>\n\t\t","protected":false},"excerpt":{"rendered":"<p>Joint Affairs Assistant Director for Joint AffairsMr. Radmila Jovkovi\u0107rjovkovic@imsi.rs011\/3058-955 1. Group for Legal, Administrative and Other General Affairs Secretary of [&hellip;]<\/p>\n","protected":false},"author":1,"featured_media":0,"parent":0,"menu_order":0,"comment_status":"closed","ping_status":"closed","template":"elementor_header_footer","meta":{"site-sidebar-layout":"no-sidebar","site-content-layout":"","ast-site-content-layout":"full-width-container","site-content-style":"default","site-sidebar-style":"default","ast-global-header-display":"","ast-banner-title-visibility":"","ast-main-header-display":"","ast-hfb-above-header-display":"","ast-hfb-below-header-display":"","ast-hfb-mobile-header-display":"","site-post-title":"disabled","ast-breadcrumbs-content":"","ast-featured-img":"disabled","footer-sml-layout":"","ast-disable-related-posts":"","theme-transparent-header-meta":"","adv-header-id-meta":"","stick-header-meta":"","header-above-stick-meta":"","header-main-stick-meta":"","header-below-stick-meta":"","astra-migrate-meta-layouts":"default","ast-page-background-enabled":"default","ast-page-background-meta":{"desktop":{"background-color":"var(--ast-global-color-5)","background-image":"","background-repeat":"repeat","background-position":"center center","background-size":"auto","background-attachment":"scroll","background-type":"","background-media":"","overlay-type":"","overlay-color":"","overlay-opacity":"","overlay-gradient":""},"tablet":{"background-color":"","background-image":"","background-repeat":"repeat","background-position":"center center","background-size":"auto","background-attachment":"scroll","background-type":"","background-media":"","overlay-type":"","overlay-color":"","overlay-opacity":"","overlay-gradient":""},"mobile":{"background-color":"","background-image":"","background-repeat":"repeat","background-position":"center center","background-size":"auto","background-attachment":"scroll","background-type":"","background-media":"","overlay-type":"","overlay-color":"","overlay-opacity":"","overlay-gradient":""}},"ast-content-background-meta":{"desktop":{"background-color":"var(--ast-global-color-4)","background-image":"","background-repeat":"repeat","background-position":"center center","background-size":"auto","background-attachment":"scroll","background-type":"","background-media":"","overlay-type":"","overlay-color":"","overlay-opacity":"","overlay-gradient":""},"tablet":{"background-color":"var(--ast-global-color-4)","background-image":"","background-repeat":"repeat","background-position":"center center","background-size":"auto","background-attachment":"scroll","background-type":"","background-media":"","overlay-type":"","overlay-color":"","overlay-opacity":"","overlay-gradient":""},"mobile":{"background-color":"var(--ast-global-color-4)","background-image":"","background-repeat":"repeat","background-position":"center center","background-size":"auto","background-attachment":"scroll","background-type":"","background-media":"","overlay-type":"","overlay-color":"","overlay-opacity":"","overlay-gradient":""}},"footnotes":""},"class_list":["post-25743","page","type-page","status-publish","hentry"],"_links":{"self":[{"href":"https:\/\/www.imsi.bg.ac.rs\/en\/wp-json\/wp\/v2\/pages\/25743","targetHints":{"allow":["GET"]}}],"collection":[{"href":"https:\/\/www.imsi.bg.ac.rs\/en\/wp-json\/wp\/v2\/pages"}],"about":[{"href":"https:\/\/www.imsi.bg.ac.rs\/en\/wp-json\/wp\/v2\/types\/page"}],"author":[{"embeddable":true,"href":"https:\/\/www.imsi.bg.ac.rs\/en\/wp-json\/wp\/v2\/users\/1"}],"replies":[{"embeddable":true,"href":"https:\/\/www.imsi.bg.ac.rs\/en\/wp-json\/wp\/v2\/comments?post=25743"}],"version-history":[{"count":5,"href":"https:\/\/www.imsi.bg.ac.rs\/en\/wp-json\/wp\/v2\/pages\/25743\/revisions"}],"predecessor-version":[{"id":27799,"href":"https:\/\/www.imsi.bg.ac.rs\/en\/wp-json\/wp\/v2\/pages\/25743\/revisions\/27799"}],"wp:attachment":[{"href":"https:\/\/www.imsi.bg.ac.rs\/en\/wp-json\/wp\/v2\/media?parent=25743"}],"curies":[{"name":"wp","href":"https:\/\/api.w.org\/{rel}","templated":true}]}}